{"id":9721,"date":"2020-11-26T19:34:29","date_gmt":"2020-11-26T22:34:29","guid":{"rendered":"http:\/\/www.tecnocal.com\/?page_id=9721"},"modified":"2021-03-08T17:21:50","modified_gmt":"2021-03-08T20:21:50","slug":"home","status":"publish","type":"page","link":"https:\/\/tecnocal.com\/en\/","title":{"rendered":"Home (New)"},"content":{"rendered":"<div class=\"vc_row wpb_row vc_row-fluid bg-light pt0 pb0 not-equal not-color\"><div class=\"\"><div class=\"row  vertical-flex\"><div class=\"wpb_column vc_column_container vc_col-sm-12\"><div class=\"vc_column-inner\"><div class=\"wpb_wrapper\">\n\t\t\t<!-- START Home Slider 2 REVOLUTION SLIDER 6.2.15 --><p class=\"rs-p-wp-fix\"><\/p>\n\t\t\t<rs-module-wrap id=\"rev_slider_2_1_wrapper\" data-source=\"gallery\" style=\"background:transparent;padding:0;margin:0px auto;margin-top:0;margin-bottom:0;\">\n\t\t\t\t<rs-module id=\"rev_slider_2_1\" style=\"\" data-version=\"6.2.15\">\n\t\t\t\t\t<rs-slides>\n\t\t\t\t\t\t<rs-slide data-key=\"rs-32\" data-title=\"Slide\" data-thumb=\"\/\/www.tecnocal.com\/wp-content\/uploads\/2021\/03\/header_29-2.jpg\" data-duration=\"6750\" data-anim=\"ei:d;eo:none;s:d;r:0;t:3dcurtain-horizontal;sl:d;\" data-mediafilter=\"lofi\">\n\t\t\t\t\t\t\t<img src=\"\/\/www.tecnocal.com\/wp-content\/uploads\/2021\/03\/header_29-2.jpg\" title=\"Aniversario\" width=\"1920\" height=\"1080\" class=\"rev-slidebg\" data-no-retina>\n<!---->\t\t\t\t\t\t<\/rs-slide>\n\t\t\t\t\t\t<rs-slide data-key=\"rs-3\" data-title=\"Slide\" data-thumb=\"\/\/www.tecnocal.com\/wp-content\/uploads\/2020\/07\/1jpLfKYFReg-VuDdR0TBUQw-scaled.jpeg\" data-duration=\"5630\" data-anim=\"ei:d;eo:none;s:d;r:0;t:3dcurtain-horizontal;sl:d;\" data-mediafilter=\"reyes\">\n\t\t\t\t\t\t\t<img src=\"\/\/www.tecnocal.com\/wp-content\/uploads\/2020\/07\/1jpLfKYFReg-VuDdR0TBUQw-scaled.jpeg\" title=\"1*jpLfKYFReg-VuDdR0TBUQw\" width=\"2560\" height=\"1738\" class=\"rev-slidebg\" data-no-retina>\n<!--\n\t\t\t\t\t\t\t--><rs-layer\n\t\t\t\t\t\t\t\tid=\"slider-2-slide-3-layer-1\" \n\t\t\t\t\t\t\t\tdata-type=\"text\"\n\t\t\t\t\t\t\t\tdata-color=\"#dddddd||#ffffff||#ffffff||#ffffff\"\n\t\t\t\t\t\t\t\tdata-rsp_ch=\"on\"\n\t\t\t\t\t\t\t\tdata-xy=\"xo:3px,30px,30px,10px;y:m;yo:113px,-122px,-218px,-120px;\"\n\t\t\t\t\t\t\t\tdata-text=\"s:70,50,50,30;l:75,60,50,40;\"\n\t\t\t\t\t\t\t\tdata-frame_1=\"e:power4.inOut;st:306;sp:1250;sR:490;\"\n\t\t\t\t\t\t\t\tdata-frame_1_sfx=\"se:blocktoright;\"\n\t\t\t\t\t\t\t\tdata-frame_999=\"o:0;e:nothing;st:5625;sp:188;sR:6510;\"\n\t\t\t\t\t\t\t\tstyle=\"z-index:8;font-family:Fira Sans;\"\n\t\t\t\t\t\t\t>Developing technologies \n\t\t\t\t\t\t\t<\/rs-layer><!--\n\n\t\t\t\t\t\t\t--><rs-layer\n\t\t\t\t\t\t\t\tid=\"slider-2-slide-3-layer-3\" \n\t\t\t\t\t\t\t\tdata-type=\"text\"\n\t\t\t\t\t\t\t\tdata-color=\"#dddddd||#ffffff||#ffffff||#ffffff\"\n\t\t\t\t\t\t\t\tdata-rsp_ch=\"on\"\n\t\t\t\t\t\t\t\tdata-xy=\"xo:3px,30px,30px,9px;y:m;yo:190px,-61px,-157px,-82px;\"\n\t\t\t\t\t\t\t\tdata-text=\"s:70,50,50,30;l:85,50,50,40;\"\n\t\t\t\t\t\t\t\tdata-frame_0=\"o:1;\"\n\t\t\t\t\t\t\t\tdata-frame_0_sfx=\"se:blocktoright;\"\n\t\t\t\t\t\t\t\tdata-frame_1=\"e:power4.inOut;st:138;sp:1250;sR:220;\"\n\t\t\t\t\t\t\t\tdata-frame_1_sfx=\"se:blocktoright;\"\n\t\t\t\t\t\t\t\tdata-frame_999=\"o:0;e:nothing;st:5625;sp:188;sR:6780;\"\n\t\t\t\t\t\t\t\tstyle=\"z-index:10;font-family:Fira Sans;\"\n\t\t\t\t\t\t\t>for industries looking ahead \n\t\t\t\t\t\t\t<\/rs-layer><!--\n\n\t\t\t\t\t\t\t--><rs-layer\n\t\t\t\t\t\t\t\tid=\"slider-2-slide-3-layer-5\" \n\t\t\t\t\t\t\t\tdata-type=\"text\"\n\t\t\t\t\t\t\t\tdata-color=\"#dddddd||#ffffff||#ffffff||#ffffff\"\n\t\t\t\t\t\t\t\tdata-rsp_ch=\"on\"\n\t\t\t\t\t\t\t\tdata-xy=\"xo:4px,30px,29px,10px;y:m;yo:274px,-10px,-107px,-43px;\"\n\t\t\t\t\t\t\t\tdata-text=\"s:70,50,50,30;l:85,50,50,40;\"\n\t\t\t\t\t\t\t\tdata-frame_0=\"o:1;\"\n\t\t\t\t\t\t\t\tdata-frame_0_sfx=\"se:blocktoright;\"\n\t\t\t\t\t\t\t\tdata-frame_1=\"e:power4.inOut;st:244;sp:1250;sR:390;\"\n\t\t\t\t\t\t\t\tdata-frame_1_sfx=\"se:blocktoright;\"\n\t\t\t\t\t\t\t\tdata-frame_999=\"o:0;e:nothing;st:5625;sp:188;sR:6610;\"\n\t\t\t\t\t\t\t\tstyle=\"z-index:9;font-family:Fira Sans;\"\n\t\t\t\t\t\t\t>to Society 5.0 \n\t\t\t\t\t\t\t<\/rs-layer><!--\n-->\t\t\t\t\t\t<\/rs-slide>\n\t\t\t\t\t<\/rs-slides>\n\t\t\t\t\t<rs-static-layers><!--\n\t\t\t\t\t--><\/rs-static-layers>\n\t\t\t\t<\/rs-module>\n\t\t\t\t<script type=\"text\/javascript\">\n\t\t\t\t\tsetREVStartSize({c: 'rev_slider_2_1',rl:[1240,1024,778,480],el:[825,768,960,720],gw:[1240,1024,778,480],gh:[825,768,960,720],type:'standard',justify:'',layout:'fullwidth',mh:\"0\"});\n\t\t\t\t\tvar\trevapi2,\n\t\t\t\t\t\ttpj;\n\t\t\t\t\tjQuery(function() {\n\t\t\t\t\t\ttpj = jQuery;\n\t\t\t\t\t\trevapi2 = tpj(\"#rev_slider_2_1\")\n\t\t\t\t\t\tif(revapi2==undefined || revapi2.revolution == undefined){\n\t\t\t\t\t\t\trevslider_showDoubleJqueryError(\"rev_slider_2_1\");\n\t\t\t\t\t\t}else{\n\t\t\t\t\t\t\trevapi2.revolution({\n\t\t\t\t\t\t\t\tsliderLayout:\"fullwidth\",\n\t\t\t\t\t\t\t\tvisibilityLevels:\"1240,1024,778,480\",\n\t\t\t\t\t\t\t\tgridwidth:\"1240,1024,778,480\",\n\t\t\t\t\t\t\t\tgridheight:\"825,768,960,720\",\n\t\t\t\t\t\t\t\tspinner:\"spinner3\",\n\t\t\t\t\t\t\t\tperspective:600,\n\t\t\t\t\t\t\t\tperspectiveType:\"local\",\n\t\t\t\t\t\t\t\teditorheight:\"825,768,960,720\",\n\t\t\t\t\t\t\t\tresponsiveLevels:\"1240,1024,778,480\",\n\t\t\t\t\t\t\t\tprogressBar: {\n\t\t\t\t\t\t\t\t\tcolor:\"rgba(0,0,0,0.15)\",\n\t\t\t\t\t\t\t\t\tvertical:\"top\",\n\t\t\t\t\t\t\t\t\tsize:5,\n\t\t\t\t\t\t\t\t\tx:0,\n\t\t\t\t\t\t\t\t\ty:0\n\t\t\t\t\t\t\t\t},\n\t\t\t\t\t\t\t\tnavigation: {\n\t\t\t\t\t\t\t\t\tmouseScrollNavigation:false,\n\t\t\t\t\t\t\t\t\tonHoverStop:false,\n\t\t\t\t\t\t\t\t\tarrows: {\n\t\t\t\t\t\t\t\t\t\tenable:true,\n\t\t\t\t\t\t\t\t\t\ttmp:\"<div class=\\\"tp-title-wrap\\\">  \t<div class=\\\"tp-arr-imgholder\\\"><\/div> <\/div>\",\n\t\t\t\t\t\t\t\t\t\tstyle:\"zeus\",\n\t\t\t\t\t\t\t\t\t\thide_onmobile:true,\n\t\t\t\t\t\t\t\t\t\thide_under:\"600px\",\n\t\t\t\t\t\t\t\t\t\tleft: {\n\n\t\t\t\t\t\t\t\t\t\t},\n\t\t\t\t\t\t\t\t\t\tright: {\n\n\t\t\t\t\t\t\t\t\t\t}\n\t\t\t\t\t\t\t\t\t}\n\t\t\t\t\t\t\t\t},\n\t\t\t\t\t\t\t\tfallbacks: {\n\t\t\t\t\t\t\t\t\tallowHTML5AutoPlayOnAndroid:true\n\t\t\t\t\t\t\t\t},\n\t\t\t\t\t\t\t});\n\t\t\t\t\t\t}\n\t\t\t\t\t\t\n\t\t\t\t\t});\n\t\t\t\t<\/script>\n\t\t\t\t<script>\n\t\t\t\t\tvar htmlDivCss = unescape(\"rs-slides%20rs-sbg-wrap%3Aafter%2C%20.rev_slider%20rs-sbg-wrap%3Aafter%2C%20.rev_slider%20rs-sbg-wrap%20.kenburnimg%20img%3Aafter%20%7B%0A%20%20%20%20width%3A%20100%25%3B%20height%3A%20100%25%3B%20content%3A%20%22%22%3B%20position%3A%20absolute%3B%20left%3A%200%3B%20top%3A%200%3B%20pointer-events%3A%20none%3B%20z-index%3A%2099%3B%20background%3A%20rgba%280%2C0%2C0%2C.3%29%3B%0A%7D\");\n\t\t\t\t\tvar htmlDiv = document.getElementById('rs-plugin-settings-inline-css');\n\t\t\t\t\tif(htmlDiv) {\n\t\t\t\t\t\thtmlDiv.innerHTML = htmlDiv.innerHTML + htmlDivCss;\n\t\t\t\t\t}else{\n\t\t\t\t\t\tvar htmlDiv = document.createElement('div');\n\t\t\t\t\t\thtmlDiv.innerHTML = '<style>' + htmlDivCss + '<\/style>';\n\t\t\t\t\t\tdocument.getElementsByTagName('head')[0].appendChild(htmlDiv.childNodes[0]);\n\t\t\t\t\t}\n\t\t\t\t<\/script>\n\t\t\t\t<script>\n\t\t\t\t\tvar htmlDivCss = '\t#rev_slider_2_1_wrapper rs-loader.spinner3 div { background-color: #2b2b2b !important; } ';\n\t\t\t\t\tvar htmlDiv = document.getElementById('rs-plugin-settings-inline-css');\n\t\t\t\t\tif(htmlDiv) {\n\t\t\t\t\t\thtmlDiv.innerHTML = htmlDiv.innerHTML + htmlDivCss;\n\t\t\t\t\t}else{\n\t\t\t\t\t\tvar htmlDiv = document.createElement('div');\n\t\t\t\t\t\thtmlDiv.innerHTML = '<style>' + htmlDivCss + '<\/style>';\n\t\t\t\t\t\tdocument.getElementsByTagName('head')[0].appendChild(htmlDiv.childNodes[0]);\n\t\t\t\t\t}\n\t\t\t\t<\/script>\n\t\t\t\t<script>\n\t\t\t\t\tvar htmlDivCss = unescape(\"%23rev_slider_2_1_wrapper%20.zeus.tparrows%20%7B%0A%20%20cursor%3Apointer%3B%0A%20%20min-width%3A70px%3B%0A%20%20min-height%3A70px%3B%0A%20%20position%3Aabsolute%3B%0A%20%20display%3Ablock%3B%0A%20%20z-index%3A1000%3B%0A%20%20border-radius%3A50%25%3B%20%20%20%0A%20%20overflow%3Ahidden%3B%0A%20%20background%3Argba%280%2C0%2C0%2C0.1%29%3B%0A%7D%0A%0A%23rev_slider_2_1_wrapper%20.zeus.tparrows%3Abefore%20%7B%0A%20%20font-family%3A%20%27revicons%27%3B%0A%20%20font-size%3A20px%3B%0A%20%20color%3A%23ffffff%3B%0A%20%20display%3Ablock%3B%0A%20%20line-height%3A%2070px%3B%0A%20%20text-align%3A%20center%3B%20%20%20%20%0A%20%20z-index%3A2%3B%0A%20%20position%3Arelative%3B%0A%7D%0A%23rev_slider_2_1_wrapper%20.zeus.tparrows.tp-leftarrow%3Abefore%20%7B%0A%20%20content%3A%20%27%5Ce824%27%3B%0A%7D%0A%23rev_slider_2_1_wrapper%20.zeus.tparrows.tp-rightarrow%3Abefore%20%7B%0A%20%20content%3A%20%27%5Ce825%27%3B%0A%7D%0A%0A%23rev_slider_2_1_wrapper%20.zeus%20.tp-title-wrap%20%7B%0A%20%20background%3Argba%280%2C0%2C0%2C0.5%29%3B%0A%20%20width%3A100%25%3B%0A%20%20height%3A100%25%3B%0A%20%20top%3A0px%3B%0A%20%20left%3A0px%3B%0A%20%20position%3Aabsolute%3B%0A%20%20opacity%3A0%3B%0A%20%20transform%3Ascale%280%29%3B%0A%20%20-webkit-transform%3Ascale%280%29%3B%0A%20%20%20transition%3A%20all%200.3s%3B%0A%20%20-webkit-transition%3Aall%200.3s%3B%0A%20%20-moz-transition%3Aall%200.3s%3B%0A%20%20%20border-radius%3A50%25%3B%0A%20%7D%0A%23rev_slider_2_1_wrapper%20.zeus%20.tp-arr-imgholder%20%7B%0A%20%20width%3A100%25%3B%0A%20%20height%3A100%25%3B%0A%20%20position%3Aabsolute%3B%0A%20%20top%3A0px%3B%0A%20%20left%3A0px%3B%0A%20%20background-position%3Acenter%20center%3B%0A%20%20background-size%3Acover%3B%0A%20%20border-radius%3A50%25%3B%0A%20%20transform%3Atranslatex%28-100%25%29%3B%0A%20%20-webkit-transform%3Atranslatex%28-100%25%29%3B%0A%20%20%20transition%3A%20all%200.3s%3B%0A%20%20-webkit-transition%3Aall%200.3s%3B%0A%20%20-moz-transition%3Aall%200.3s%3B%0A%0A%20%7D%0A%23rev_slider_2_1_wrapper%20.zeus.tp-rightarrow%20.tp-arr-imgholder%20%7B%0A%20%20%20%20transform%3Atranslatex%28100%25%29%3B%0A%20%20-webkit-transform%3Atranslatex%28100%25%29%3B%0A%20%20%20%20%20%20%7D%0A%23rev_slider_2_1_wrapper%20.zeus.tparrows%3Ahover%20.tp-arr-imgholder%20%7B%0A%20%20transform%3Atranslatex%280%29%3B%0A%20%20-webkit-transform%3Atranslatex%280%29%3B%0A%20%20opacity%3A1%3B%0A%7D%0A%20%20%20%20%20%20%0A%23rev_slider_2_1_wrapper%20.zeus.tparrows%3Ahover%20.tp-title-wrap%20%7B%0A%20%20transform%3Ascale%281%29%3B%0A%20%20-webkit-transform%3Ascale%281%29%3B%0A%20%20opacity%3A1%3B%0A%7D%0A%20%0A\");\n\t\t\t\t\tvar htmlDiv = document.getElementById('rs-plugin-settings-inline-css');\n\t\t\t\t\tif(htmlDiv) {\n\t\t\t\t\t\thtmlDiv.innerHTML = htmlDiv.innerHTML + htmlDivCss;\n\t\t\t\t\t}else{\n\t\t\t\t\t\tvar htmlDiv = document.createElement('div');\n\t\t\t\t\t\thtmlDiv.innerHTML = '<style>' + htmlDivCss + '<\/style>';\n\t\t\t\t\t\tdocument.getElementsByTagName('head')[0].appendChild(htmlDiv.childNodes[0]);\n\t\t\t\t\t}\n\t\t\t\t<\/script>\n\t\t\t\t<script>\n\t\t\t\t\tvar htmlDivCss = unescape(\"%0A%0A\");\n\t\t\t\t\tvar htmlDiv = document.getElementById('rs-plugin-settings-inline-css');\n\t\t\t\t\tif(htmlDiv) {\n\t\t\t\t\t\thtmlDiv.innerHTML = htmlDiv.innerHTML + htmlDivCss;\n\t\t\t\t\t}else{\n\t\t\t\t\t\tvar htmlDiv = document.createElement('div');\n\t\t\t\t\t\thtmlDiv.innerHTML = '<style>' + htmlDivCss + '<\/style>';\n\t\t\t\t\t\tdocument.getElementsByTagName('head')[0].appendChild(htmlDiv.childNodes[0]);\n\t\t\t\t\t}\n\t\t\t\t<\/script>\n\t\t\t<\/rs-module-wrap>\n\t\t\t<!-- END REVOLUTION SLIDER -->\n<\/div><\/div><\/div><\/div><\/div><\/div><section id=\"descripcion\" class=\"vc_row wpb_row vc_row-fluid bg-secondary pt0 pb0 not-equal not-color vc_custom_1610757789487 vc_row-has-fill\"><div class=\"container\"><div class=\"row\"><div class=\"wpb_column vc_column_container vc_col-sm-12\"><div class=\"vc_column-inner\"><div class=\"wpb_wrapper\">\n\t<div class=\"wpb_text_column wpb_content_element  vc_custom_1607008744398\" >\n\t\t<div class=\"wpb_wrapper\">\n\t\t\t<div class=\"page\" title=\"Page 1\">\n<div class=\"section\">\n<div class=\"layoutArea\">\n<div class=\"column\">\n<h3 style=\"text-align: center;\"><span style=\"color: #003366;\">We design and develop <em>innovative solutions<\/em> in Mining, Logistics, Energy, Transportation and Agriculture, integrating IoT and Artificial Intelligence with an <em>agile, sustainable and customer-focused<\/em> mindset.<br \/>\n<\/span><\/h3>\n<\/div>\n<\/div>\n<\/div>\n<\/div>\n\n\t\t<\/div>\n\t<\/div>\n\n\t<div class=\"wpb_text_column wpb_content_element\" >\n\t\t<div class=\"wpb_wrapper\">\n\t\t\t\n\t\t<\/div>\n\t<\/div>\n<\/div><\/div><\/div><\/div><\/div><\/section><section id=\"que-hacemos\" class=\"vc_row wpb_row vc_row-fluid bg-dark pt0 pb0 not-equal not-color vc_custom_1610666322906 vc_row-has-fill\"><div class=\"container\"><div class=\"row\"><div class=\"wpb_column vc_column_container vc_col-sm-12\"><div class=\"vc_column-inner\"><div class=\"wpb_wrapper\"><div class=\"headings-title\"><div class=\"mb70 mb-xs-40 text-center\"><h5  class=\"widgettitle\">What We Do<\/h5><div class=\"divider-wrap\"><div class=\"tlg-divider\" style=\"background-color:#81d742!important;\"><\/div><\/div><\/div><\/div><\/div><\/div><\/div><\/div><\/div><\/section><section class=\"vc_row wpb_row vc_row-fluid text-center bg-dark pt0 pb0 not-equal not-color vc_custom_1610736935313\"><div class=\"container\"><div class=\"row\"><div class=\"wpb_column vc_column_container vc_col-sm-3\"><div class=\"vc_column-inner\"><div class=\"wpb_wrapper\"><div id=\"iconbox-69d2a26de9b06\" class=\"primary-color-icon\"><div class=\"icon-link\"><div class=\"icon-animate-box animate-icon mt48\">\n\t\t\t\t\t\t\t\t<div class=\"animate-box-wrap\">\n\t\t\t\t\t\t\t\t\t<div class=\"box-bg\" style=\"background-image: url(https:\/\/tecnocal.com\/wp-content\/uploads\/2020\/07\/0-600x600.jpeg); \"><\/div>\n\t\t\t\t\t\t\t\t\t<div class=\"animate-box-inner\">\n\t\t\t\t\t\t\t\t\t\t<div class=\"animate-box-inner-wrap\">\n\t\t\t\t\t\t\t\t\t\t\t<div class=\"icon-center-box\"><i class=\"ti-ruler-pencil  icon-animate inline-block icon-text icon-lg\"><\/i><\/div>\n\t\t\t\t\t\t\t\t\t\t\t<h2  class=\"widgettitle\">Product Design &amp; Development<\/h2>\n\t\t\t\t\t\t\t\t\t\t\t<div  class=\"icon-content\"><p>Conceptualization, design, &amp; development of customized products or solutions.<\/p>\n<\/div><a  id=\"btn-69d2a26de9b07\" class=\"btn btn-primary-line btn-rounded btn-sm   btn-sm-sm text-center mr-0 mb0 mt8\" href= \"https:\/\/tecnocal.com\/en\/diseno-desarrollo\/\" target=\"_self\" >More<i class=\"ti-arrow-circle-right\"><\/i><\/a>\n\t\t\t\t\t\t\t\t\t\t<\/div>\n\t\t\t\t\t\t\t\t\t<\/div>  \n\t\t\t\t\t\t\t\t<\/div> \n\t\t\t\t\t\t\t<\/div><\/div><\/div><\/div><\/div><\/div><div class=\"wpb_column vc_column_container vc_col-sm-3\"><div class=\"vc_column-inner\"><div class=\"wpb_wrapper\"><div id=\"iconbox-69d2a26dea3ba\" class=\"primary-color-icon\"><div class=\"icon-link\"><div class=\"icon-animate-box animate-icon mt48\">\n\t\t\t\t\t\t\t\t<div class=\"animate-box-wrap\">\n\t\t\t\t\t\t\t\t\t<div class=\"box-bg\" style=\"background-image: url(https:\/\/tecnocal.com\/wp-content\/uploads\/2020\/07\/slide3-industrial-automation-1-600x600.jpg); \"><\/div>\n\t\t\t\t\t\t\t\t\t<div class=\"animate-box-inner\">\n\t\t\t\t\t\t\t\t\t\t<div class=\"animate-box-inner-wrap\">\n\t\t\t\t\t\t\t\t\t\t\t<div class=\"icon-center-box\"><i class=\"ti-harddrives  icon-animate inline-block icon-text icon-lg\"><\/i><\/div>\n\t\t\t\t\t\t\t\t\t\t\t<h2  class=\"widgettitle\">Hardware Manufacturing<\/h2>\n\t\t\t\t\t\t\t\t\t\t\t<div  class=\"icon-content\"><p><span style=\"font-weight: 400;\">Manufacturing &amp; integration of electronic products for organizations. <\/span><\/p>\n<\/div><a  id=\"btn-69d2a26dea3bb\" class=\"btn btn-primary-line btn-rounded btn-sm   btn-sm-sm text-center mr-0 mb0 mt8\" href= \"https:\/\/tecnocal.com\/en\/fabricacion-de-hardware\/\" target=\"_self\" >More<i class=\"ti-arrow-circle-right\"><\/i><\/a>\n\t\t\t\t\t\t\t\t\t\t<\/div>\n\t\t\t\t\t\t\t\t\t<\/div>  \n\t\t\t\t\t\t\t\t<\/div> \n\t\t\t\t\t\t\t<\/div><\/div><\/div><script type=\"text\/javascript\">jQuery(document).ready(function(){jQuery('head').append('<style type=\"text\/css\" id=\"tlg-custom-css-iconbox-69d2a26dea3ba\">#iconbox-69d2a26dea3ba .boxed-animate.boxed-scroll .title .widgettitle:after{background-color:#000000!important;}<\/style>');});<\/script><\/div><\/div><\/div><div class=\"wpb_column vc_column_container vc_col-sm-3\"><div class=\"vc_column-inner\"><div class=\"wpb_wrapper\"><div id=\"iconbox-69d2a26deaab7\" class=\"primary-color-icon\"><div class=\"icon-link\"><div class=\"icon-animate-box animate-icon mt48\">\n\t\t\t\t\t\t\t\t<div class=\"animate-box-wrap\">\n\t\t\t\t\t\t\t\t\t<div class=\"box-bg\" style=\"background-image: url(https:\/\/tecnocal.com\/wp-content\/uploads\/2020\/07\/Testimony-of-Denise-E-Zheng-before-the-Senate-Committee-on-Commerce-Science-and-Transportations-Subcommittee-on-Communications-Technology-Innovation-and-the-Internet-600x600.jpg); \"><\/div>\n\t\t\t\t\t\t\t\t\t<div class=\"animate-box-inner\">\n\t\t\t\t\t\t\t\t\t\t<div class=\"animate-box-inner-wrap\">\n\t\t\t\t\t\t\t\t\t\t\t<div class=\"icon-center-box\"><i class=\"ti-loop  icon-animate inline-block icon-text icon-lg\"><\/i><\/div>\n\t\t\t\t\t\t\t\t\t\t\t<h2  class=\"widgettitle\">IoT Solutions for Industry 4.0<\/h2>\n\t\t\t\t\t\t\t\t\t\t\t<div  class=\"icon-content\"><p><span style=\"font-weight: 400;\">Services that integrate Hardware (HaaS), Software (SaaS), &amp; AI for Industry 4.0.<\/span><\/p>\n<\/div><a  id=\"btn-69d2a26deaab8\" class=\"btn btn-primary-line btn-rounded btn-sm   btn-sm-sm text-center mr-0 mb0 mt8\" href= \"https:\/\/tecnocal.com\/en\/soluciones\/\" target=\"_self\" >More<i class=\"ti-angle-right\"><\/i><\/a>\n\t\t\t\t\t\t\t\t\t\t<\/div>\n\t\t\t\t\t\t\t\t\t<\/div>  \n\t\t\t\t\t\t\t\t<\/div> \n\t\t\t\t\t\t\t<\/div><\/div><\/div><script type=\"text\/javascript\">jQuery(document).ready(function(){jQuery('head').append('<style type=\"text\/css\" id=\"tlg-custom-css-iconbox-69d2a26deaab7\">#iconbox-69d2a26deaab7 .boxed-animate.boxed-scroll .title .widgettitle:after{background-color:#ffffff!important;}<\/style>');});<\/script><\/div><\/div><\/div><div class=\"wpb_column vc_column_container vc_col-sm-3\"><div class=\"vc_column-inner vc_custom_1610741298002\"><div class=\"wpb_wrapper\"><div id=\"iconbox-69d2a26deb176\" class=\"primary-color-icon\"><div class=\"icon-link\"><div class=\"icon-animate-box animate-icon mt48\">\n\t\t\t\t\t\t\t\t<div class=\"animate-box-wrap\">\n\t\t\t\t\t\t\t\t\t<div class=\"box-bg\" style=\"background-image: url(https:\/\/tecnocal.com\/wp-content\/uploads\/2020\/07\/apertura-600x600.jpg); \"><\/div>\n\t\t\t\t\t\t\t\t\t<div class=\"animate-box-inner\">\n\t\t\t\t\t\t\t\t\t\t<div class=\"animate-box-inner-wrap\">\n\t\t\t\t\t\t\t\t\t\t\t<div class=\"icon-center-box\"><i class=\"ti-world  icon-animate inline-block icon-text icon-lg\"><\/i><\/div>\n\t\t\t\t\t\t\t\t\t\t\t<h2  class=\"widgettitle\">Technological Prospecting<\/h2>\n\t\t\t\t\t\t\t\t\t\t\t<div  class=\"icon-content\"><p><span style=\"font-weight: 400;\">Commercial missions &amp; technological prospecting of R&amp;D and innovation centers.<\/span><\/p>\n<\/div><a  id=\"btn-69d2a26deb177\" class=\"btn btn-primary-line btn-rounded btn-sm   btn-sm-sm text-center mr-0 mb0 mt8\" href= \"https:\/\/tecnocal.com\/en\/prospeccion-tecnologica\/\" target=\"_self\" >More<i class=\"ti-arrow-circle-right\"><\/i><\/a>\n\t\t\t\t\t\t\t\t\t\t<\/div>\n\t\t\t\t\t\t\t\t\t<\/div>  \n\t\t\t\t\t\t\t\t<\/div> \n\t\t\t\t\t\t\t<\/div><\/div><\/div><script type=\"text\/javascript\">jQuery(document).ready(function(){jQuery('head').append('<style type=\"text\/css\" id=\"tlg-custom-css-iconbox-69d2a26deb176\">#iconbox-69d2a26deb176 .boxed-animate.boxed-scroll .title .widgettitle:after{background-color:#000000!important;}<\/style>');});<\/script><\/div><\/div><\/div><\/div><\/div><\/section><section class=\"vc_row wpb_row vc_row-fluid bg-secondary pt0 pb0 not-equal not-color vc_custom_1613608862713\"><div class=\"container\"><div class=\"row\"><div class=\"wpb_column vc_column_container vc_col-sm-12\"><div class=\"vc_column-inner\"><div class=\"wpb_wrapper\"><div class=\"headings-title\"><div class=\"mb70 mb-xs-40 text-center\"><h5  class=\"widgettitle\">Our Success in Numbers<\/h5><div class=\"divider-wrap\"><div class=\"tlg-divider\" style=\"background-color:#81d742!important;\"><\/div><\/div><\/div><\/div><div class=\"vc_row wpb_row vc_inner vc_row-fluid\"><div class=\"wpb_column vc_column_container vc_col-sm-3\"><div class=\"vc_column-inner\"><div class=\"wpb_wrapper\"><div class=\"fact-counter fact-side color-white\">\n\t\t\t\t\t\t<div class=\"counter m0\">\n\t\t\t\t\t\t\t<i style=\"color:rgba(0,0,0,0.77)!important;\" class=\"icon-text mb16 ti-cup primary-color icon mr-15\"><\/i>\n\t\t\t\t\t\t\t<span style=\"color:rgba(129,215,66,0.87)!important;\" class=\"primary-color counter-number\">29<\/span><\/div>\n\t\t\t\t\t\t<span style=\"color:rgba(0,0,0,0.85)!important;\" class=\"fact-title primary-color capitalize\">Years of Experience<\/span>\n\t\t\t\t\t<\/div><\/div><\/div><\/div><div class=\"wpb_column vc_column_container vc_col-sm-3\"><div class=\"vc_column-inner\"><div class=\"wpb_wrapper\"><div class=\"fact-counter fact-side color-white\">\n\t\t\t\t\t\t<div class=\"counter m0\">\n\t\t\t\t\t\t\t<i style=\"color:rgba(0,0,0,0.77)!important;\" class=\"icon-text mb16 ti-light-bulb primary-color icon mr-15\"><\/i>\n\t\t\t\t\t\t\t<span style=\"color:rgba(129,215,66,0.77)!important;\" class=\"primary-color counter-number\">300<\/span><span style=\"color:rgba(129,215,66,0.77)!important;\" class=\"primary-color counter-suffix\">+<\/span><\/div>\n\t\t\t\t\t\t<span style=\"color:rgba(0,0,0,0.85)!important;\" class=\"fact-title primary-color capitalize\">Completed Projects<\/span>\n\t\t\t\t\t<\/div><\/div><\/div><\/div><div class=\"wpb_column vc_column_container vc_col-sm-3\"><div class=\"vc_column-inner\"><div class=\"wpb_wrapper\"><div class=\"fact-counter fact-side color-white\">\n\t\t\t\t\t\t<div class=\"counter m0\">\n\t\t\t\t\t\t\t<i style=\"color:rgba(0,0,0,0.77)!important;\" class=\"icon-text mb16 ti-medall  icon mr-15\"><\/i>\n\t\t\t\t\t\t\t<span style=\"color:rgba(129,215,66,0.77)!important;\" class=\"counter-number\">100<\/span><span style=\"color:rgba(129,215,66,0.77)!important;\" class=\"counter-suffix\">+<\/span><\/div>\n\t\t\t\t\t\t<span style=\"color:rgba(0,0,0,0.85)!important;\" class=\"fact-title  capitalize\">Satisfied Clients<\/span>\n\t\t\t\t\t<\/div><\/div><\/div><\/div><div class=\"wpb_column vc_column_container vc_col-sm-3\"><div class=\"vc_column-inner\"><div class=\"wpb_wrapper\"><div class=\"fact-counter fact-side color-white\">\n\t\t\t\t\t\t<div class=\"counter m0\">\n\t\t\t\t\t\t\t<i style=\"color:rgba(0,0,0,0.77)!important;\" class=\"icon-text mb16 ti-user primary-color icon mr-15\"><\/i>\n\t\t\t\t\t\t\t<span style=\"color:rgba(129,215,66,0.77)!important;\" class=\"primary-color counter-number\">250<\/span><span style=\"color:rgba(129,215,66,0.77)!important;\" class=\"primary-color counter-suffix\">M+<\/span><\/div>\n\t\t\t\t\t\t<span style=\"color:rgba(0,0,0,0.85)!important;\" class=\"fact-title primary-color capitalize\">People Impacted<\/span>\n\t\t\t\t\t<\/div><\/div><\/div><\/div><\/div><\/div><\/div><\/div><\/div><\/div><\/section>","protected":false},"excerpt":{"rendered":"Desarrollamos tecnolog\u00edas para las industrias proyectando una sociedad 5.0 Dise\u00f1amos y desarrollamos soluciones innovadoras orientadas a la Miner\u00eda, Log\u00edstica, Energ\u00eda, Transporte y Agricultura, integrando IoT e Inteligencia Artificial con un mindset \u00e1gil, sustentable y centrado en el cliente. Qu\u00e9 Hacemos? Dise\u00f1o y Desarrollo de productos Conceptualizaci\u00f3n, dise\u00f1o y desarrollo de productos o soluciones a medida....","protected":false},"author":1,"featured_media":0,"parent":9554,"menu_order":0,"comment_status":"closed","ping_status":"closed","template":"","meta":{"_monsterinsights_skip_tracking":false,"_monsterinsights_sitenote_active":false,"_monsterinsights_sitenote_note":"","_monsterinsights_sitenote_category":0},"_links":{"self":[{"href":"https:\/\/tecnocal.com\/en\/wp-json\/wp\/v2\/pages\/9721"}],"collection":[{"href":"https:\/\/tecnocal.com\/en\/wp-json\/wp\/v2\/pages"}],"about":[{"href":"https:\/\/tecnocal.com\/en\/wp-json\/wp\/v2\/types\/page"}],"author":[{"embeddable":true,"href":"https:\/\/tecnocal.com\/en\/wp-json\/wp\/v2\/users\/1"}],"replies":[{"embeddable":true,"href":"https:\/\/tecnocal.com\/en\/wp-json\/wp\/v2\/comments?post=9721"}],"version-history":[{"count":168,"href":"https:\/\/tecnocal.com\/en\/wp-json\/wp\/v2\/pages\/9721\/revisions"}],"predecessor-version":[{"id":12952,"href":"https:\/\/tecnocal.com\/en\/wp-json\/wp\/v2\/pages\/9721\/revisions\/12952"}],"up":[{"embeddable":true,"href":"https:\/\/tecnocal.com\/en\/wp-json\/wp\/v2\/pages\/9554"}],"wp:attachment":[{"href":"https:\/\/tecnocal.com\/en\/wp-json\/wp\/v2\/media?parent=9721"}],"curies":[{"name":"wp","href":"https:\/\/api.w.org\/{rel}","templated":true}]}}