{"id":9298,"date":"2020-10-02T15:16:06","date_gmt":"2020-10-02T18:16:06","guid":{"rendered":"http:\/\/www.tecnocal.com\/?page_id=9298"},"modified":"2020-10-20T19:09:50","modified_gmt":"2020-10-20T22:09:50","slug":"mascarilla-termica","status":"publish","type":"page","link":"https:\/\/tecnocal.com\/en\/productos-2\/mascarilla-termica\/","title":{"rendered":"Mascarilla T\u00e9rmica"},"content":{"rendered":"<section class=\"vc_row wpb_row vc_row-fluid bg-secondary pb0 not-equal not-color\"><div class=\"container\"><div class=\"row\"><div class=\"wpb_column vc_column_container vc_col-sm-6\"><div class=\"vc_column-inner\"><div class=\"wpb_wrapper\"><div class=\"headings-title\"><div class=\"mb40 mb-xs-40 text-left\"><h5  class=\"widgettitle\">Temperature Sensitive Masks &amp; Bracelets<\/h5><\/div><\/div>\n\t<div class=\"wpb_text_column wpb_content_element\" >\n\t\t<div class=\"wpb_wrapper\">\n\t\t\t<p><span style=\"font-weight: 400;\"><b>Reusable masks and bracelets, made with a unique patented early warning design.<\/b><\/span><\/p>\n<p>In addition to complying with all the requirements for sanitary approvals, this temperature sensitive material makes it possible to determine if a person has a fever when their body temperature rises above 37.5\u00ba C.<\/p>\n\n\t\t<\/div>\n\t<\/div>\n<div class=\"vc_row wpb_row vc_inner vc_row-fluid vc_custom_1595304860703\"><div class=\"wpb_column vc_column_container vc_col-sm-6\"><div class=\"vc_column-inner\"><div class=\"wpb_wrapper\"><div class=\"icon_title_list-content icon-list-large\"><ul class=\"icon_title_list\"><li><span class=\"inline-block mb8 mr-15\"><i style=\"color:#74af25;\" class=\"ti-cup  inline-block\"><\/i><\/span><span >Patented Technology<\/span><\/li><li><span class=\"inline-block mb8 mr-15\"><i style=\"color:#74af25;\" class=\"ti-na  inline-block\"><\/i><\/span><span >98% Bacterial Filtration<\/span><\/li><li><span class=\"inline-block mb8 mr-15\"><i style=\"color:#74af25;\" class=\"ti-user  inline-block\"><\/i><\/span><span >Breathability (Pa\/cm2) 59<\/span><\/li><\/ul><\/div><\/div><\/div><\/div><div class=\"wpb_column vc_column_container vc_col-sm-6\"><div class=\"vc_column-inner\"><div class=\"wpb_wrapper\"><div class=\"icon_title_list-content icon-list-large\"><ul class=\"icon_title_list\"><li><span class=\"inline-block mb8 mr-15\"><i style=\"color:#74af25;\" class=\"ti-thumb-up  inline-block\"><\/i><\/span><span >Bleach Free Material<\/span><\/li><li><span class=\"inline-block mb8 mr-15\"><i style=\"color:#74af25;\" class=\"ti-reload  inline-block\"><\/i><\/span><span >Tested by AITEX<\/span><\/li><li><span class=\"inline-block mb8 mr-15\"><i style=\"color:#74af25;\" class=\"ti-map-alt  inline-block\"><\/i><\/span><span >Made in Spain<\/span><\/li><\/ul><\/div><\/div><\/div><\/div><\/div><\/div><\/div><\/div><div class=\"wpb_column vc_column_container vc_col-sm-6\"><div class=\"vc_column-inner\"><div class=\"wpb_wrapper\">\n\t<div class=\"wpb_raw_code wpb_content_element wpb_raw_html\" >\n\t\t<div class=\"wpb_wrapper\">\n\t\t\t<iframe src=\"https:\/\/player.vimeo.com\/video\/464338515\" width=\"640\" height=\"368\" frameborder=\"0\" allow=\"autoplay; fullscreen\" allowfullscreen><\/iframe>\n\t\t<\/div>\n\t<\/div>\n<\/div><\/div><\/div><\/div><\/div><\/section><section class=\"vc_row wpb_row vc_row-fluid bg-secondary pt0 not-equal not-color\"><div class=\"container\"><div class=\"row\"><div class=\"wpb_column vc_column_container vc_col-sm-6\"><div class=\"vc_column-inner\"><div class=\"wpb_wrapper\"><div id=\"iconbox-69dfcc26f3743\" class=\"\"><div class=\"icon-link\"><div class=\"display-table mb-xs-24 text-left\">\n\t\t\t\t    \t\t<div class=\"display-cell vertical-top mb-xs-24\"><i style=\"font-size:60px!important;\" class=\"ti-ruler  inline-block mr-30 icon-text icon-lg\"><\/i><\/div>\n\t\t\t\t    \t\t<div class=\"display-cell\"><h5  class=\"widgettitle\">Fever Indication<\/h5><div  class=\"icon-content\"><p><span style=\"font-weight: 400;\">It changes color when the user has a fever (+ 37.5\u00ba).<\/span><\/p>\n<\/div><\/div>\n\t\t\t\t    \t<\/div><\/div><\/div><div class=\"tlg-spacer\" data-height=\"25\" data-height-tablet=\"15\" data-height-mobile=\"5\" style=\"clear:both;display:block;height:25px;\"><\/div><div id=\"iconbox-69dfcc26f37ab\" class=\"\"><div class=\"icon-link\"><div class=\"display-table mb-xs-24 text-left\">\n\t\t\t\t    \t\t<div class=\"display-cell vertical-top mb-xs-24\"><i style=\"font-size:60px!important;\" class=\"ti-heart  inline-block mr-30 icon-text icon-lg\"><\/i><\/div>\n\t\t\t\t    \t\t<div class=\"display-cell\"><h5  class=\"widgettitle\">Ecological<\/h5><div  class=\"icon-content\"><p><span style=\"font-weight: 400;\">Ecological mask made with natural, biodegradable fibers.<\/span><\/p>\n<\/div><\/div>\n\t\t\t\t    \t<\/div><\/div><\/div><\/div><\/div><\/div><div class=\"wpb_column vc_column_container vc_col-sm-6\"><div class=\"vc_column-inner\"><div class=\"wpb_wrapper\"><div id=\"iconbox-69dfcc26f386b\" class=\"\"><div class=\"icon-link\"><div class=\"display-table mb-xs-24 text-left\">\n\t\t\t\t    \t\t<div class=\"display-cell vertical-top mb-xs-24\"><i style=\"font-size:60px!important;\" class=\"ti-face-smile  inline-block mr-30 icon-text icon-lg\"><\/i><\/div>\n\t\t\t\t    \t\t<div class=\"display-cell\"><h5  class=\"widgettitle\">Confidence &amp; Peace of Mind<\/h5><div  class=\"icon-content\"><p><span style=\"font-weight: 400;\">Maintain calm and healthy work environments with less worry about COVID transmission.<\/span><\/p>\n<\/div><\/div>\n\t\t\t\t    \t<\/div><\/div><\/div><div class=\"tlg-spacer\" data-height=\"25\" data-height-tablet=\"15\" data-height-mobile=\"5\" style=\"clear:both;display:block;height:25px;\"><\/div><div id=\"iconbox-69dfcc26f38a7\" class=\"\"><div class=\"icon-link\"><div class=\"display-table mb-xs-24 text-left\">\n\t\t\t\t    \t\t<div class=\"display-cell vertical-top mb-xs-24\"><i style=\"font-size:60px!important;\" class=\"ti-loop  inline-block mr-30 icon-text icon-lg\"><\/i><\/div>\n\t\t\t\t    \t\t<div class=\"display-cell\"><h5  class=\"widgettitle\">Reusable<\/h5><div  class=\"icon-content\"><\/p>\n<ul>\n<li style=\"font-weight: 400;\"><span style=\"font-weight: 400;\">Washable Mask (once a week, up to 5 times)<\/span><\/li>\n<li style=\"font-weight: 400;\"><span style=\"font-weight: 400;\">Bracelet and Stickers last for up to one month.<\/span><\/li>\n<\/ul>\n<p>\n<\/div><\/div>\n\t\t\t\t    \t<\/div><\/div><\/div><\/div><\/div><\/div><\/div><\/div><\/section><section class=\"vc_row wpb_row vc_row-fluid bg-light pt0 pb0 not-equal not-color vc_custom_1603231751887 vc_row-has-fill\"><div class=\"container\"><div class=\"row\"><div class=\"wpb_column vc_column_container vc_col-sm-12\"><div class=\"vc_column-inner\"><div class=\"wpb_wrapper\"><div class=\"action-box text-center\"><div class=\"pb32\"><i style=\"color:#74af25!important;\" class=\"fade-color ms-text ti-hand-point-down icon\"><\/i><\/div>\n\t\t\t\t\t<h2  class=\"maintitle\">Return to your school, university, or company with greater peace of mind!<\/h2>\n\t\t\t\t\t<p  class=\"mb0\">Contact us at ventas@tecnocal.com<\/p>\n\t\t\t\t\t<div class=\"pt32 pt-xs-8\"><a style=\"color:#565656;background:#74af25;border-color:transparent;\" id=\"btn-69dfcc26f3a7b\" class=\"btn hvr-grow btn-sm-sm text-center mr-0 mb0 mt-xs-24\" href= \"mailto:ventas@tecnocal.com\" target=\"_self\" >Email!<\/a><\/div>\n\t\t\t\t<\/div><script type=\"text\/javascript\">jQuery(document).ready(function(){jQuery('head').append('<style type=\"text\/css\" id=\"tlg-custom-css-btn-69dfcc26f3a7b\">#btn-69dfcc26f3a7b:hover{color:#565656!important;background:#74af25!important;border-color:transparent!important;}<\/style>');});<\/script><\/div><\/div><\/div><\/div><\/div><\/section>","protected":false},"excerpt":{"rendered":"Mascarilla y Pulsera T\u00e9rmica Una mascarilla y pulsera t\u00e9rmica de alerta temprana, reutilizable, patentada y \u00fanica en el mundo. Adem\u00e1s de cumplir con todos los requisitos en cuanto a homologaciones sanitarias se refiere, permite determinar si la persona que la lleva puesta, presenta condiciones de temperatura corporal normal o si por el contrario tiene fiebre...","protected":false},"author":1,"featured_media":9373,"parent":8790,"menu_order":0,"comment_status":"closed","ping_status":"closed","template":"","meta":{"_monsterinsights_skip_tracking":false,"_monsterinsights_sitenote_active":false,"_monsterinsights_sitenote_note":"","_monsterinsights_sitenote_category":0},"_links":{"self":[{"href":"https:\/\/tecnocal.com\/en\/wp-json\/wp\/v2\/pages\/9298"}],"collection":[{"href":"https:\/\/tecnocal.com\/en\/wp-json\/wp\/v2\/pages"}],"about":[{"href":"https:\/\/tecnocal.com\/en\/wp-json\/wp\/v2\/types\/page"}],"author":[{"embeddable":true,"href":"https:\/\/tecnocal.com\/en\/wp-json\/wp\/v2\/users\/1"}],"replies":[{"embeddable":true,"href":"https:\/\/tecnocal.com\/en\/wp-json\/wp\/v2\/comments?post=9298"}],"version-history":[{"count":30,"href":"https:\/\/tecnocal.com\/en\/wp-json\/wp\/v2\/pages\/9298\/revisions"}],"predecessor-version":[{"id":9452,"href":"https:\/\/tecnocal.com\/en\/wp-json\/wp\/v2\/pages\/9298\/revisions\/9452"}],"up":[{"embeddable":true,"href":"https:\/\/tecnocal.com\/en\/wp-json\/wp\/v2\/pages\/8790"}],"wp:featuredmedia":[{"embeddable":true,"href":"https:\/\/tecnocal.com\/en\/wp-json\/wp\/v2\/media\/9373"}],"wp:attachment":[{"href":"https:\/\/tecnocal.com\/en\/wp-json\/wp\/v2\/media?parent=9298"}],"curies":[{"name":"wp","href":"https:\/\/api.w.org\/{rel}","templated":true}]}}