{"id":5535,"date":"2017-03-13T09:10:22","date_gmt":"2017-03-13T09:10:22","guid":{"rendered":"http:\/\/demo.themelogi.com\/navian\/?page_id=5535"},"modified":"2017-03-13T09:10:22","modified_gmt":"2017-03-13T09:10:22","slug":"blog-showcase","status":"publish","type":"page","link":"https:\/\/tecnocal.com\/en\/elements\/blog-showcase\/","title":{"rendered":"Blog Showcase"},"content":{"rendered":"<section class=\"vc_row wpb_row vc_row-fluid bg-secondary not-equal not-color\"><div class=\"container\"><div class=\"row\"><div class=\"wpb_column vc_column_container vc_col-sm-12\"><div class=\"vc_column-inner\"><div class=\"wpb_wrapper\"><div class=\"headings-title\"><div class=\"mb70 mb-xs-40 text-center\"><h5  class=\"widgettitle\">Grid Layouts<\/h5><div class=\"divider-wrap\"><div class=\"tlg-divider\" style=\"\"><\/div><\/div><\/div><\/div><div class=\"\"><div class=\"row masonry-loader\">\n    <div class=\"col-sm-12 text-center\">\n        <div class=\"spinner\"><\/div>\n    <\/div>\n<\/div><div class=\"row grid-blog masonry masonry-show mb40\"><div class=\"col-sm-6 post-wrap masonry-item mb48 overflow-visible\">\n\t<div class=\"boxed-intro blog-boxed overflow-hidden zoom-hover icon-hover\">\r\n                <div class=\"overflow-hidden relative\">\r\n                <div class=\"intro-image overflow-hidden relative\">\r\n                    <a href=\"https:\/\/tecnocal.com\/en\/soluciones-inteligentes-covid-19\/\">\r\n                                                    <img class=\"background-image\" alt=\"post-image\" src=\"https:\/\/www.tecnocal.com\/wp-content\/uploads\/2021\/01\/covid-blog-edit-e1612311751218.jpg\" \/>\r\n                                                                        <span class=\"overlay-default\"><\/span>\r\n                        <span class=\"plus-icon\"><\/span>\r\n                    <\/a>\r\n                <\/div>\r\n            <\/div>\r\n                <div class=\"intro-content\">\r\n            <a href=\"https:\/\/tecnocal.com\/en\/soluciones-inteligentes-covid-19\/\">\r\n                <h5 class=\"widgettitle dark-hover\">Smart solutions surrounding the COVID-19 phenomenon<\/h5>            <\/a>\r\n            <div class=\"blog-boxed-content\"><p>Para muchos, el a\u00f1o 2020 ser\u00e1 el a\u00f1o recordado por la irrupci\u00f3n del COVID-19, pero en TECNOCAL proponerlos recordarlo como un a\u00f1o...<\/p><\/div>\r\n            <div class=\"entry-foot\">\r\n                <span class=\"read-more\"><a href=\"https:\/\/tecnocal.com\/en\/soluciones-inteligentes-covid-19\/\">Read more<\/a><\/span>\r\n            <\/div>\r\n        <\/div>\r\n        <div class=\"entry-meta overflow-hidden\">\r\n            <div class=\"float-left entry-date\">\r\n                <span><i class=\"ti-time\"><\/i>January 12, 2021<\/span>\r\n            <\/div>\r\n                            <span class=\"inline-block float-right post-action p0\">\r\n                \t        <span class=\"tlg-likes-button static-icon inline-block tlg-likes-normal\">\n\t        \t<a href=\"#\" class=\"tlg-likes\" id=\"tlg-likes-11708\" title=\"\">\n\t        \t\t<i class=\"ti-heart\"><\/i><span class=\"like-share-name\">5<span> likes<\/span><\/span>\t        \t<\/a>\n\t        <\/span>\n\t                        <\/span>\r\n                                <\/div>\r\n        <\/div><\/div><div class=\"col-sm-6 post-wrap masonry-item mb48 overflow-visible\">\n\t<div class=\"boxed-intro blog-boxed overflow-hidden zoom-hover icon-hover\">\r\n                <div class=\"overflow-hidden relative\">\r\n                <div class=\"intro-image overflow-hidden relative\">\r\n                    <a href=\"https:\/\/tecnocal.com\/en\/7-motivos-por-los-cuales-la-innovacion-prospera-en-chile\/\">\r\n                                                    <img class=\"background-image\" alt=\"post-image\" src=\"https:\/\/www.tecnocal.com\/wp-content\/uploads\/2020\/12\/Santiago-foto-de-Jenn1.jpeg\" \/>\r\n                                                                        <span class=\"overlay-default\"><\/span>\r\n                        <span class=\"plus-icon\"><\/span>\r\n                    <\/a>\r\n                <\/div>\r\n            <\/div>\r\n                <div class=\"intro-content\">\r\n            <a href=\"https:\/\/tecnocal.com\/en\/7-motivos-por-los-cuales-la-innovacion-prospera-en-chile\/\">\r\n                <h5 class=\"widgettitle dark-hover\">7 Reasons Why Innovation Thrives in Chile<\/h5>            <\/a>\r\n            <div class=\"blog-boxed-content\"><p>Until 2010, Chile\u2019s exports were heavily dependent upon copper; since then, the focus has shifted to making the country the \u00abinnovation and entrepreneurship hub\u00bb of Latin America.<\/p><\/div>\r\n            <div class=\"entry-foot\">\r\n                <span class=\"read-more\"><a href=\"https:\/\/tecnocal.com\/en\/7-motivos-por-los-cuales-la-innovacion-prospera-en-chile\/\">Read more<\/a><\/span>\r\n            <\/div>\r\n        <\/div>\r\n        <div class=\"entry-meta overflow-hidden\">\r\n            <div class=\"float-left entry-date\">\r\n                <span><i class=\"ti-time\"><\/i>December 15, 2020<\/span>\r\n            <\/div>\r\n                            <span class=\"inline-block float-right post-action p0\">\r\n                \t        <span class=\"tlg-likes-button static-icon inline-block tlg-likes-normal\">\n\t        \t<a href=\"#\" class=\"tlg-likes\" id=\"tlg-likes-10711\" title=\"\">\n\t        \t\t<i class=\"ti-heart\"><\/i><span class=\"like-share-name\">5<span> likes<\/span><\/span>\t        \t<\/a>\n\t        <\/span>\n\t                        <\/span>\r\n                                <\/div>\r\n        <\/div><\/div><\/div><div class=\"row\"><\/div><\/div><\/div><\/div><\/div><\/div><\/div><\/section><section class=\"vc_row wpb_row vc_row-fluid bg-light not-equal not-color\"><div class=\"container\"><div class=\"row\"><div class=\"wpb_column vc_column_container vc_col-sm-12\"><div class=\"vc_column-inner\"><div class=\"wpb_wrapper\"><div class=\"headings-title\"><div class=\"mb70 mb-xs-40 text-center\"><h5  class=\"widgettitle\">Carousel<\/h5><div class=\"divider-wrap\"><div class=\"tlg-divider\" style=\"\"><\/div><\/div><\/div><\/div><section class=\"p0\"><div class=\"blog-carousel owl-carousel owl-theme grid-blog three-columns\"><\/div><\/section><\/div><\/div><\/div><\/div><\/div><\/section><section class=\"vc_row wpb_row vc_row-fluid bg-secondary not-equal not-color\"><div class=\"container\"><div class=\"row\"><div class=\"wpb_column vc_column_container vc_col-sm-12\"><div class=\"vc_column-inner\"><div class=\"wpb_wrapper\"><div class=\"headings-title\"><div class=\"mb70 mb-xs-40 text-center\"><h5  class=\"widgettitle\">Carousel details<\/h5><div class=\"divider-wrap\"><div class=\"tlg-divider\" style=\"\"><\/div><\/div><\/div><\/div><section class=\"p0 text-left\"><div class=\"blog-carousel blog-carousel-detail owl-carousel owl-theme grid-blog three-columns\"><\/div><\/section><\/div><\/div><\/div><\/div><\/div><\/section>","protected":false},"excerpt":{"rendered":"Hasta el a\u00f1o 2010, las exportaciones de Chile depend\u00edan fuertemente del cobre. Desde entonces, los chilenos se han enfocado en hacer del pa\u00eds el \u201chub de innovaci\u00f3n y entrepreneurship\u201d de Latinoam\u00e9rica. Hogar de algunas de las compa\u00f1\u00edas l\u00edderes del mundo como las industrias Codelco (cobre), Falabella (retail), Concha y Toro (vino) y Hortifruit, TECNOCAL, se...","protected":false},"author":1,"featured_media":8304,"parent":133,"menu_order":0,"comment_status":"closed","ping_status":"closed","template":"","meta":{"_monsterinsights_skip_tracking":false,"_monsterinsights_sitenote_active":false,"_monsterinsights_sitenote_note":"","_monsterinsights_sitenote_category":0},"_links":{"self":[{"href":"https:\/\/tecnocal.com\/en\/wp-json\/wp\/v2\/pages\/5535"}],"collection":[{"href":"https:\/\/tecnocal.com\/en\/wp-json\/wp\/v2\/pages"}],"about":[{"href":"https:\/\/tecnocal.com\/en\/wp-json\/wp\/v2\/types\/page"}],"author":[{"embeddable":true,"href":"https:\/\/tecnocal.com\/en\/wp-json\/wp\/v2\/users\/1"}],"replies":[{"embeddable":true,"href":"https:\/\/tecnocal.com\/en\/wp-json\/wp\/v2\/comments?post=5535"}],"version-history":[{"count":0,"href":"https:\/\/tecnocal.com\/en\/wp-json\/wp\/v2\/pages\/5535\/revisions"}],"up":[{"embeddable":true,"href":"https:\/\/tecnocal.com\/en\/wp-json\/wp\/v2\/pages\/133"}],"wp:featuredmedia":[{"embeddable":true,"href":"https:\/\/tecnocal.com\/en\/wp-json\/wp\/v2\/media\/8304"}],"wp:attachment":[{"href":"https:\/\/tecnocal.com\/en\/wp-json\/wp\/v2\/media?parent=5535"}],"curies":[{"name":"wp","href":"https:\/\/api.w.org\/{rel}","templated":true}]}}