{"id":1823,"date":"2016-02-20T06:36:35","date_gmt":"2016-02-20T06:36:35","guid":{"rendered":"http:\/\/demo.themelogi.com\/navian\/?page_id=1823"},"modified":"2016-02-20T06:36:35","modified_gmt":"2016-02-20T06:36:35","slug":"standard-left-sidebar","status":"publish","type":"page","link":"https:\/\/tecnocal.com\/en\/tecnowatch\/standard-left-sidebar\/","title":{"rendered":"Standard &#8211; Left Sidebar"},"content":{"rendered":"<div class=\"vc_row wpb_row vc_row-fluid bg-light pt0 pb0 not-equal not-color\"><div class=\"\"><div class=\"row\"><div class=\"wpb_column vc_column_container vc_col-sm-12\"><div class=\"vc_column-inner\"><div class=\"wpb_wrapper\"><section class=\"p0 sidebar-left\"><div class=\"container\"><div class=\"row grid-blog\"><div id=\"sidebar\" class=\"col-md-3 hidden-sx\">\n\t<div id=\"categories-3\" class=\"widget widget_categories\"><h6 class=\"title\">Categories<\/h6>\n\t\t\t<ul>\n\t\t\t\t\t<li class=\"cat-item cat-item-174\"><a href=\"https:\/\/tecnocal.com\/en\/category\/chile\/\">Chile<\/a>\n<\/li>\n\t<li class=\"cat-item cat-item-182\"><a href=\"https:\/\/tecnocal.com\/en\/category\/innovacion\/\">Innovation<\/a>\n<\/li>\n\t<li class=\"cat-item cat-item-173\"><a href=\"https:\/\/tecnocal.com\/en\/category\/innovation\/\">Innovation<\/a>\n<\/li>\n\t\t\t<\/ul>\n\n\t\t\t<\/div><div id=\"tag_cloud-1\" class=\"widget widget_tag_cloud\"><h6 class=\"title\">Tags<\/h6><div class=\"tagcloud\"><a href=\"https:\/\/tecnocal.com\/en\/tag\/chile\/\" class=\"tag-cloud-link tag-link-176 tag-link-position-1\" style=\"font-size: 8pt;\" aria-label=\"Chile (1 item)\">Chile<\/a>\n<a href=\"https:\/\/tecnocal.com\/en\/tag\/covid-19\/\" class=\"tag-cloud-link tag-link-185 tag-link-position-2\" style=\"font-size: 8pt;\" aria-label=\"COVID-19 (1 item)\">COVID-19<\/a>\n<a href=\"https:\/\/tecnocal.com\/en\/tag\/innovacion\/\" class=\"tag-cloud-link tag-link-180 tag-link-position-3\" style=\"font-size: 22pt;\" aria-label=\"Innovacion (2 items)\">Innovation<\/a>\n<a href=\"https:\/\/tecnocal.com\/en\/tag\/pandemia\/\" class=\"tag-cloud-link tag-link-186 tag-link-position-4\" style=\"font-size: 8pt;\" aria-label=\"Pandemia (1 item)\">Pandemic<\/a>\n<a href=\"https:\/\/tecnocal.com\/en\/tag\/soluciones-inteligentes\/\" class=\"tag-cloud-link tag-link-184 tag-link-position-5\" style=\"font-size: 8pt;\" aria-label=\"Soluciones Inteligentes (1 item)\">Intelligent Solutions<\/a>\n<a href=\"https:\/\/tecnocal.com\/en\/tag\/tecnologia\/\" class=\"tag-cloud-link tag-link-187 tag-link-position-6\" style=\"font-size: 8pt;\" aria-label=\"Tecnologia (1 item)\">Technology<\/a>\n<a href=\"https:\/\/tecnocal.com\/en\/tag\/tecnologia-en-chile\/\" class=\"tag-cloud-link tag-link-181 tag-link-position-7\" style=\"font-size: 8pt;\" aria-label=\"tecnologia en Chile (1 item)\">Technology in Chile<\/a>\n<a href=\"https:\/\/tecnocal.com\/en\/tag\/virtual\/\" class=\"tag-cloud-link tag-link-188 tag-link-position-8\" style=\"font-size: 8pt;\" aria-label=\"Virtual (1 item)\">Virtual<\/a><\/div>\n<\/div><\/div><div id=\"main-content\" class=\"col-md-9 mb-xs-24\"><div class=\"boxed-intro blog-boxed overflow-hidden zoom-hover icon-hover mb70 blog-content\">\n                <div class=\"overflow-hidden relative\">\n                <div class=\"intro-image overflow-hidden relative\">\n                    <a href=\"https:\/\/tecnocal.com\/en\/soluciones-inteligentes-covid-19\/\">\n                                                    <img class=\"background-image\" alt=\"post-image\" src=\"https:\/\/www.tecnocal.com\/wp-content\/uploads\/2021\/01\/covid-blog-edit-e1612311751218.jpg\" \/>\n                                                                        <span class=\"overlay-default\"><\/span>\n                        <span class=\"plus-icon\"><\/span>\n                    <\/a>\n                <\/div>\n            <\/div>\n                <div class=\"intro-content\">\n            <div class=\"blog-categories\"><a href=\"https:\/\/tecnocal.com\/en\/category\/chile\/\">Chile<\/a>, <a href=\"https:\/\/tecnocal.com\/en\/category\/innovacion\/\">Innovation<\/a>, <a href=\"https:\/\/tecnocal.com\/en\/category\/innovation\/\">Innovation<\/a><\/div>            <a href=\"https:\/\/tecnocal.com\/en\/soluciones-inteligentes-covid-19\/\">\n                <h5 class=\"widgettitle dark-hover\">Smart solutions surrounding the COVID-19 phenomenon<\/h5>            <\/a>\n            <div class=\"blog-boxed-content\"><p>Para muchos, el a\u00f1o 2020 ser\u00e1 el a\u00f1o recordado por la irrupci\u00f3n del COVID-19, pero en TECNOCAL proponerlos recordarlo como un a\u00f1o...<\/p><\/div>\n            <div class=\"entry-foot\">\n                <span class=\"read-more\"><a href=\"https:\/\/tecnocal.com\/en\/soluciones-inteligentes-covid-19\/\">Read more<\/a><\/span>\n            <\/div>\n        <\/div>\n        <div class=\"entry-meta overflow-hidden\">\n            <div class=\"float-left entry-date\">\n                <span><i class=\"ti-time\"><\/i>January 12, 2021<\/span>\n            <\/div>\n            <div class=\"float-left entry-author pl-16\">\n                <span><i class=\"ti-user\"><\/i><a href=\"https:\/\/tecnocal.com\/en\/author\/admin\/\" title=\"Posts by admin\" rel=\"author\">admin<\/a><\/span>\n            <\/div>\n                            <span class=\"inline-block float-right post-action p0\">\n                \t        <span class=\"tlg-likes-button static-icon inline-block tlg-likes-normal\">\n\t        \t<a href=\"#\" class=\"tlg-likes\" id=\"tlg-likes-11708\" title=\"\">\n\t        \t\t<i class=\"ti-heart\"><\/i><span class=\"like-share-name\">5<span> likes<\/span><\/span>\t        \t<\/a>\n\t        <\/span>\n\t                        <\/span>\n                                <\/div>\n        <\/div><div class=\"boxed-intro blog-boxed overflow-hidden zoom-hover icon-hover mb70 blog-content\">\n                <div class=\"overflow-hidden relative\">\n                <div class=\"intro-image overflow-hidden relative\">\n                    <a href=\"https:\/\/tecnocal.com\/en\/7-motivos-por-los-cuales-la-innovacion-prospera-en-chile\/\">\n                                                    <img class=\"background-image\" alt=\"post-image\" src=\"https:\/\/www.tecnocal.com\/wp-content\/uploads\/2020\/12\/Santiago-foto-de-Jenn1.jpeg\" \/>\n                                                                        <span class=\"overlay-default\"><\/span>\n                        <span class=\"plus-icon\"><\/span>\n                    <\/a>\n                <\/div>\n            <\/div>\n                <div class=\"intro-content\">\n            <div class=\"blog-categories\"><a href=\"https:\/\/tecnocal.com\/en\/category\/chile\/\">Chile<\/a>, <a href=\"https:\/\/tecnocal.com\/en\/category\/innovacion\/\">Innovation<\/a>, <a href=\"https:\/\/tecnocal.com\/en\/category\/innovation\/\">Innovation<\/a><\/div>            <a href=\"https:\/\/tecnocal.com\/en\/7-motivos-por-los-cuales-la-innovacion-prospera-en-chile\/\">\n                <h5 class=\"widgettitle dark-hover\">7 Reasons Why Innovation Thrives in Chile<\/h5>            <\/a>\n            <div class=\"blog-boxed-content\"><p>Hasta el a\u00f1o 2010, las exportaciones de Chile depend\u00edan fuertemente del cobre. Desde entonces, los chilenos se han enfocado en hacer del pa\u00eds el \u201chub de innovaci\u00f3n y entrepreneurship\u201d de...<\/p><\/div>\n            <div class=\"entry-foot\">\n                <span class=\"read-more\"><a href=\"https:\/\/tecnocal.com\/en\/7-motivos-por-los-cuales-la-innovacion-prospera-en-chile\/\">Read more<\/a><\/span>\n            <\/div>\n        <\/div>\n        <div class=\"entry-meta overflow-hidden\">\n            <div class=\"float-left entry-date\">\n                <span><i class=\"ti-time\"><\/i>December 15, 2020<\/span>\n            <\/div>\n            <div class=\"float-left entry-author pl-16\">\n                <span><i class=\"ti-user\"><\/i><a href=\"https:\/\/tecnocal.com\/en\/author\/admin\/\" title=\"Posts by admin\" rel=\"author\">admin<\/a><\/span>\n            <\/div>\n                            <span class=\"inline-block float-right post-action p0\">\n                \t        <span class=\"tlg-likes-button static-icon inline-block tlg-likes-normal\">\n\t        \t<a href=\"#\" class=\"tlg-likes\" id=\"tlg-likes-10711\" title=\"\">\n\t        \t\t<i class=\"ti-heart\"><\/i><span class=\"like-share-name\">5<span> likes<\/span><\/span>\t        \t<\/a>\n\t        <\/span>\n\t                        <\/span>\n                                <\/div>\n        <\/div><div class=\"row\"><\/div><\/div><\/div><\/div><\/section><\/div><\/div><\/div><\/div><\/div><\/div>","protected":false},"excerpt":{"rendered":"Hasta el a\u00f1o 2010, las exportaciones de Chile depend\u00edan fuertemente del cobre. Desde entonces, los chilenos se han enfocado en hacer del pa\u00eds el \u201chub de innovaci\u00f3n y entrepreneurship\u201d de Latinoam\u00e9rica. Hogar de algunas de las compa\u00f1\u00edas l\u00edderes del mundo como las industrias Codelco (cobre), Falabella (retail), Concha y Toro (vino) y Hortifruit, TECNOCAL, se...","protected":false},"author":1,"featured_media":8304,"parent":1808,"menu_order":0,"comment_status":"closed","ping_status":"closed","template":"","meta":{"_monsterinsights_skip_tracking":false,"_monsterinsights_sitenote_active":false,"_monsterinsights_sitenote_note":"","_monsterinsights_sitenote_category":0},"_links":{"self":[{"href":"https:\/\/tecnocal.com\/en\/wp-json\/wp\/v2\/pages\/1823"}],"collection":[{"href":"https:\/\/tecnocal.com\/en\/wp-json\/wp\/v2\/pages"}],"about":[{"href":"https:\/\/tecnocal.com\/en\/wp-json\/wp\/v2\/types\/page"}],"author":[{"embeddable":true,"href":"https:\/\/tecnocal.com\/en\/wp-json\/wp\/v2\/users\/1"}],"replies":[{"embeddable":true,"href":"https:\/\/tecnocal.com\/en\/wp-json\/wp\/v2\/comments?post=1823"}],"version-history":[{"count":0,"href":"https:\/\/tecnocal.com\/en\/wp-json\/wp\/v2\/pages\/1823\/revisions"}],"up":[{"embeddable":true,"href":"https:\/\/tecnocal.com\/en\/wp-json\/wp\/v2\/pages\/1808"}],"wp:featuredmedia":[{"embeddable":true,"href":"https:\/\/tecnocal.com\/en\/wp-json\/wp\/v2\/media\/8304"}],"wp:attachment":[{"href":"https:\/\/tecnocal.com\/en\/wp-json\/wp\/v2\/media?parent=1823"}],"curies":[{"name":"wp","href":"https:\/\/api.w.org\/{rel}","templated":true}]}}