{"id":11832,"date":"2021-01-12T20:44:15","date_gmt":"2021-01-12T23:44:15","guid":{"rendered":"https:\/\/www.tecnocal.com\/?page_id=11832"},"modified":"2021-03-11T11:01:05","modified_gmt":"2021-03-11T14:01:05","slug":"logros","status":"publish","type":"page","link":"https:\/\/tecnocal.com\/en\/logros\/","title":{"rendered":"Achievements"},"content":{"rendered":"<section class=\"vc_row wpb_row vc_row-fluid bg-light pt0 pb0 not-equal not-color\"><div class=\"container\"><div class=\"row\"><div class=\"wpb_column vc_column_container vc_col-sm-12\"><div class=\"vc_column-inner\"><div class=\"wpb_wrapper\"><div class=\"vc_row wpb_row vc_inner vc_row-fluid\"><div class=\"wpb_column vc_column_container vc_col-sm-12\"><div class=\"vc_column-inner\"><div class=\"wpb_wrapper\">\n\t<div class=\"wpb_text_column wpb_content_element  vc_custom_1610508204368\" >\n\t\t<div class=\"wpb_wrapper\">\n\t\t\t<h3 style=\"text-align: center;\"><span style=\"color: #003366;\">In almost 30 years of history, we have designed and developed +300 projects, positively impacting the lives of more than 250 million people.<\/span><\/h3>\n\n\t\t<\/div>\n\t<\/div>\n<\/div><\/div><\/div><\/div><\/div><\/div><\/div><\/div><\/div><\/section><section id=\"exitos\" class=\"vc_row wpb_row vc_row-fluid bg-light not-equal not-color\"><div class=\"container\"><div class=\"row\"><div class=\"wpb_column vc_column_container vc_col-sm-12\"><div class=\"vc_column-inner\"><div class=\"wpb_wrapper\"><div class=\"headings-title\"><div class=\"mb70 mb-xs-40 text-center\"><h5  class=\"widgettitle\">Some of our Success Stories<\/h5><div class=\"divider-wrap\"><div class=\"tlg-divider\" style=\"background-color:#81d742!important;\"><\/div><\/div><\/div><\/div><div class=\"vc_row wpb_row vc_inner vc_row-fluid vc_column-gap-15 vc_row-o-content-middle vc_row-flex\"><div class=\"wpb_column vc_column_container vc_col-sm-4\"><div class=\"vc_column-inner\"><div class=\"wpb_wrapper\"><div id=\"iconbox-69d54b122fda7\" class=\"\"><div class=\"icon-link\"><div class=\"boxed boxed-intro boxed-animate animate-center relative mb0 inner-title hover-reveal  boxed-image\">\n\t\t\t\t\t\t\t<div class=\"icon-image\"><span class=\"ti-ticket behind-icon\"><\/span><img src=\"https:\/\/tecnocal.com\/wp-content\/uploads\/2021\/01\/pexels-photo-1587097-600x600.jpeg\" alt=\"icon-image\" \/><div class=\"image-overlay\"><div class=\"image-overlay-inner\">\n    \t\t\t\t\t\t<i  class=\"ti-ticket\"><\/i><h2 style=\"color:#81d742!important;\" class=\"widgettitle\">Payment Validator<\/h2><\/div><\/div><\/div>\n\t\t\t\t\t\t\t<div class=\"title\"><i class=\"ti-ticket  white-color inline-block mb24 icon-text\"><\/i>\n\t\t\t\t\t\t\t\t<h2 style=\"color:#81d742!important;\" class=\"widgettitle\">Payment Validator<\/h2><div  class=\"icon-content\"><\/p>\n<h6><img loading=\"lazy\" class=\"wp-image-11838 alignleft\" src=\"https:\/\/www.tecnocal.com\/wp-content\/uploads\/2021\/01\/Validor-de-pago.png\" alt=\"\" width=\"56\" height=\"100\" srcset=\"https:\/\/tecnocal.com\/wp-content\/uploads\/2021\/01\/Validor-de-pago.png 74w, https:\/\/tecnocal.com\/wp-content\/uploads\/2021\/01\/Validor-de-pago-7x12.png 7w\" sizes=\"(max-width: 56px) 100vw, 56px\" \/>A payment solution developed for SONDA. It is compatible with any MIFARE reloadable card system. Since 2011, Metro Bus, the public transportation system in Panama City, Panama, has implemented it in more than 2,800 units. Additionally, this device was certi\ufb01ed in 13 standards related to electronic equipment in transportation and received AIE's 2012 Best Business or Public Sector Technology Project or Development Award.<\/h6>\n<p>\n<\/div>\n\t\t\t\t\t\t\t<\/div>\n\t\t\t\t\t\t<\/div><\/div><\/div><div class=\"tlg-spacer\" data-height=\"15\" data-height-tablet=\"10\" data-height-mobile=\"5\" style=\"clear:both;display:block;height:15px;\"><\/div><div class=\"text-center\"><a  id=\"btn-69d54b1230367\" class=\"btn btn-rounded btn-sm  hvr-grow btn-sm-sm\" href= \"http:\/\/aie.cl\/node\/1252\" target=' _blank' >Award<i class=\"ti-ticket\"><\/i><\/a><\/div><\/div><\/div><\/div><div class=\"wpb_column vc_column_container vc_col-sm-4\" id=\"#beewaze\"><div class=\"vc_column-inner\"><div class=\"wpb_wrapper\"><div id=\"iconbox-69d54b123045f\" class=\"\"><div class=\"icon-link\"><div class=\"boxed boxed-intro boxed-animate animate-center relative mb0 inner-title hover-reveal  boxed-image\">\n\t\t\t\t\t\t\t<div class=\"icon-image\"><span class=\"ti-shine behind-icon\"><\/span><img src=\"https:\/\/tecnocal.com\/wp-content\/uploads\/2021\/01\/bee-honey-bee-apis-insect-144252-600x600.jpeg\" alt=\"icon-image\" \/><div class=\"image-overlay\"><div class=\"image-overlay-inner\">\n    \t\t\t\t\t\t<i  class=\"ti-shine\"><\/i><h2 style=\"color:#81d742!important;\" class=\"widgettitle\">IoT Node-Beekeeping<\/h2><\/div><\/div><\/div>\n\t\t\t\t\t\t\t<div class=\"title\"><i class=\"ti-shine  white-color inline-block mb24 icon-text\"><\/i>\n\t\t\t\t\t\t\t\t<h2 style=\"color:#81d742!important;\" class=\"widgettitle\">IoT Node-Beekeeping<\/h2><div  class=\"icon-content\"><\/p>\n<h6><img loading=\"lazy\" class=\"wp-image-11880 alignleft\" src=\"https:\/\/www.tecnocal.com\/wp-content\/uploads\/2021\/01\/Screenshot_1.jpg\" alt=\"\" width=\"113\" height=\"78\" srcset=\"https:\/\/tecnocal.com\/wp-content\/uploads\/2021\/01\/Screenshot_1.jpg 264w, https:\/\/tecnocal.com\/wp-content\/uploads\/2021\/01\/Screenshot_1-16x12.jpg 16w\" sizes=\"(max-width: 113px) 100vw, 113px\" \/>TECNOCAL developed the technology behind the BeeWaze IoT Node to offer a solution for sustainable beekeeping practices. Collecting internal hive data such as humidity, temperature, and weight, along with external variables, reduces the risk of mortality and increases productivity in agriculture. BeeWaze was the winner of CORFO's 2018 IoT Challenge and First Generation Accelerator of Triple Impact Ventures.<\/h6>\n<p>\n<\/div>\n\t\t\t\t\t\t\t<\/div>\n\t\t\t\t\t\t<\/div><\/div><\/div><div class=\"tlg-spacer\" data-height=\"15\" data-height-tablet=\"10\" data-height-mobile=\"5\" style=\"clear:both;display:block;height:15px;\"><\/div><div class=\"text-center\"><a  id=\"btn-69d54b12308f3\" class=\"btn btn-rounded btn-sm  hvr-grow btn-sm-sm\" href= \"https:\/\/beewaze.com\/es\/\" target=' _blank' >Beewaze<i class=\"ti-shine\"><\/i><\/a><\/div><\/div><\/div><\/div><div class=\"wpb_column vc_column_container vc_col-sm-4\"><div class=\"vc_column-inner\"><div class=\"wpb_wrapper\"><div id=\"iconbox-69d54b12309e4\" class=\"\"><div class=\"icon-link\"><div class=\"boxed boxed-intro boxed-animate animate-center relative mb0 inner-title hover-reveal  boxed-image\">\n\t\t\t\t\t\t\t<div class=\"icon-image\"><span class=\"ti-package behind-icon\"><\/span><img src=\"https:\/\/tecnocal.com\/wp-content\/uploads\/2021\/01\/pexels-photo-4483610-600x600.jpeg\" alt=\"icon-image\" \/><div class=\"image-overlay\"><div class=\"image-overlay-inner\">\n    \t\t\t\t\t\t<i  class=\"ti-package\"><\/i><h2 style=\"color:#81d742!important;\" class=\"widgettitle\">The Infrared Portal<\/h2><\/div><\/div><\/div>\n\t\t\t\t\t\t\t<div class=\"title\"><i class=\"ti-package  white-color inline-block mb24 icon-text\"><\/i>\n\t\t\t\t\t\t\t\t<h2 style=\"color:#81d742!important;\" class=\"widgettitle\">The Infrared Portal<\/h2><div  class=\"icon-content\"><\/p>\n<h6><img loading=\"lazy\" class=\"wp-image-10135 alignleft\" src=\"https:\/\/www.tecnocal.com\/wp-content\/uploads\/2020\/12\/portal_infrarrojo-230x300.jpg\" alt=\"\" width=\"80\" height=\"104\" srcset=\"https:\/\/tecnocal.com\/wp-content\/uploads\/2020\/12\/portal_infrarrojo-230x300.jpg 230w, https:\/\/tecnocal.com\/wp-content\/uploads\/2020\/12\/portal_infrarrojo-9x12.jpg 9w, https:\/\/tecnocal.com\/wp-content\/uploads\/2020\/12\/portal_infrarrojo.jpg 585w\" sizes=\"(max-width: 80px) 100vw, 80px\" \/>Instantly detects the height, width, length, and weight of regular and irregular-sized packages moving on a conveyor belt\u2014essential solution for companies with shipping services. WSP EXPRESS in Chile uses the infrared portal to automate merchandise prices, efficiently processing hundreds of packages every day.<\/h6>\n<p>\n<\/div>\n\t\t\t\t\t\t\t<\/div>\n\t\t\t\t\t\t<\/div><\/div><\/div><div class=\"tlg-spacer\" data-height=\"15\" data-height-tablet=\"10\" data-height-mobile=\"5\" style=\"clear:both;display:block;height:15px;\"><\/div><div class=\"text-center\"><a  id=\"btn-69d54b1230e09\" class=\"btn btn-rounded btn-sm  hvr-grow btn-sm-sm\" href= \"https:\/\/tecnocal.com\/en\/dovera\/\" target=\"_self\" >Dovera<i class=\"ti-package\"><\/i><\/a><\/div><\/div><\/div><\/div><\/div><\/div><\/div><\/div><\/div><\/div><\/section><section id=\"premios\" class=\"vc_row wpb_row vc_row-fluid bg-secondary pb0 not-equal not-color\"><div class=\"container\"><div class=\"row\"><div class=\"wpb_column vc_column_container vc_col-sm-12\"><div class=\"vc_column-inner\"><div class=\"wpb_wrapper\"><div class=\"headings-title\"><div class=\"mb70 mb-xs-40 text-center\"><h5  class=\"widgettitle\">Awards &amp; Recognition<\/h5><div class=\"divider-wrap\"><div class=\"tlg-divider\" style=\"background-color:#81d742!important;\"><\/div><\/div><\/div><\/div><div class=\"vc_row wpb_row vc_inner vc_row-fluid vc_custom_1615470668934\"><div class=\"wpb_column vc_column_container vc_col-sm-12\"><div class=\"vc_column-inner\"><div class=\"wpb_wrapper\"><div class=\"timeline\"><article id=\"timeline-69d54b1231190\" class=\"timeline-item\">\r\n\t\t\t\t\t<div class=\"timeline-dot\" ><i class=\"ti-pulse\"><\/i><\/div>\r\n\t\t\t\t\t<div class=\"timeline-date\"><div class=\"linetime\"><div class=\"month-text pt10\">2001<\/div><\/div><\/div>\r\n\t\t\t\t\t<div class=\"timeline-body\"><div class=\"timeline-text\"><h5 >CORFO Technology Fund<\/h5><div ><p>CORFO awarded a technological fund to subsidize the design and certification of the MCR-21 cardiorespiratory monitor.<\/p>\n<\/div>\r\n\t\t\t\t\t<\/div><\/div>\r\n\t\t\t\t<\/article><script type=\"text\/javascript\">jQuery(document).ready(function(){jQuery('head').append('<style type=\"text\/css\" id=\"tlg-custom-css-timeline-69d54b1231190\">#timeline-69d54b1231190.timeline-item:hover .timeline-dot{background-color:#81d742!important;}<\/style>');});<\/script><article id=\"timeline-69d54b12311bb\" class=\"timeline-item\">\r\n\t\t\t\t\t<div class=\"timeline-dot\" ><i class=\"ti-light-bulb\"><\/i><\/div>\r\n\t\t\t\t\t<div class=\"timeline-date\"><div class=\"linetime\"><div class=\"month-text pt10\">2008<\/div><\/div><\/div>\r\n\t\t\t\t\t<div class=\"timeline-body\"><div class=\"timeline-text\"><h5 >Recognition for technology &amp; innovation<\/h5><div ><p><span style=\"font-weight: 400;\">UTFSM Recognition Award for technology and innovation and.<\/span><\/p>\n<p><a href=\"https:\/\/noticias.usm.cl\/2008\/11\/18\/usm-distingue-a-ex-alumnos-por-su-aporte-a-la-innovacion\/\" target=\"_blank\" rel=\"noopener noreferrer\">More &gt;<\/a><\/p>\n<\/div>\r\n\t\t\t\t\t<\/div><\/div>\r\n\t\t\t\t<\/article><script type=\"text\/javascript\">jQuery(document).ready(function(){jQuery('head').append('<style type=\"text\/css\" id=\"tlg-custom-css-timeline-69d54b12311bb\">#timeline-69d54b12311bb.timeline-item:hover .timeline-dot{background-color:#81d742!important;}<\/style>');});<\/script><article id=\"timeline-69d54b12311df\" class=\"timeline-item\">\r\n\t\t\t\t\t<div class=\"timeline-dot\" ><i class=\"ti-bolt-alt\"><\/i><\/div>\r\n\t\t\t\t\t<div class=\"timeline-date\"><div class=\"linetime\"><div class=\"month-text pt10\">2008<\/div><\/div><\/div>\r\n\t\t\t\t\t<div class=\"timeline-body\"><div class=\"timeline-text\"><h5 >Award for the BLINGER<\/h5><div ><p><span style=\"font-weight: 400;\">AIE awards prize for Electronic Development for the BLINGER.<\/span><\/p>\n<p><a href=\"http:\/\/www.aie.cl\/2008-06-cenaaie\" target=\"_blank\" rel=\"noopener noreferrer\">More &gt;<\/a><\/p>\n<\/div>\r\n\t\t\t\t\t<\/div><\/div>\r\n\t\t\t\t<\/article><script type=\"text\/javascript\">jQuery(document).ready(function(){jQuery('head').append('<style type=\"text\/css\" id=\"tlg-custom-css-timeline-69d54b12311df\">#timeline-69d54b12311df.timeline-item:hover .timeline-dot{background-color:#81d742!important;}<\/style>');});<\/script><article id=\"timeline-69d54b1231202\" class=\"timeline-item\">\r\n\t\t\t\t\t<div class=\"timeline-dot\" ><i class=\"ti-panel\"><\/i><\/div>\r\n\t\t\t\t\t<div class=\"timeline-date\"><div class=\"linetime\"><div class=\"month-text pt10\">2011<\/div><\/div><\/div>\r\n\t\t\t\t\t<div class=\"timeline-body\"><div class=\"timeline-text\"><h5 >Programmable Controller Award<\/h5><div ><p><span style=\"font-weight: 400;\">AIE awards a prize to the Best Technology Project in the public sector for the Programmable Controller and its control of power converter systems.<\/span><\/p>\n<\/div>\r\n\t\t\t\t\t<\/div><\/div>\r\n\t\t\t\t<\/article><script type=\"text\/javascript\">jQuery(document).ready(function(){jQuery('head').append('<style type=\"text\/css\" id=\"tlg-custom-css-timeline-69d54b1231202\">#timeline-69d54b1231202.timeline-item:hover .timeline-dot{background-color:#81d742!important;}<\/style>');});<\/script><article id=\"timeline-69d54b1231216\" class=\"timeline-item\">\r\n\t\t\t\t\t<div class=\"timeline-dot\" ><i class=\"ti-ticket\"><\/i><\/div>\r\n\t\t\t\t\t<div class=\"timeline-date\"><div class=\"linetime\"><div class=\"month-text pt10\">2012<\/div><\/div><\/div>\r\n\t\t\t\t\t<div class=\"timeline-body\"><div class=\"timeline-text\"><h5 >Award for the Payment Validator<\/h5><div ><p><span style=\"font-weight: 400;\">AIE awards a prize to the Best Technology Project in the public sector for the Programmable Controller and its control of power converter systems.<\/span><\/p>\n<p><a href=\"http:\/\/aie.cl\/node\/1252\" target=\"_blank\" rel=\"noopener noreferrer\">More &gt;<\/a><\/p>\n<\/div>\r\n\t\t\t\t\t<\/div><\/div>\r\n\t\t\t\t<\/article><script type=\"text\/javascript\">jQuery(document).ready(function(){jQuery('head').append('<style type=\"text\/css\" id=\"tlg-custom-css-timeline-69d54b1231216\">#timeline-69d54b1231216.timeline-item:hover .timeline-dot{background-color:#81d742!important;}<\/style>');});<\/script><article id=\"timeline-69d54b123122f\" class=\"timeline-item\">\r\n\t\t\t\t\t<div class=\"timeline-dot\" ><i class=\"ti-reload\"><\/i><\/div>\r\n\t\t\t\t\t<div class=\"timeline-date\"><div class=\"linetime\"><div class=\"month-text pt10\">2013<\/div><\/div><\/div>\r\n\t\t\t\t\t<div class=\"timeline-body\"><div class=\"timeline-text\"><h5 >Award for the Rack Automata<\/h5><div ><p><span style=\"font-weight: 400;\">AIE awards the Best Technological Development Award for Rack Automata.<\/span><\/p>\n<p><a href=\"https:\/\/www.canal-ar.com.ar\/19398-Empresa-chilena-Tecnocal-recibe-premio-al-Mejor-Desarrollo-Tecnologico-2013.html\" target=\"_blank\" rel=\"noopener noreferrer\">More &gt;<\/a><\/p>\n<\/div>\r\n\t\t\t\t\t<\/div><\/div>\r\n\t\t\t\t<\/article><script type=\"text\/javascript\">jQuery(document).ready(function(){jQuery('head').append('<style type=\"text\/css\" id=\"tlg-custom-css-timeline-69d54b123122f\">#timeline-69d54b123122f.timeline-item:hover .timeline-dot{background-color:#81d742!important;}<\/style>');});<\/script><article id=\"timeline-69d54b123124b\" class=\"timeline-item\">\r\n\t\t\t\t\t<div class=\"timeline-dot\" ><i class=\"ti-cup\"><\/i><\/div>\r\n\t\t\t\t\t<div class=\"timeline-date\"><div class=\"linetime\"><div class=\"month-text pt10\">2014<\/div><\/div><\/div>\r\n\t\t\t\t\t<div class=\"timeline-body\"><div class=\"timeline-text\"><h5 >Top 100 Women Leaders Award<\/h5><div ><p><span style=\"font-weight: 400;\">El Mercurio recognizes Carmen Gloria Aracena as one of the Top 100 Women Leaders as Outstanding Entrepreneur in the Technology category.<\/span><\/p>\n<p><a href=\"https:\/\/aprenderly.com\/doc\/3239238\/fueron-premiadas-las-cien-mujeres-l%C3%ADderes-de-2014\" target=\"_blank\" rel=\"noopener noreferrer\">More &gt;<\/a><\/p>\n<\/div>\r\n\t\t\t\t\t<\/div><\/div>\r\n\t\t\t\t<\/article><script type=\"text\/javascript\">jQuery(document).ready(function(){jQuery('head').append('<style type=\"text\/css\" id=\"tlg-custom-css-timeline-69d54b123124b\">#timeline-69d54b123124b.timeline-item:hover .timeline-dot{background-color:#81d742!important;}<\/style>');});<\/script><\/div><\/div><\/div><\/div><\/div><\/div><\/div><\/div><\/div><\/div><\/section><section class=\"vc_row wpb_row vc_row-fluid bg-secondary pt0 pb0 not-equal not-color small-container vc_custom_1610724951703\"><div class=\"container\"><div class=\"row\"><div class=\"wpb_column vc_column_container vc_col-sm-12\"><div class=\"vc_column-inner\"><div class=\"wpb_wrapper\">\n\t<div class=\"wpb_text_column wpb_content_element  vc_custom_1610495522291\" >\n\t\t<div class=\"wpb_wrapper\">\n\t\t\t<h3 style=\"text-align: center;\">Let's Innovate<\/h3>\n\n\t\t<\/div>\n\t<\/div>\n<div class=\"text-center\"><a style=\"color:#565656;background:#81d742;border-color:transparent;\" id=\"btn-69d54b12314d9\" class=\"btn btn-rounded btn-sm  hvr-grow btn-sm-sm\" href= \"https:\/\/tecnocal.com\/en\/contacto\/\" target=\"_self\" >Schedule a conversation<i class=\"ti-arrow-circle-right\"><\/i><\/a><\/div><script type=\"text\/javascript\">jQuery(document).ready(function(){jQuery('head').append('<style type=\"text\/css\" id=\"tlg-custom-css-btn-69d54b12314d9\">#btn-69d54b12314d9:hover{color:#565656!important;background:#81d742!important;border-color:transparent!important;}<\/style>');});<\/script><\/div><\/div><\/div><\/div><\/div><\/section>","protected":false},"excerpt":{"rendered":"En casi 30 a\u00f1os de historia, hemos dise\u00f1ado y desarrollado +300 proyectos, impactando positivamente en la vida de m\u00e1s de 250 millones de personas. Algunos Casos de \u00c9xito Validador de Pago Validador de PagoDesarrollada para SONDA, el dispositivo funciona con el sistema de tarjetas recargables MIFARE. Desde 2011, lo funciona en m\u00e1s de 2800 unidades...","protected":false},"author":1,"featured_media":11944,"parent":0,"menu_order":0,"comment_status":"closed","ping_status":"closed","template":"","meta":{"_monsterinsights_skip_tracking":false,"_monsterinsights_sitenote_active":false,"_monsterinsights_sitenote_note":"","_monsterinsights_sitenote_category":0},"_links":{"self":[{"href":"https:\/\/tecnocal.com\/en\/wp-json\/wp\/v2\/pages\/11832"}],"collection":[{"href":"https:\/\/tecnocal.com\/en\/wp-json\/wp\/v2\/pages"}],"about":[{"href":"https:\/\/tecnocal.com\/en\/wp-json\/wp\/v2\/types\/page"}],"author":[{"embeddable":true,"href":"https:\/\/tecnocal.com\/en\/wp-json\/wp\/v2\/users\/1"}],"replies":[{"embeddable":true,"href":"https:\/\/tecnocal.com\/en\/wp-json\/wp\/v2\/comments?post=11832"}],"version-history":[{"count":192,"href":"https:\/\/tecnocal.com\/en\/wp-json\/wp\/v2\/pages\/11832\/revisions"}],"predecessor-version":[{"id":12913,"href":"https:\/\/tecnocal.com\/en\/wp-json\/wp\/v2\/pages\/11832\/revisions\/12913"}],"wp:featuredmedia":[{"embeddable":true,"href":"https:\/\/tecnocal.com\/en\/wp-json\/wp\/v2\/media\/11944"}],"wp:attachment":[{"href":"https:\/\/tecnocal.com\/en\/wp-json\/wp\/v2\/media?parent=11832"}],"curies":[{"name":"wp","href":"https:\/\/api.w.org\/{rel}","templated":true}]}}