{"id":11677,"date":"2021-01-11T21:40:25","date_gmt":"2021-01-12T00:40:25","guid":{"rendered":"https:\/\/www.tecnocal.com\/?page_id=11677"},"modified":"2021-01-29T20:42:28","modified_gmt":"2021-01-29T23:42:28","slug":"soluciones","status":"publish","type":"page","link":"https:\/\/tecnocal.com\/en\/soluciones\/","title":{"rendered":"Soluciones con Impacto"},"content":{"rendered":"<section class=\"vc_row wpb_row vc_row-fluid bg-secondary pt0 pb0 not-equal not-color vc_custom_1608071042200\"><div class=\"container\"><div class=\"row\"><div class=\"wpb_column vc_column_container vc_col-sm-12\"><div class=\"vc_column-inner\"><div class=\"wpb_wrapper\"><div class=\"headings-title\"><div class=\"mb0 mb-xs-40 text-left\"><h5  class=\"widgettitle mb0\">Comprehensive Solutions with Impact<\/h5><div  class=\"widgetsubtitle\">Services that integrate Hardware (HaaS), Software (SaaS), &amp; AI<\/div><div class=\"divider-wrap\"><div class=\"tlg-divider\" style=\"\"><\/div><\/div><\/div><\/div><div class=\"vc_row wpb_row vc_inner vc_row-fluid\"><div class=\"wpb_column vc_column_container vc_col-sm-6\"><div class=\"vc_column-inner\"><div class=\"wpb_wrapper\">\n\t<div class=\"wpb_text_column wpb_content_element  vc_custom_1610477376089\" >\n\t\t<div class=\"wpb_wrapper\">\n\t\t\t<p>TECNOCAL is a catalyst for the design and development of innovative solutions. Our business model encompasses a more global mindset and strategy, part of a circular economy for sustainable development.<\/p>\n<p><span style=\"font-weight: 400;\">Our current solutions align with <\/span><b>5<\/b><span style=\"font-weight: 400;\"> of the<\/span><b> 17 <\/b><a href=\"http:\/\/www.un.org\/sustainabledevelopment\/es\/objetivos-de-desarrollo-sostenible\/\"><b>Sustainable Development Goals<\/b><\/a><span style=\"font-weight: 400;\"> and Digital Transformation in various industries.<\/span><\/p>\n\n\t\t<\/div>\n\t<\/div>\n<\/div><\/div><\/div><div class=\"wpb_column vc_column_container vc_col-sm-6\"><div class=\"vc_column-inner\"><div class=\"wpb_wrapper\">\n\t<div  class=\"wpb_single_image wpb_content_element vc_align_left  vc_custom_1610580279040\">\n\t\t\n\t\t<figure class=\"wpb_wrapper vc_figure\">\n\t\t\t<div class=\"vc_single_image-wrapper vc_box_shadow_border  vc_box_border_grey\"><img width=\"1366\" height=\"271\" src=\"https:\/\/tecnocal.com\/wp-content\/uploads\/2021\/01\/ODS.png\" class=\"vc_single_image-img attachment-full\" alt=\"\" loading=\"lazy\" srcset=\"https:\/\/tecnocal.com\/wp-content\/uploads\/2021\/01\/ODS.png 1366w, https:\/\/tecnocal.com\/wp-content\/uploads\/2021\/01\/ODS-300x60.png 300w, https:\/\/tecnocal.com\/wp-content\/uploads\/2021\/01\/ODS-1024x203.png 1024w, https:\/\/tecnocal.com\/wp-content\/uploads\/2021\/01\/ODS-768x152.png 768w, https:\/\/tecnocal.com\/wp-content\/uploads\/2021\/01\/ODS-16x3.png 16w\" sizes=\"(max-width: 1366px) 100vw, 1366px\" \/><\/div>\n\t\t<\/figure>\n\t<\/div>\n<\/div><\/div><\/div><\/div><\/div><\/div><\/div><\/div><\/div><\/section><section class=\"vc_row wpb_row vc_row-fluid bg-secondary pt0 pb0 equal-height not-color vc_custom_1610774145226\"><div class=\"container\"><div class=\"row\"><div class=\"wpb_column vc_column_container vc_col-sm-12\"><div class=\"vc_column-inner\"><div class=\"wpb_wrapper\"><div class=\"headings-title\"><div class=\"mb70 mb-xs-40 text-center\"><h5  class=\"widgettitle\">Some of Our Solutions<\/h5><div class=\"divider-wrap\"><div class=\"tlg-divider\" style=\"\"><\/div><\/div><\/div><\/div><\/div><\/div><\/div><\/div><\/div><\/section><section class=\"vc_row wpb_row vc_row-fluid bg-secondary pt0 pb0 equal-height not-color small-container vc_custom_1610774139952\"><div class=\"container\"><div class=\"row\"><div class=\"wpb_column vc_column_container vc_col-sm-4\"><div class=\"vc_column-inner\"><div class=\"wpb_wrapper\"><div id=\"iconbox-69d54c4ee3a2c\" class=\"\"><div class=\"icon-link\"><div class=\"boxed boxed-intro boxed-animate animate-center relative mb0 inner-title hover-reveal  boxed-image\">\n\t\t\t\t\t\t\t<div class=\"icon-image\"><span class=\"ti-package behind-icon\"><\/span><img src=\"https:\/\/tecnocal.com\/wp-content\/uploads\/2020\/07\/Portal-Infrarrojo-600x600.jpg\" alt=\"icon-image\" \/><div class=\"image-overlay\"><div class=\"image-overlay-inner\">\n    \t\t\t\t\t\t<i  class=\"ti-package\"><\/i><h2  class=\"widgettitle\">Dovera<\/h2><div  class=\"widgetsubtitle\">Soluci\u00f3n Log\u00edstica<\/div><\/div><\/div><\/div>\n\t\t\t\t\t\t\t<div class=\"title\"><i class=\"ti-package  white-color inline-block mb24 icon-text\"><\/i>\n\t\t\t\t\t\t\t\t<h2  class=\"widgettitle\">Dovera<\/h2><a  id=\"btn-69d54c4ee3a2d\" class=\"btn btn-filled btn-light btn-rounded    btn-sm-sm text-center mr-0 mb0 mt8\" href= \"https:\/\/tecnocal.com\/en\/dovera\/\" target=\"_self\" >Ver m\u00e1s<i class=\"ti-angle-right\"><\/i><\/a>\n\t\t\t\t\t\t\t<\/div>\n\t\t\t\t\t\t<\/div><\/div><\/div><\/div><\/div><\/div><div class=\"wpb_column vc_column_container vc_col-sm-4\"><div class=\"vc_column-inner\"><div class=\"wpb_wrapper\"><div id=\"iconbox-69d54c4ee402b\" class=\"\"><div class=\"icon-link\"><div class=\"boxed boxed-intro boxed-animate animate-center relative mb0 inner-title hover-reveal  boxed-image\">\n\t\t\t\t\t\t\t<div class=\"icon-image\"><span class=\"ti-heart-broken behind-icon\"><\/span><img src=\"https:\/\/tecnocal.com\/wp-content\/uploads\/2020\/12\/Yosoku-crop2-scaled-600x600.jpg\" alt=\"icon-image\" \/><div class=\"image-overlay\"><div class=\"image-overlay-inner\">\n    \t\t\t\t\t\t<i  class=\"ti-heart-broken\"><\/i><h2  class=\"widgettitle\">Keisoku Wearable<\/h2><div  class=\"widgetsubtitle\">Salud y Seguridad Ocupacional<\/div><\/div><\/div><\/div>\n\t\t\t\t\t\t\t<div class=\"title\"><i class=\"ti-heart-broken  white-color inline-block mb24 icon-text\"><\/i>\n\t\t\t\t\t\t\t\t<h2  class=\"widgettitle\">Keisoku Wearable<\/h2><a  id=\"btn-69d54c4ee402d\" class=\"btn btn-filled btn-light btn-rounded  ti-angle-right  btn-sm-sm text-center mr-0 mb0 mt8\" href= \"https:\/\/tecnocal.com\/en\/wearable\/\" target=\"_self\" >Ver m\u00e1s<\/a>\n\t\t\t\t\t\t\t<\/div>\n\t\t\t\t\t\t<\/div><\/div><\/div><\/div><\/div><\/div><div class=\"wpb_column vc_column_container vc_col-sm-4\"><div class=\"vc_column-inner\"><div class=\"wpb_wrapper\"><div id=\"iconbox-69d54c4ee4668\" class=\"\"><div class=\"icon-link\"><div class=\"boxed boxed-intro boxed-animate animate-center relative mb0 inner-title hover-reveal  boxed-image\">\n\t\t\t\t\t\t\t<div class=\"icon-image\"><span class=\"ti-plug behind-icon\"><\/span><img src=\"https:\/\/tecnocal.com\/wp-content\/uploads\/2021\/01\/edit-2-1-600x600.png\" alt=\"icon-image\" \/><div class=\"image-overlay\"><div class=\"image-overlay-inner\">\n    \t\t\t\t\t\t<i  class=\"ti-plug\"><\/i><h2  class=\"widgettitle\">En\u0259rj\u0113 Solution<\/h2><div  class=\"widgetsubtitle\">Eficiencia Energ\u00e9tica<\/div><\/div><\/div><\/div>\n\t\t\t\t\t\t\t<div class=\"title\"><i class=\"ti-plug  white-color inline-block mb24 icon-text\"><\/i>\n\t\t\t\t\t\t\t\t<h2  class=\"widgettitle\">En\u0259rj\u0113 Solution<\/h2><a  id=\"btn-69d54c4ee4669\" class=\"btn btn-filled btn-light btn-rounded  ti-angle-right  btn-sm-sm text-center mr-0 mb0 mt8\" href= \"https:\/\/tecnocal.com\/en\/eficiencia-energetica\/\" target=\"_self\" >Ver m\u00e1s<\/a>\n\t\t\t\t\t\t\t<\/div>\n\t\t\t\t\t\t<\/div><\/div><\/div><\/div><\/div><\/div><\/div><\/div><\/section><section class=\"vc_row wpb_row vc_row-fluid bg-light pt0 pb0 not-equal not-color small-container vc_custom_1611091785879\"><div class=\"container\"><div class=\"row\"><div class=\"wpb_column vc_column_container vc_col-sm-12\"><div class=\"vc_column-inner vc_custom_1610773826247\"><div class=\"wpb_wrapper\"><div class=\"headings-title\"><div class=\"mb0 mb-xs-40 text-center\"><div class=\"divider-wrap\"><i  class=\"ti-light-bulb\"><\/i><div class=\"tlg-divider tlg-divider-large\" style=\"\"><\/div><\/div><div style=\"font-size:17px;line-height:22px;text-transform: none!important;\" class=\"widgetsubtitle\">Let's develop a tailor-made solution together.<\/div><\/div><\/div><div class=\"vc_row wpb_row vc_inner vc_row-fluid vc_custom_1610776407551 vc_column-gap-10 vc_row-o-content-top vc_row-flex\"><div class=\"wpb_column vc_column_container vc_col-sm-2\"><div class=\"vc_column-inner\"><div class=\"wpb_wrapper\"><\/div><\/div><\/div><div class=\"wpb_column vc_column_container vc_col-sm-10\"><div class=\"vc_column-inner\"><div class=\"wpb_wrapper\"><div role=\"form\" class=\"wpcf7\" id=\"wpcf7-f12435-o1\" lang=\"en-US\" dir=\"ltr\">\n<div class=\"screen-reader-response\"><p role=\"status\" aria-live=\"polite\" aria-atomic=\"true\"><\/p> <ul><\/ul><\/div>\n<form action=\"\/en\/wp-json\/wp\/v2\/pages\/11677#wpcf7-f12435-o1\" method=\"post\" class=\"wpcf7-form init\" novalidate=\"novalidate\" data-status=\"init\" data-trp-original-action=\"\/en\/wp-json\/wp\/v2\/pages\/11677#wpcf7-f12435-o1\">\n<div style=\"display: none;\">\n<input type=\"hidden\" name=\"_wpcf7\" value=\"12435\" \/>\n<input type=\"hidden\" name=\"_wpcf7_version\" value=\"5.3.2\" \/>\n<input type=\"hidden\" name=\"_wpcf7_locale\" value=\"en_US\" \/>\n<input type=\"hidden\" name=\"_wpcf7_unit_tag\" value=\"wpcf7-f12435-o1\" \/>\n<input type=\"hidden\" name=\"_wpcf7_container_post\" value=\"0\" \/>\n<input type=\"hidden\" name=\"_wpcf7_posted_data_hash\" value=\"\" \/>\n<input type=\"hidden\" name=\"_wpcf7_recaptcha_response\" value=\"\" \/>\n<\/div>\n<div class=\"form-container\">\n<p><span class=\"wpcf7-form-control-wrap your-name\"><input type=\"text\" name=\"your-name\" value=\"\" size=\"40\" class=\"wpcf7-form-control wpcf7-text wpcf7-validates-as-required\" aria-required=\"true\" aria-invalid=\"false\" placeholder=\"Full Name\" \/><\/span><span class=\"wpcf7-form-control-wrap your-email\"><input type=\"email\" name=\"your-email\" value=\"\" size=\"40\" class=\"wpcf7-form-control wpcf7-text wpcf7-email wpcf7-validates-as-required wpcf7-validates-as-email\" aria-required=\"true\" aria-invalid=\"false\" placeholder=\"Email Address\" \/><\/span><input type=\"submit\" value=\"Let&#039;s talk\" class=\"wpcf7-form-control wpcf7-submit\" \/><\/p>\n<p style=\"display: none !important;\"><label>&#916;<textarea name=\"_wpcf7_ak_hp_textarea\" cols=\"45\" rows=\"8\" maxlength=\"100\"><\/textarea><\/label><input type=\"hidden\" id=\"ak_js\" name=\"_wpcf7_ak_js\" value=\"119\"\/><script>document.getElementById( \"ak_js\" ).setAttribute( \"value\", ( new Date() ).getTime() );<\/script><\/p><div class=\"wpcf7-response-output\" aria-hidden=\"true\"><\/div><input type=\"hidden\" name=\"trp-form-language\" value=\"en\"\/><\/form><\/div><\/div><\/div><\/div><\/div><\/div><\/div><\/div><\/div><\/div><\/section>","protected":false},"excerpt":{"rendered":"Soluciones Integrales con ImpactoServicios que integran Hardware (HaaS), Software (SaaS) e IA TECNOCAL es un catalizador para el dise\u00f1o y desarrollo de soluciones innovadoras. Nuestro modelo de negocio abarca una mentalidad y una estrategia m\u00e1s global, que es parte de una econom\u00eda circular para el desarrollo sostenible. Nuestros actuales soluciones se alinean a 5 de...","protected":false},"author":1,"featured_media":12122,"parent":0,"menu_order":0,"comment_status":"closed","ping_status":"closed","template":"","meta":{"_monsterinsights_skip_tracking":false,"_monsterinsights_sitenote_active":false,"_monsterinsights_sitenote_note":"","_monsterinsights_sitenote_category":0},"_links":{"self":[{"href":"https:\/\/tecnocal.com\/en\/wp-json\/wp\/v2\/pages\/11677"}],"collection":[{"href":"https:\/\/tecnocal.com\/en\/wp-json\/wp\/v2\/pages"}],"about":[{"href":"https:\/\/tecnocal.com\/en\/wp-json\/wp\/v2\/types\/page"}],"author":[{"embeddable":true,"href":"https:\/\/tecnocal.com\/en\/wp-json\/wp\/v2\/users\/1"}],"replies":[{"embeddable":true,"href":"https:\/\/tecnocal.com\/en\/wp-json\/wp\/v2\/comments?post=11677"}],"version-history":[{"count":50,"href":"https:\/\/tecnocal.com\/en\/wp-json\/wp\/v2\/pages\/11677\/revisions"}],"predecessor-version":[{"id":12786,"href":"https:\/\/tecnocal.com\/en\/wp-json\/wp\/v2\/pages\/11677\/revisions\/12786"}],"wp:featuredmedia":[{"embeddable":true,"href":"https:\/\/tecnocal.com\/en\/wp-json\/wp\/v2\/media\/12122"}],"wp:attachment":[{"href":"https:\/\/tecnocal.com\/en\/wp-json\/wp\/v2\/media?parent=11677"}],"curies":[{"name":"wp","href":"https:\/\/api.w.org\/{rel}","templated":true}]}}