{"id":11644,"date":"2021-01-11T15:49:40","date_gmt":"2021-01-11T18:49:40","guid":{"rendered":"https:\/\/www.tecnocal.com\/?page_id=11644"},"modified":"2021-01-20T18:11:37","modified_gmt":"2021-01-20T21:11:37","slug":"fabricacion-de-hardware","status":"publish","type":"page","link":"https:\/\/tecnocal.com\/en\/fabricacion-de-hardware\/","title":{"rendered":"Fabricaci\u00f3n de hardware"},"content":{"rendered":"<section class=\"vc_row wpb_row vc_row-fluid bg-secondary pt0 pb0 not-equal not-color vc_custom_1610754540491\"><div class=\"container\"><div class=\"row\"><div class=\"wpb_column vc_column_container vc_col-sm-12\"><div class=\"vc_column-inner\"><div class=\"wpb_wrapper\"><div class=\"headings-title\"><div class=\"mb0 mb-xs-40 text-left\"><h5  class=\"widgettitle mb0\">Development Consultancy Services<\/h5><div  class=\"widgetsubtitle\">For developing companies looking to certify and scale<\/div><div class=\"divider-wrap\"><div class=\"tlg-divider\" style=\"\"><\/div><\/div><\/div><\/div><div class=\"vc_row wpb_row vc_inner vc_row-fluid vc_custom_1610772603960\"><div class=\"wpb_column vc_column_container vc_col-sm-6\"><div class=\"vc_column-inner\"><div class=\"wpb_wrapper\">\n\t<div  class=\"wpb_single_image wpb_content_element vc_align_left  vc_custom_1610394193057\">\n\t\t\n\t\t<figure class=\"wpb_wrapper vc_figure\">\n\t\t\t<div class=\"vc_single_image-wrapper vc_box_shadow_border  vc_box_border_grey\"><img width=\"534\" height=\"300\" src=\"https:\/\/tecnocal.com\/wp-content\/uploads\/2021\/01\/Hardware.png\" class=\"vc_single_image-img attachment-full\" alt=\"\" loading=\"lazy\" srcset=\"https:\/\/tecnocal.com\/wp-content\/uploads\/2021\/01\/Hardware.png 534w, https:\/\/tecnocal.com\/wp-content\/uploads\/2021\/01\/Hardware-300x169.png 300w, https:\/\/tecnocal.com\/wp-content\/uploads\/2021\/01\/Hardware-16x9.png 16w\" sizes=\"(max-width: 534px) 100vw, 534px\" \/><\/div>\n\t\t<\/figure>\n\t<\/div>\n<div class=\"tlg-spacer\" data-height=\"15\" data-height-tablet=\"10\" data-height-mobile=\"5\" style=\"clear:both;display:block;height:15px;\"><\/div><\/div><\/div><\/div><div class=\"wpb_column vc_column_container vc_col-sm-6\"><div class=\"vc_column-inner\"><div class=\"wpb_wrapper\">\n\t<div class=\"wpb_text_column wpb_content_element  vc_custom_1610390130086\" >\n\t\t<div class=\"wpb_wrapper\">\n\t\t\t<p><span style=\"font-weight: 400;\">Consulting service for companies that develop technologies in the prototype stage: Includes advising on best practices for developing suitable solutions in production and scalability, complying with the necessary standards for international suppliers' manufacturing requirements. Additionally, we offer specific development services from pre-series to the production stage and managing manufacturing with international suppliers.<\/span><\/p>\n\n\t\t<\/div>\n\t<\/div>\n\n\t<div class=\"wpb_text_column wpb_content_element  vc_custom_1610390169138\" >\n\t\t<div class=\"wpb_wrapper\">\n\t\t\t<p><b><img loading=\"lazy\" class=\"alignleft wp-image-11563\" src=\"https:\/\/www.tecnocal.com\/wp-content\/uploads\/2021\/01\/Icono-Trust-300x231.png\" alt=\"\" width=\"65\" height=\"50\" srcset=\"https:\/\/tecnocal.com\/wp-content\/uploads\/2021\/01\/Icono-Trust-300x231.png 300w, https:\/\/tecnocal.com\/wp-content\/uploads\/2021\/01\/Icono-Trust-1024x788.png 1024w, https:\/\/tecnocal.com\/wp-content\/uploads\/2021\/01\/Icono-Trust-768x591.png 768w, https:\/\/tecnocal.com\/wp-content\/uploads\/2021\/01\/Icono-Trust-16x12.png 16w, https:\/\/tecnocal.com\/wp-content\/uploads\/2021\/01\/Icono-Trust-600x450.png 600w, https:\/\/tecnocal.com\/wp-content\/uploads\/2021\/01\/Icono-Trust-960x720.png 960w, https:\/\/tecnocal.com\/wp-content\/uploads\/2021\/01\/Icono-Trust.png 1272w\" sizes=\"(max-width: 65px) 100vw, 65px\" \/>Get expert advice <span style=\"font-weight: 400;\">to prepare for the development process <\/span><span style=\"font-weight: 400;\">and reach a better prototype that facilitates production.<\/span><br \/>\n<\/b><b><\/b><\/p>\n\n\t\t<\/div>\n\t<\/div>\n\n\t<div class=\"wpb_text_column wpb_content_element  vc_custom_1610390207301\" >\n\t\t<div class=\"wpb_wrapper\">\n\t\t\t<p><b><img loading=\"lazy\" class=\"alignleft wp-image-11568\" src=\"https:\/\/www.tecnocal.com\/wp-content\/uploads\/2021\/01\/Icono-Asesoria-300x288.png\" alt=\"\" width=\"65\" height=\"62\" srcset=\"https:\/\/tecnocal.com\/wp-content\/uploads\/2021\/01\/Icono-Asesoria-300x288.png 300w, https:\/\/tecnocal.com\/wp-content\/uploads\/2021\/01\/Icono-Asesoria-768x738.png 768w, https:\/\/tecnocal.com\/wp-content\/uploads\/2021\/01\/Icono-Asesoria-12x12.png 12w, https:\/\/tecnocal.com\/wp-content\/uploads\/2021\/01\/Icono-Asesoria.png 968w\" sizes=\"(max-width: 65px) 100vw, 65px\" \/><\/b><\/p>\n<p><span style=\"font-weight: 400;\"><b>Leave the manufacturing management to us, <\/b>with our high-standard international suppliers.<br \/>\n<\/span><\/p>\n<p><b>\u00a0<\/b><\/p>\n\n\t\t<\/div>\n\t<\/div>\n\n\t<div class=\"wpb_text_column wpb_content_element  vc_custom_1610395605193\" >\n\t\t<div class=\"wpb_wrapper\">\n\t\t\t<p><b><img loading=\"lazy\" class=\"alignleft wp-image-11688\" src=\"https:\/\/www.tecnocal.com\/wp-content\/uploads\/2021\/01\/Icono-Acegura-Soluciones-R-1-300x288.png\" alt=\"\" width=\"65\" height=\"62\" srcset=\"https:\/\/tecnocal.com\/wp-content\/uploads\/2021\/01\/Icono-Acegura-Soluciones-R-1-300x288.png 300w, https:\/\/tecnocal.com\/wp-content\/uploads\/2021\/01\/Icono-Acegura-Soluciones-R-1-768x738.png 768w, https:\/\/tecnocal.com\/wp-content\/uploads\/2021\/01\/Icono-Acegura-Soluciones-R-1-12x12.png 12w, https:\/\/tecnocal.com\/wp-content\/uploads\/2021\/01\/Icono-Acegura-Soluciones-R-1.png 968w\" sizes=\"(max-width: 65px) 100vw, 65px\" \/><\/b><\/p>\n<p><b>\u00a0Ensures robust solutions<\/b><span style=\"font-weight: 400;\"> from pre-series to final production, guaranteeing scalability and achieving international standards.<\/span><\/p>\n<p><b>\u00a0<\/b><\/p>\n\n\t\t<\/div>\n\t<\/div>\n<\/div><\/div><\/div><\/div><\/div><\/div><\/div><\/div><\/div><\/section><section class=\"vc_row wpb_row vc_row-fluid bg-secondary pt0 pb0 not-equal not-color vc_custom_1610776179120\"><div class=\"container\"><div class=\"row\"><div class=\"wpb_column vc_column_container vc_col-sm-4\"><div class=\"vc_column-inner\"><div class=\"wpb_wrapper\">\n\t<div class=\"wpb_text_column wpb_content_element\" >\n\t\t<div class=\"wpb_wrapper\">\n\t\t\t<h5 style=\"text-align: center;\"><span style=\"font-weight: 400;\"><img loading=\"lazy\" class=\"aligncenter wp-image-11537\" src=\"https:\/\/www.tecnocal.com\/wp-content\/uploads\/2021\/01\/1-1.png\" alt=\"\" width=\"65\" height=\"66\" srcset=\"https:\/\/tecnocal.com\/wp-content\/uploads\/2021\/01\/1-1.png 91w, https:\/\/tecnocal.com\/wp-content\/uploads\/2021\/01\/1-1-12x12.png 12w, https:\/\/tecnocal.com\/wp-content\/uploads\/2021\/01\/1-1-60x60.png 60w\" sizes=\"(max-width: 65px) 100vw, 65px\" \/>Consulting &amp;<br \/>\nKnow-How<\/span><\/h5>\n\n\t\t<\/div>\n\t<\/div>\n<\/div><\/div><\/div><div class=\"wpb_column vc_column_container vc_col-sm-4\"><div class=\"vc_column-inner\"><div class=\"wpb_wrapper\">\n\t<div class=\"wpb_text_column wpb_content_element\" >\n\t\t<div class=\"wpb_wrapper\">\n\t\t\t<h5 style=\"text-align: center;\"><span style=\"font-weight: 400;\"><img loading=\"lazy\" class=\"aligncenter wp-image-11538\" src=\"https:\/\/www.tecnocal.com\/wp-content\/uploads\/2021\/01\/2-1.png\" alt=\"\" width=\"65\" height=\"65\" srcset=\"https:\/\/tecnocal.com\/wp-content\/uploads\/2021\/01\/2-1.png 92w, https:\/\/tecnocal.com\/wp-content\/uploads\/2021\/01\/2-1-12x12.png 12w, https:\/\/tecnocal.com\/wp-content\/uploads\/2021\/01\/2-1-60x60.png 60w\" sizes=\"(max-width: 65px) 100vw, 65px\" \/>Management of<br \/>\nManufacturing Suppliers<br \/>\n<\/span><\/h5>\n\n\t\t<\/div>\n\t<\/div>\n<\/div><\/div><\/div><div class=\"wpb_column vc_column_container vc_col-sm-4\"><div class=\"vc_column-inner\"><div class=\"wpb_wrapper\">\n\t<div class=\"wpb_text_column wpb_content_element\" >\n\t\t<div class=\"wpb_wrapper\">\n\t\t\t<h5 style=\"text-align: center;\"><span style=\"font-weight: 400;\"><img loading=\"lazy\" class=\"aligncenter wp-image-11539\" src=\"https:\/\/www.tecnocal.com\/wp-content\/uploads\/2021\/01\/3-1.png\" alt=\"\" width=\"65\" height=\"65\" srcset=\"https:\/\/tecnocal.com\/wp-content\/uploads\/2021\/01\/3-1.png 92w, https:\/\/tecnocal.com\/wp-content\/uploads\/2021\/01\/3-1-12x12.png 12w, https:\/\/tecnocal.com\/wp-content\/uploads\/2021\/01\/3-1-60x60.png 60w\" sizes=\"(max-width: 65px) 100vw, 65px\" \/>\u00a0Pre-series &amp;<br \/>\nProduction<\/span><\/h5>\n<p>&nbsp;<\/p>\n\n\t\t<\/div>\n\t<\/div>\n<\/div><\/div><\/div><\/div><\/div><\/section><section class=\"vc_row wpb_row vc_row-fluid bg-light pt0 pb0 not-equal not-color small-container vc_custom_1611091417889\"><div class=\"container\"><div class=\"row\"><div class=\"wpb_column vc_column_container vc_col-sm-12\"><div class=\"vc_column-inner\"><div class=\"wpb_wrapper\"><div class=\"headings-title\"><div class=\"mb16 mb-xs-40 text-center\"><div class=\"divider-wrap\"><i  class=\"ti-harddrives\"><\/i><div class=\"tlg-divider tlg-divider-large\" style=\"\"><\/div><\/div><div style=\"font-size:17px;line-height:22px;text-transform: none!important;\" class=\"widgetsubtitle\">We advise and manage the series of development through the production of your solution.<\/div><\/div><\/div><div class=\"vc_row wpb_row vc_inner vc_row-fluid vc_custom_1610776018314 vc_column-gap-10 vc_row-o-content-top vc_row-flex\"><div class=\"wpb_column vc_column_container vc_col-sm-2\"><div class=\"vc_column-inner\"><div class=\"wpb_wrapper\"><\/div><\/div><\/div><div class=\"wpb_column vc_column_container vc_col-sm-10\"><div class=\"vc_column-inner\"><div class=\"wpb_wrapper\"><div role=\"form\" class=\"wpcf7\" id=\"wpcf7-f12401-o1\" lang=\"en-US\" dir=\"ltr\">\n<div class=\"screen-reader-response\"><p role=\"status\" aria-live=\"polite\" aria-atomic=\"true\"><\/p> <ul><\/ul><\/div>\n<form action=\"\/en\/wp-json\/wp\/v2\/pages\/11644#wpcf7-f12401-o1\" method=\"post\" class=\"wpcf7-form init\" novalidate=\"novalidate\" data-status=\"init\" data-trp-original-action=\"\/en\/wp-json\/wp\/v2\/pages\/11644#wpcf7-f12401-o1\">\n<div style=\"display: none;\">\n<input type=\"hidden\" name=\"_wpcf7\" value=\"12401\" \/>\n<input type=\"hidden\" name=\"_wpcf7_version\" value=\"5.3.2\" \/>\n<input type=\"hidden\" name=\"_wpcf7_locale\" value=\"en_US\" \/>\n<input type=\"hidden\" name=\"_wpcf7_unit_tag\" value=\"wpcf7-f12401-o1\" \/>\n<input type=\"hidden\" name=\"_wpcf7_container_post\" value=\"0\" \/>\n<input type=\"hidden\" name=\"_wpcf7_posted_data_hash\" value=\"\" \/>\n<input type=\"hidden\" name=\"_wpcf7_recaptcha_response\" value=\"\" \/>\n<\/div>\n<div class=\"form-container\">\n<p><span class=\"wpcf7-form-control-wrap your-name\"><input type=\"text\" name=\"your-name\" value=\"\" size=\"40\" class=\"wpcf7-form-control wpcf7-text wpcf7-validates-as-required\" aria-required=\"true\" aria-invalid=\"false\" placeholder=\"Full Name\" \/><\/span><span class=\"wpcf7-form-control-wrap your-email\"><input type=\"email\" name=\"your-email\" value=\"\" size=\"40\" class=\"wpcf7-form-control wpcf7-text wpcf7-email wpcf7-validates-as-required wpcf7-validates-as-email\" aria-required=\"true\" aria-invalid=\"false\" placeholder=\"Email Address\" \/><\/span><input type=\"submit\" value=\"Let&#039;s talk\" class=\"wpcf7-form-control wpcf7-submit\" \/><\/p>\n<p style=\"display: none !important;\"><label>&#916;<textarea name=\"_wpcf7_ak_hp_textarea\" cols=\"45\" rows=\"8\" maxlength=\"100\"><\/textarea><\/label><input type=\"hidden\" id=\"ak_js\" name=\"_wpcf7_ak_js\" value=\"96\"\/><script>document.getElementById( \"ak_js\" ).setAttribute( \"value\", ( new Date() ).getTime() );<\/script><\/p><div class=\"wpcf7-response-output\" aria-hidden=\"true\"><\/div><input type=\"hidden\" name=\"trp-form-language\" value=\"en\"\/><\/form><\/div><\/div><\/div><\/div><\/div><\/div><\/div><\/div><\/div><\/div><\/section>","protected":false},"excerpt":{"rendered":"Servicio de Asesor\u00eda en DesarrolloPara empresas desarrolladoras que buscan escalar y certificar Servicio de consultor\u00eda para compa\u00f1\u00edas y\/o empresas desarrolladoras de tecnolog\u00edas en etapa de prototipo, asesorando en el proceso de desarrollo de soluciones aptas para producci\u00f3n y escalabilidad, cumpliendo con los est\u00e1ndares necesarios y con los requerimientos de manufactura de proveedores internacionales. Adem\u00e1s, servicio...","protected":false},"author":1,"featured_media":11684,"parent":0,"menu_order":0,"comment_status":"closed","ping_status":"closed","template":"","meta":{"_monsterinsights_skip_tracking":false,"_monsterinsights_sitenote_active":false,"_monsterinsights_sitenote_note":"","_monsterinsights_sitenote_category":0},"_links":{"self":[{"href":"https:\/\/tecnocal.com\/en\/wp-json\/wp\/v2\/pages\/11644"}],"collection":[{"href":"https:\/\/tecnocal.com\/en\/wp-json\/wp\/v2\/pages"}],"about":[{"href":"https:\/\/tecnocal.com\/en\/wp-json\/wp\/v2\/types\/page"}],"author":[{"embeddable":true,"href":"https:\/\/tecnocal.com\/en\/wp-json\/wp\/v2\/users\/1"}],"replies":[{"embeddable":true,"href":"https:\/\/tecnocal.com\/en\/wp-json\/wp\/v2\/comments?post=11644"}],"version-history":[{"count":33,"href":"https:\/\/tecnocal.com\/en\/wp-json\/wp\/v2\/pages\/11644\/revisions"}],"predecessor-version":[{"id":12523,"href":"https:\/\/tecnocal.com\/en\/wp-json\/wp\/v2\/pages\/11644\/revisions\/12523"}],"wp:featuredmedia":[{"embeddable":true,"href":"https:\/\/tecnocal.com\/en\/wp-json\/wp\/v2\/media\/11684"}],"wp:attachment":[{"href":"https:\/\/tecnocal.com\/en\/wp-json\/wp\/v2\/media?parent=11644"}],"curies":[{"name":"wp","href":"https:\/\/api.w.org\/{rel}","templated":true}]}}