{"id":11599,"date":"2021-01-11T15:33:13","date_gmt":"2021-01-11T18:33:13","guid":{"rendered":"https:\/\/www.tecnocal.com\/?page_id=11599"},"modified":"2021-01-29T17:04:03","modified_gmt":"2021-01-29T20:04:03","slug":"prospeccion-tecnologica","status":"publish","type":"page","link":"https:\/\/tecnocal.com\/en\/prospeccion-tecnologica\/","title":{"rendered":"Technological Surveillance"},"content":{"rendered":"<section class=\"vc_row wpb_row vc_row-fluid bg-secondary pt0 pb0 not-equal not-color vc_custom_1608071042200\"><div class=\"container\"><div class=\"row\"><div class=\"wpb_column vc_column_container vc_col-sm-12\"><div class=\"vc_column-inner\"><div class=\"wpb_wrapper\"><div class=\"headings-title\"><div class=\"mb0 mb-xs-40 text-left\"><h5  class=\"widgettitle mb0\">Technological Surveillance<\/h5><div  class=\"widgetsubtitle\">Research and monitoring service of the latest technological trends for companies &amp; industries<\/div><div class=\"divider-wrap\"><div class=\"tlg-divider\" style=\"\"><\/div><\/div><\/div><\/div><div class=\"vc_row wpb_row vc_inner vc_row-fluid vc_custom_1610381890661\"><div class=\"wpb_column vc_column_container vc_col-sm-6\"><div class=\"vc_column-inner\"><div class=\"wpb_wrapper\"><div class=\"tlg-spacer\" data-height=\"15\" data-height-tablet=\"10\" data-height-mobile=\"5\" style=\"clear:both;display:block;height:15px;\"><\/div><div class=\"tlg-spacer\" data-height=\"15\" data-height-tablet=\"10\" data-height-mobile=\"5\" style=\"clear:both;display:block;height:15px;\"><\/div><div class=\"tlg-spacer\" data-height=\"15\" data-height-tablet=\"10\" data-height-mobile=\"5\" style=\"clear:both;display:block;height:15px;\"><\/div><div class=\"tlg-spacer\" data-height=\"15\" data-height-tablet=\"10\" data-height-mobile=\"5\" style=\"clear:both;display:block;height:15px;\"><\/div>\n\t<div  class=\"wpb_single_image wpb_content_element vc_align_left  vc_custom_1610382923291\">\n\t\t\n\t\t<figure class=\"wpb_wrapper vc_figure\">\n\t\t\t<div class=\"vc_single_image-wrapper vc_box_shadow_border  vc_box_border_grey\"><img width=\"514\" height=\"269\" src=\"https:\/\/tecnocal.com\/wp-content\/uploads\/2021\/01\/main-pic.png\" class=\"vc_single_image-img attachment-full\" alt=\"\" loading=\"lazy\" srcset=\"https:\/\/tecnocal.com\/wp-content\/uploads\/2021\/01\/main-pic.png 514w, https:\/\/tecnocal.com\/wp-content\/uploads\/2021\/01\/main-pic-300x157.png 300w, https:\/\/tecnocal.com\/wp-content\/uploads\/2021\/01\/main-pic-16x8.png 16w\" sizes=\"(max-width: 514px) 100vw, 514px\" \/><\/div>\n\t\t<\/figure>\n\t<\/div>\n<\/div><\/div><\/div><div class=\"wpb_column vc_column_container vc_col-sm-6\"><div class=\"vc_column-inner\"><div class=\"wpb_wrapper\">\n\t<div class=\"wpb_text_column wpb_content_element  vc_custom_1610384231970\" >\n\t\t<div class=\"wpb_wrapper\">\n\t\t\t<p><span style=\"font-weight: 400;\">We provide information concerning IoT and Industry 4.0 of scientific and technological systems on a global scale while maintaining a regional\/local focus.  As part of our organized, selective, and systematic process of monitoring the latest technologies available, we convert discoveries into useful information for organizations to anticipate change, reduce risk, and facilitate effective decision making.<\/span><\/p>\n\n\t\t<\/div>\n\t<\/div>\n\n\t<div class=\"wpb_text_column wpb_content_element  vc_custom_1610388206927\" >\n\t\t<div class=\"wpb_wrapper\">\n\t\t\t<p><b><img loading=\"lazy\" class=\"wp-image-11610 alignleft\" src=\"https:\/\/www.tecnocal.com\/wp-content\/uploads\/2021\/01\/Icono-Identificar-Tec-300x300.png\" alt=\"\" width=\"65\" height=\"65\" srcset=\"https:\/\/tecnocal.com\/wp-content\/uploads\/2021\/01\/Icono-Identificar-Tec-300x300.png 300w, https:\/\/tecnocal.com\/wp-content\/uploads\/2021\/01\/Icono-Identificar-Tec-150x150.png 150w, https:\/\/tecnocal.com\/wp-content\/uploads\/2021\/01\/Icono-Identificar-Tec-768x767.png 768w, https:\/\/tecnocal.com\/wp-content\/uploads\/2021\/01\/Icono-Identificar-Tec-12x12.png 12w, https:\/\/tecnocal.com\/wp-content\/uploads\/2021\/01\/Icono-Identificar-Tec-60x60.png 60w, https:\/\/tecnocal.com\/wp-content\/uploads\/2021\/01\/Icono-Identificar-Tec.png 962w\" sizes=\"(max-width: 65px) 100vw, 65px\" \/>Early identification<\/b><span style=\"font-weight: 400;\"> of emerging technologies that may impact your company and industry.<\/span><\/p>\n<p><b>\u00a0<\/b><\/p>\n\n\t\t<\/div>\n\t<\/div>\n\n\t<div class=\"wpb_text_column wpb_content_element  vc_custom_1610389069983\" >\n\t\t<div class=\"wpb_wrapper\">\n\t\t\t<p><b><img loading=\"lazy\" class=\"alignleft wp-image-11489\" src=\"https:\/\/www.tecnocal.com\/wp-content\/uploads\/2021\/01\/Icono-TRazabilidad-o-Conexion-300x257.png\" alt=\"\" width=\"65\" height=\"56\" srcset=\"https:\/\/tecnocal.com\/wp-content\/uploads\/2021\/01\/Icono-TRazabilidad-o-Conexion-300x257.png 300w, https:\/\/tecnocal.com\/wp-content\/uploads\/2021\/01\/Icono-TRazabilidad-o-Conexion-1024x878.png 1024w, https:\/\/tecnocal.com\/wp-content\/uploads\/2021\/01\/Icono-TRazabilidad-o-Conexion-768x659.png 768w, https:\/\/tecnocal.com\/wp-content\/uploads\/2021\/01\/Icono-TRazabilidad-o-Conexion-14x12.png 14w, https:\/\/tecnocal.com\/wp-content\/uploads\/2021\/01\/Icono-TRazabilidad-o-Conexion.png 1131w\" sizes=\"(max-width: 65px) 100vw, 65px\" \/><\/b><\/p>\n<p><b>Discover new strategic opportunities <\/b><span style=\"font-weight: 400;\">for collaboration with leading R&amp;D centers.<\/span><span style=\"font-weight: 400;\"><br \/>\n<\/span><\/p>\n<p><b>\u00a0<\/b><\/p>\n\n\t\t<\/div>\n\t<\/div>\n\n\t<div class=\"wpb_text_column wpb_content_element  vc_custom_1610389077751\" >\n\t\t<div class=\"wpb_wrapper\">\n\t\t\t<p><b><img loading=\"lazy\" class=\"alignleft wp-image-11611\" src=\"https:\/\/www.tecnocal.com\/wp-content\/uploads\/2021\/01\/icono-Roadmap-300x287.png\" alt=\"\" width=\"65\" height=\"62\" srcset=\"https:\/\/tecnocal.com\/wp-content\/uploads\/2021\/01\/icono-Roadmap-300x287.png 300w, https:\/\/tecnocal.com\/wp-content\/uploads\/2021\/01\/icono-Roadmap-768x736.png 768w, https:\/\/tecnocal.com\/wp-content\/uploads\/2021\/01\/icono-Roadmap-13x12.png 13w, https:\/\/tecnocal.com\/wp-content\/uploads\/2021\/01\/icono-Roadmap.png 979w\" sizes=\"(max-width: 65px) 100vw, 65px\" \/><\/b><\/p>\n<p><b>Plan a roadmap <\/b><span style=\"font-weight: 400;\">of new products and prepare your organization to face new technological challenges.<\/span><\/p>\n<p><b>\u00a0<\/b><\/p>\n\n\t\t<\/div>\n\t<\/div>\n<\/div><\/div><\/div><\/div><\/div><\/div><\/div><\/div><\/div><\/section><section class=\"vc_row wpb_row vc_row-fluid bg-secondary pt0 pb0 not-equal not-color vc_custom_1610774797163\"><div class=\"container\"><div class=\"row\"><div class=\"wpb_column vc_column_container vc_col-sm-4\"><div class=\"vc_column-inner\"><div class=\"wpb_wrapper\">\n\t<div class=\"wpb_text_column wpb_content_element\" >\n\t\t<div class=\"wpb_wrapper\">\n\t\t\t<h5 style=\"text-align: center;\"><span style=\"font-weight: 400;\"><img loading=\"lazy\" class=\"aligncenter wp-image-11628\" src=\"https:\/\/www.tecnocal.com\/wp-content\/uploads\/2021\/01\/icon-1-1.png\" alt=\"\" width=\"65\" height=\"65\" srcset=\"https:\/\/tecnocal.com\/wp-content\/uploads\/2021\/01\/icon-1-1.png 75w, https:\/\/tecnocal.com\/wp-content\/uploads\/2021\/01\/icon-1-1-12x12.png 12w, https:\/\/tecnocal.com\/wp-content\/uploads\/2021\/01\/icon-1-1-60x60.png 60w\" sizes=\"(max-width: 65px) 100vw, 65px\" \/>Tendencies<br \/>\n<\/span><\/h5>\n\n\t\t<\/div>\n\t<\/div>\n<\/div><\/div><\/div><div class=\"wpb_column vc_column_container vc_col-sm-4\"><div class=\"vc_column-inner\"><div class=\"wpb_wrapper\">\n\t<div class=\"wpb_text_column wpb_content_element\" >\n\t\t<div class=\"wpb_wrapper\">\n\t\t\t<h5 style=\"text-align: center;\"><span style=\"font-weight: 400;\"><img loading=\"lazy\" class=\"aligncenter wp-image-11629\" src=\"https:\/\/www.tecnocal.com\/wp-content\/uploads\/2021\/01\/icon-2.png\" alt=\"\" width=\"65\" height=\"65\" srcset=\"https:\/\/tecnocal.com\/wp-content\/uploads\/2021\/01\/icon-2.png 75w, https:\/\/tecnocal.com\/wp-content\/uploads\/2021\/01\/icon-2-12x12.png 12w, https:\/\/tecnocal.com\/wp-content\/uploads\/2021\/01\/icon-2-60x60.png 60w\" sizes=\"(max-width: 65px) 100vw, 65px\" \/>Risks<br \/>\n<\/span><\/h5>\n\n\t\t<\/div>\n\t<\/div>\n<\/div><\/div><\/div><div class=\"wpb_column vc_column_container vc_col-sm-4\"><div class=\"vc_column-inner\"><div class=\"wpb_wrapper\">\n\t<div class=\"wpb_text_column wpb_content_element\" >\n\t\t<div class=\"wpb_wrapper\">\n\t\t\t<h5 style=\"text-align: center;\"><span style=\"font-weight: 400;\"><img loading=\"lazy\" class=\"aligncenter wp-image-11630\" src=\"https:\/\/www.tecnocal.com\/wp-content\/uploads\/2021\/01\/icon-3.png\" alt=\"\" width=\"65\" height=\"68\" srcset=\"https:\/\/tecnocal.com\/wp-content\/uploads\/2021\/01\/icon-3.png 72w, https:\/\/tecnocal.com\/wp-content\/uploads\/2021\/01\/icon-3-12x12.png 12w\" sizes=\"(max-width: 65px) 100vw, 65px\" \/>Opportunities<br \/>\n<\/span><\/h5>\n\n\t\t<\/div>\n\t<\/div>\n<\/div><\/div><\/div><\/div><\/div><\/section><section class=\"vc_row wpb_row vc_row-fluid bg-light pt0 pb0 not-equal not-color small-container vc_custom_1611091847127\"><div class=\"container\"><div class=\"row\"><div class=\"wpb_column vc_column_container vc_col-sm-12\"><div class=\"vc_column-inner\"><div class=\"wpb_wrapper\"><div class=\"headings-title\"><div class=\"mb16 mb-xs-40 text-center\"><div class=\"divider-wrap\"><i  class=\"ti-eye\"><\/i><div class=\"tlg-divider tlg-divider-large\" style=\"\"><\/div><\/div><div style=\"font-size:17px;line-height:22px;text-transform: none!important;\" class=\"widgetsubtitle\">A solution for your company to monitor and plan the development of new products &amp; services.<\/div><\/div><\/div><div class=\"vc_row wpb_row vc_inner vc_row-fluid vc_custom_1610775272703 vc_column-gap-10 vc_row-o-content-top vc_row-flex\"><div class=\"wpb_column vc_column_container vc_col-sm-2\"><div class=\"vc_column-inner\"><div class=\"wpb_wrapper\"><\/div><\/div><\/div><div class=\"wpb_column vc_column_container vc_col-sm-10\"><div class=\"vc_column-inner\"><div class=\"wpb_wrapper\"><div role=\"form\" class=\"wpcf7\" id=\"wpcf7-f12462-o1\" lang=\"en-US\" dir=\"ltr\">\n<div class=\"screen-reader-response\"><p role=\"status\" aria-live=\"polite\" aria-atomic=\"true\"><\/p> <ul><\/ul><\/div>\n<form action=\"\/en\/wp-json\/wp\/v2\/pages\/11599#wpcf7-f12462-o1\" method=\"post\" class=\"wpcf7-form init\" novalidate=\"novalidate\" data-status=\"init\" data-trp-original-action=\"\/en\/wp-json\/wp\/v2\/pages\/11599#wpcf7-f12462-o1\">\n<div style=\"display: none;\">\n<input type=\"hidden\" name=\"_wpcf7\" value=\"12462\" \/>\n<input type=\"hidden\" name=\"_wpcf7_version\" value=\"5.3.2\" \/>\n<input type=\"hidden\" name=\"_wpcf7_locale\" value=\"en_US\" \/>\n<input type=\"hidden\" name=\"_wpcf7_unit_tag\" value=\"wpcf7-f12462-o1\" \/>\n<input type=\"hidden\" name=\"_wpcf7_container_post\" value=\"0\" \/>\n<input type=\"hidden\" name=\"_wpcf7_posted_data_hash\" value=\"\" \/>\n<input type=\"hidden\" name=\"_wpcf7_recaptcha_response\" value=\"\" \/>\n<\/div>\n<div class=\"form-container\">\n<p><span class=\"wpcf7-form-control-wrap your-name\"><input type=\"text\" name=\"your-name\" value=\"\" size=\"40\" class=\"wpcf7-form-control wpcf7-text wpcf7-validates-as-required\" aria-required=\"true\" aria-invalid=\"false\" placeholder=\"Full Name\" \/><\/span><span class=\"wpcf7-form-control-wrap your-email\"><input type=\"email\" name=\"your-email\" value=\"\" size=\"40\" class=\"wpcf7-form-control wpcf7-text wpcf7-email wpcf7-validates-as-required wpcf7-validates-as-email\" aria-required=\"true\" aria-invalid=\"false\" placeholder=\"Email Address\" \/><\/span><input type=\"submit\" value=\"Let&#039;s talk\" class=\"wpcf7-form-control wpcf7-submit\" \/><\/p>\n<p style=\"display: none !important;\"><label>&#916;<textarea name=\"_wpcf7_ak_hp_textarea\" cols=\"45\" rows=\"8\" maxlength=\"100\"><\/textarea><\/label><input type=\"hidden\" id=\"ak_js\" name=\"_wpcf7_ak_js\" value=\"59\"\/><script>document.getElementById( \"ak_js\" ).setAttribute( \"value\", ( new Date() ).getTime() );<\/script><\/p><div class=\"wpcf7-response-output\" aria-hidden=\"true\"><\/div><input type=\"hidden\" name=\"trp-form-language\" value=\"en\"\/><\/form><\/div><\/div><\/div><\/div><\/div><\/div><\/div><\/div><\/div><\/div><\/section>","protected":false},"excerpt":{"rendered":"Vigilancia Tecnol\u00f3gicaServicio de investigaci\u00f3n y seguimiento de tendencias tecnol\u00f3gicas para empresas e industrias Brindamos informaci\u00f3n del sistema cient\u00edfico tecnol\u00f3gico a nivel global, con foco regional \/ local,\u00a0 en relaci\u00f3n a Internet de las Cosas e Industria 4.0 como parte de nuestro proceso organizado, selectivo y sistem\u00e1tico de monitorear las \u00faltimas tecnolog\u00edas disponibles en el sistema,...","protected":false},"author":1,"featured_media":11625,"parent":0,"menu_order":0,"comment_status":"closed","ping_status":"closed","template":"","meta":{"_monsterinsights_skip_tracking":false,"_monsterinsights_sitenote_active":false,"_monsterinsights_sitenote_note":"","_monsterinsights_sitenote_category":0},"_links":{"self":[{"href":"https:\/\/tecnocal.com\/en\/wp-json\/wp\/v2\/pages\/11599"}],"collection":[{"href":"https:\/\/tecnocal.com\/en\/wp-json\/wp\/v2\/pages"}],"about":[{"href":"https:\/\/tecnocal.com\/en\/wp-json\/wp\/v2\/types\/page"}],"author":[{"embeddable":true,"href":"https:\/\/tecnocal.com\/en\/wp-json\/wp\/v2\/users\/1"}],"replies":[{"embeddable":true,"href":"https:\/\/tecnocal.com\/en\/wp-json\/wp\/v2\/comments?post=11599"}],"version-history":[{"count":39,"href":"https:\/\/tecnocal.com\/en\/wp-json\/wp\/v2\/pages\/11599\/revisions"}],"predecessor-version":[{"id":11695,"href":"https:\/\/tecnocal.com\/en\/wp-json\/wp\/v2\/pages\/11599\/revisions\/11695"}],"wp:featuredmedia":[{"embeddable":true,"href":"https:\/\/tecnocal.com\/en\/wp-json\/wp\/v2\/media\/11625"}],"wp:attachment":[{"href":"https:\/\/tecnocal.com\/en\/wp-json\/wp\/v2\/media?parent=11599"}],"curies":[{"name":"wp","href":"https:\/\/api.w.org\/{rel}","templated":true}]}}