{"id":11378,"date":"2020-12-21T11:46:57","date_gmt":"2020-12-21T14:46:57","guid":{"rendered":"http:\/\/www.tecnocal.com\/?page_id=11378"},"modified":"2021-01-29T14:24:25","modified_gmt":"2021-01-29T17:24:25","slug":"diseno-desarrollo","status":"publish","type":"page","link":"https:\/\/tecnocal.com\/en\/diseno-desarrollo\/","title":{"rendered":"Design &amp; Development"},"content":{"rendered":"<section class=\"vc_row wpb_row vc_row-fluid bg-secondary pt0 pb0 not-equal not-color vc_custom_1608071042200\"><div class=\"container\"><div class=\"row\"><div class=\"wpb_column vc_column_container vc_col-sm-12\"><div class=\"vc_column-inner\"><div class=\"wpb_wrapper\"><div class=\"headings-title\"><div class=\"mb0 mb-xs-40 text-left\"><h5  class=\"widgettitle mb0\">Iterative and Customized Process<\/h5><div  class=\"widgetsubtitle\">Facing the challenges of IoT and Industry 4.0<\/div><div class=\"divider-wrap\"><div class=\"tlg-divider\" style=\"\"><\/div><\/div><\/div><\/div><div class=\"vc_row wpb_row vc_inner vc_row-fluid\"><div class=\"wpb_column vc_column_container vc_col-sm-12\"><div class=\"vc_column-inner\"><div class=\"wpb_wrapper\">\n\t<div  class=\"wpb_single_image wpb_content_element vc_align_center  vc_custom_1611941064383\">\n\t\t\n\t\t<figure class=\"wpb_wrapper vc_figure\">\n\t\t\t<a data-rel=\"prettyPhoto[rel-11378-3947064745]\" href=\"https:\/\/tecnocal.com\/wp-content\/uploads\/2020\/12\/proceso-1024x341.png\" target=\"_self\" class=\"vc_single_image-wrapper vc_box_shadow_border  vc_box_border_grey prettyphoto\"><img width=\"1151\" height=\"383\" src=\"https:\/\/tecnocal.com\/wp-content\/uploads\/2020\/12\/proceso.png\" class=\"vc_single_image-img attachment-full\" alt=\"\" loading=\"lazy\" srcset=\"https:\/\/tecnocal.com\/wp-content\/uploads\/2020\/12\/proceso.png 1151w, https:\/\/tecnocal.com\/wp-content\/uploads\/2020\/12\/proceso-300x100.png 300w, https:\/\/tecnocal.com\/wp-content\/uploads\/2020\/12\/proceso-1024x341.png 1024w, https:\/\/tecnocal.com\/wp-content\/uploads\/2020\/12\/proceso-768x256.png 768w, https:\/\/tecnocal.com\/wp-content\/uploads\/2020\/12\/proceso-16x5.png 16w\" sizes=\"(max-width: 1151px) 100vw, 1151px\" \/><\/a>\n\t\t<\/figure>\n\t<\/div>\n<\/div><\/div><\/div><\/div>\n\t<div class=\"wpb_text_column wpb_content_element  vc_custom_1611941030111\" >\n\t\t<div class=\"wpb_wrapper\">\n\t\t\t<h5 style=\"text-align: center;\"><span style=\"font-weight: 400;\">We explore alternative solutions, develop a deeper understanding of our clients' problems and approach the solution innovatively and efficiently. We realize a feasible, viable, and scalable solution that fits market demand through testing concepts, prototypes, and pilots.<\/span><\/h5>\n\n\t\t<\/div>\n\t<\/div>\n<\/div><\/div><\/div><\/div><\/div><\/section><section class=\"vc_row wpb_row vc_row-fluid bg-secondary pt0 pb0 not-equal not-color vc_custom_1610772886007\"><div class=\"container\"><div class=\"row\"><div class=\"wpb_column vc_column_container vc_col-sm-1\/5\"><div class=\"vc_column-inner\"><div class=\"wpb_wrapper\">\n\t<div class=\"wpb_text_column wpb_content_element\" >\n\t\t<div class=\"wpb_wrapper\">\n\t\t\t<h5 style=\"text-align: center;\"><span style=\"font-weight: 400;\"><img loading=\"lazy\" class=\"aligncenter wp-image-11401\" src=\"http:\/\/www.tecnocal.com\/wp-content\/uploads\/2020\/12\/investigaci\u00f3n.png\" alt=\"\" width=\"65\" height=\"65\" srcset=\"https:\/\/tecnocal.com\/wp-content\/uploads\/2020\/12\/investigaci\u00f3n.png 86w, https:\/\/tecnocal.com\/wp-content\/uploads\/2020\/12\/investigaci\u00f3n-12x12.png 12w, https:\/\/tecnocal.com\/wp-content\/uploads\/2020\/12\/investigaci\u00f3n-60x60.png 60w\" sizes=\"(max-width: 65px) 100vw, 65px\" \/>Investigation<br \/>\n<span style=\"color: #ededed;\">&#8211;<\/span><\/span><\/h5>\n\n\t\t<\/div>\n\t<\/div>\n<\/div><\/div><\/div><div class=\"wpb_column vc_column_container vc_col-sm-1\/5\"><div class=\"vc_column-inner\"><div class=\"wpb_wrapper\">\n\t<div class=\"wpb_text_column wpb_content_element\" >\n\t\t<div class=\"wpb_wrapper\">\n\t\t\t<h5 style=\"text-align: center;\"><span style=\"font-weight: 400;\"><img loading=\"lazy\" class=\"aligncenter wp-image-11409\" src=\"http:\/\/www.tecnocal.com\/wp-content\/uploads\/2020\/12\/Dise\u00f1o.png\" alt=\"\" width=\"65\" height=\"65\" srcset=\"https:\/\/tecnocal.com\/wp-content\/uploads\/2020\/12\/Dise\u00f1o.png 85w, https:\/\/tecnocal.com\/wp-content\/uploads\/2020\/12\/Dise\u00f1o-12x12.png 12w, https:\/\/tecnocal.com\/wp-content\/uploads\/2020\/12\/Dise\u00f1o-60x60.png 60w\" sizes=\"(max-width: 65px) 100vw, 65px\" \/>Design<br \/>\n<\/span><\/h5>\n<p>&nbsp;<\/p>\n<h6><span style=\"font-weight: 400;\">\u00a0<\/span><\/h6>\n\n\t\t<\/div>\n\t<\/div>\n<\/div><\/div><\/div><div class=\"wpb_column vc_column_container vc_col-sm-1\/5\"><div class=\"vc_column-inner\"><div class=\"wpb_wrapper\">\n\t<div class=\"wpb_text_column wpb_content_element\" >\n\t\t<div class=\"wpb_wrapper\">\n\t\t\t<h5 style=\"text-align: center;\"><span style=\"font-weight: 400;\"><img loading=\"lazy\" class=\"aligncenter wp-image-11410\" src=\"http:\/\/www.tecnocal.com\/wp-content\/uploads\/2020\/12\/Desarrollo.png\" alt=\"\" width=\"65\" height=\"65\" srcset=\"https:\/\/tecnocal.com\/wp-content\/uploads\/2020\/12\/Desarrollo.png 85w, https:\/\/tecnocal.com\/wp-content\/uploads\/2020\/12\/Desarrollo-12x12.png 12w, https:\/\/tecnocal.com\/wp-content\/uploads\/2020\/12\/Desarrollo-60x60.png 60w\" sizes=\"(max-width: 65px) 100vw, 65px\" \/>Development<br \/>\n<\/span><\/h5>\n<p>&nbsp;<\/p>\n<h6><span style=\"font-weight: 400;\">\u00a0<\/span><\/h6>\n\n\t\t<\/div>\n\t<\/div>\n<\/div><\/div><\/div><div class=\"wpb_column vc_column_container vc_col-sm-1\/5\"><div class=\"vc_column-inner\"><div class=\"wpb_wrapper\">\n\t<div class=\"wpb_text_column wpb_content_element\" >\n\t\t<div class=\"wpb_wrapper\">\n\t\t\t<h5 style=\"text-align: center;\"><span style=\"font-weight: 400;\"><img loading=\"lazy\" class=\"aligncenter wp-image-11404\" src=\"http:\/\/www.tecnocal.com\/wp-content\/uploads\/2020\/12\/Prototipado-y-MVP.png\" alt=\"\" width=\"65\" height=\"64\" srcset=\"https:\/\/tecnocal.com\/wp-content\/uploads\/2020\/12\/Prototipado-y-MVP.png 86w, https:\/\/tecnocal.com\/wp-content\/uploads\/2020\/12\/Prototipado-y-MVP-12x12.png 12w, https:\/\/tecnocal.com\/wp-content\/uploads\/2020\/12\/Prototipado-y-MVP-60x60.png 60w\" sizes=\"(max-width: 65px) 100vw, 65px\" \/>Prototype &amp;<br \/>\nMVP<\/span><\/h5>\n\n\t\t<\/div>\n\t<\/div>\n<\/div><\/div><\/div><div class=\"wpb_column vc_column_container vc_col-sm-1\/5\"><div class=\"vc_column-inner\"><div class=\"wpb_wrapper\">\n\t<div class=\"wpb_text_column wpb_content_element\" >\n\t\t<div class=\"wpb_wrapper\">\n\t\t\t<h5 style=\"text-align: center;\"><span style=\"font-weight: 400;\"><img loading=\"lazy\" class=\"aligncenter wp-image-11407\" src=\"http:\/\/www.tecnocal.com\/wp-content\/uploads\/2020\/12\/Pilotaje.png\" alt=\"\" width=\"65\" height=\"65\" srcset=\"https:\/\/tecnocal.com\/wp-content\/uploads\/2020\/12\/Pilotaje.png 85w, https:\/\/tecnocal.com\/wp-content\/uploads\/2020\/12\/Pilotaje-12x12.png 12w, https:\/\/tecnocal.com\/wp-content\/uploads\/2020\/12\/Pilotaje-60x60.png 60w\" sizes=\"(max-width: 65px) 100vw, 65px\" \/>Pilot<br \/>\n<\/span><\/h5>\n<p>&nbsp;<\/p>\n<h6><span style=\"font-weight: 400;\">\u00a0<\/span><\/h6>\n\n\t\t<\/div>\n\t<\/div>\n<\/div><\/div><\/div><\/div><\/div><\/section><section class=\"vc_row wpb_row vc_row-fluid bg-secondary pt0 pb0 not-equal not-color vc_custom_1610776088746\"><div class=\"container\"><div class=\"row\"><div class=\"wpb_column vc_column_container vc_col-sm-4\"><div class=\"vc_column-inner\"><div class=\"wpb_wrapper\">\n\t<div class=\"wpb_text_column wpb_content_element  vc_custom_1608560972895\" >\n\t\t<div class=\"wpb_wrapper\">\n\t\t\t<p><span style=\"font-weight: 400;\"><b>We thoroughly investigate your current challenges<\/b>, users, and technologies. Through ideation, we discover the best way to address these challenges.<\/span><\/p>\n\n\t\t<\/div>\n\t<\/div>\n<\/div><\/div><\/div><div class=\"wpb_column vc_column_container vc_col-sm-4\"><div class=\"vc_column-inner\"><div class=\"wpb_wrapper\">\n\t<div class=\"wpb_text_column wpb_content_element  vc_custom_1608560965067\" >\n\t\t<div class=\"wpb_wrapper\">\n\t\t\t<p><b>We prototype and pilot solutions <\/b><span style=\"font-weight: 400;\">through testing concepts and the MVP, which ensure feasibility and usability, obtaining the best solution to your problem.<\/span><\/p>\n\n\t\t<\/div>\n\t<\/div>\n<\/div><\/div><\/div><div class=\"wpb_column vc_column_container vc_col-sm-4\"><div class=\"vc_column-inner vc_custom_1608560979204\"><div class=\"wpb_wrapper\">\n\t<div class=\"wpb_text_column wpb_content_element\" >\n\t\t<div class=\"wpb_wrapper\">\n\t\t\t<p><b>We use agile design and development methods<\/b><span style=\"font-weight: 400;\"> for robust and validated solutions with easy integration, replicability, and scalability.<\/span><\/p>\n\n\t\t<\/div>\n\t<\/div>\n<\/div><\/div><\/div><\/div><\/div><\/section><section class=\"vc_row wpb_row vc_row-fluid bg-secondary pb0 not-equal not-color\"><div class=\"container\"><div class=\"row\"><div class=\"wpb_column vc_column_container vc_col-sm-12\"><div class=\"vc_column-inner\"><div class=\"wpb_wrapper\"><\/div><\/div><\/div><\/div><\/div><\/section><section class=\"vc_row wpb_row vc_row-fluid bg-light pt0 pb0 not-equal not-color small-container vc_custom_1611019488202\"><div class=\"container\"><div class=\"row\"><div class=\"wpb_column vc_column_container vc_col-sm-12\"><div class=\"vc_column-inner vc_custom_1610771334004\"><div class=\"wpb_wrapper\"><div class=\"headings-title\"><div class=\"mb16 mb-xs-40 text-center\"><div class=\"divider-wrap\"><i  class=\"ti-link\"><\/i><div class=\"tlg-divider tlg-divider-large\" style=\"\"><\/div><\/div><div style=\"font-size:17px;line-height:22px;text-transform: none!important;\" class=\"widgetsubtitle\">We design personalized solutions to resolve your challenges.<\/div><\/div><\/div><div class=\"vc_row wpb_row vc_inner vc_row-fluid vc_custom_1610771979126 vc_column-gap-10 vc_row-o-content-top vc_row-flex\"><div class=\"wpb_column vc_column_container vc_col-sm-2\"><div class=\"vc_column-inner\"><div class=\"wpb_wrapper\"><\/div><\/div><\/div><div class=\"wpb_column vc_column_container vc_col-sm-10\"><div class=\"vc_column-inner\"><div class=\"wpb_wrapper\"><div role=\"form\" class=\"wpcf7\" id=\"wpcf7-f12390-o1\" lang=\"en-US\" dir=\"ltr\">\n<div class=\"screen-reader-response\"><p role=\"status\" aria-live=\"polite\" aria-atomic=\"true\"><\/p> <ul><\/ul><\/div>\n<form action=\"\/en\/wp-json\/wp\/v2\/pages\/11378#wpcf7-f12390-o1\" method=\"post\" class=\"wpcf7-form init\" novalidate=\"novalidate\" data-status=\"init\" data-trp-original-action=\"\/en\/wp-json\/wp\/v2\/pages\/11378#wpcf7-f12390-o1\">\n<div style=\"display: none;\">\n<input type=\"hidden\" name=\"_wpcf7\" value=\"12390\" \/>\n<input type=\"hidden\" name=\"_wpcf7_version\" value=\"5.3.2\" \/>\n<input type=\"hidden\" name=\"_wpcf7_locale\" value=\"en_US\" \/>\n<input type=\"hidden\" name=\"_wpcf7_unit_tag\" value=\"wpcf7-f12390-o1\" \/>\n<input type=\"hidden\" name=\"_wpcf7_container_post\" value=\"0\" \/>\n<input type=\"hidden\" name=\"_wpcf7_posted_data_hash\" value=\"\" \/>\n<input type=\"hidden\" name=\"_wpcf7_recaptcha_response\" value=\"\" \/>\n<\/div>\n<div class=\"form-container\">\n<p><span class=\"wpcf7-form-control-wrap your-name\"><input type=\"text\" name=\"your-name\" value=\"\" size=\"40\" class=\"wpcf7-form-control wpcf7-text wpcf7-validates-as-required\" aria-required=\"true\" aria-invalid=\"false\" placeholder=\"Full Name\" \/><\/span><span class=\"wpcf7-form-control-wrap your-email\"><input type=\"email\" name=\"your-email\" value=\"\" size=\"40\" class=\"wpcf7-form-control wpcf7-text wpcf7-email wpcf7-validates-as-required wpcf7-validates-as-email\" aria-required=\"true\" aria-invalid=\"false\" placeholder=\"Email Address\" \/><\/span><input type=\"submit\" value=\"Let&#039;s talk\" class=\"wpcf7-form-control wpcf7-submit\" \/><\/p>\n<p style=\"display: none !important;\"><label>&#916;<textarea name=\"_wpcf7_ak_hp_textarea\" cols=\"45\" rows=\"8\" maxlength=\"100\"><\/textarea><\/label><input type=\"hidden\" id=\"ak_js\" name=\"_wpcf7_ak_js\" value=\"86\"\/><script>document.getElementById( \"ak_js\" ).setAttribute( \"value\", ( new Date() ).getTime() );<\/script><\/p><div class=\"wpcf7-response-output\" aria-hidden=\"true\"><\/div><input type=\"hidden\" name=\"trp-form-language\" value=\"en\"\/><\/form><\/div><\/div><\/div><\/div><\/div><\/div><\/div><\/div><\/div><\/div><\/section>","protected":false},"excerpt":{"rendered":"Proceso Iterativo y PersonalizadoPara enfrentar los desaf\u00edos de IoT e industria 4.0 Exploramos alternativas de soluci\u00f3n al problema, desde la comprensi\u00f3n profunda de \u00e9ste y la manera de abordarlo de manera innovadora y eficiente, a trav\u00e9s del desarrollo de pruebas de concepto, prototipos y pilotos para para la realizaci\u00f3n de una soluci\u00f3n factible, viable y...","protected":false},"author":1,"featured_media":11522,"parent":0,"menu_order":0,"comment_status":"closed","ping_status":"closed","template":"","meta":{"_monsterinsights_skip_tracking":false,"_monsterinsights_sitenote_active":false,"_monsterinsights_sitenote_note":"","_monsterinsights_sitenote_category":0},"_links":{"self":[{"href":"https:\/\/tecnocal.com\/en\/wp-json\/wp\/v2\/pages\/11378"}],"collection":[{"href":"https:\/\/tecnocal.com\/en\/wp-json\/wp\/v2\/pages"}],"about":[{"href":"https:\/\/tecnocal.com\/en\/wp-json\/wp\/v2\/types\/page"}],"author":[{"embeddable":true,"href":"https:\/\/tecnocal.com\/en\/wp-json\/wp\/v2\/users\/1"}],"replies":[{"embeddable":true,"href":"https:\/\/tecnocal.com\/en\/wp-json\/wp\/v2\/comments?post=11378"}],"version-history":[{"count":59,"href":"https:\/\/tecnocal.com\/en\/wp-json\/wp\/v2\/pages\/11378\/revisions"}],"predecessor-version":[{"id":12776,"href":"https:\/\/tecnocal.com\/en\/wp-json\/wp\/v2\/pages\/11378\/revisions\/12776"}],"wp:featuredmedia":[{"embeddable":true,"href":"https:\/\/tecnocal.com\/en\/wp-json\/wp\/v2\/media\/11522"}],"wp:attachment":[{"href":"https:\/\/tecnocal.com\/en\/wp-json\/wp\/v2\/media?parent=11378"}],"curies":[{"name":"wp","href":"https:\/\/api.w.org\/{rel}","templated":true}]}}