{"id":11223,"date":"2020-12-20T02:20:32","date_gmt":"2020-12-20T05:20:32","guid":{"rendered":"http:\/\/www.tecnocal.com\/?page_id=11223"},"modified":"2021-01-29T20:58:44","modified_gmt":"2021-01-29T23:58:44","slug":"eficiencia-energetica","status":"publish","type":"page","link":"https:\/\/tecnocal.com\/en\/eficiencia-energetica\/","title":{"rendered":"En\u0259rj\u0113"},"content":{"rendered":"<section class=\"vc_row wpb_row vc_row-fluid bg-secondary pb0 not-equal not-color vc_custom_1610974945593\"><div class=\"container\"><div class=\"row\"><div class=\"wpb_column vc_column_container vc_col-sm-12\"><div class=\"vc_column-inner\"><div class=\"wpb_wrapper\"><div class=\"headings-title\"><div class=\"mb0 mb-xs-40 text-left\"><h5  class=\"widgettitle mb0\">En\u0259rj\u0113 Solution<\/h5><div  class=\"widgetsubtitle\">Comprehensive system for Energy Efficiency<\/div><div class=\"divider-wrap\"><div class=\"tlg-divider\" style=\"\"><\/div><\/div><\/div><\/div><\/div><\/div><\/div><\/div><\/div><\/section><section class=\"vc_row wpb_row vc_row-fluid bg-secondary pt0 pb0 not-equal not-color vc_custom_1608587202046\"><div class=\"container\"><div class=\"row\"><div class=\"wpb_column vc_column_container vc_col-sm-6\"><div class=\"vc_column-inner vc_custom_1607471283522\"><div class=\"wpb_wrapper\"><div class=\"tlg-spacer\" data-height=\"25\" data-height-tablet=\"10\" data-height-mobile=\"5\" style=\"clear:both;display:block;height:25px;\"><\/div><div class=\"vc_row wpb_row vc_inner vc_row-fluid\"><div class=\"wpb_column vc_column_container vc_col-sm-12\"><div class=\"vc_column-inner\"><div class=\"wpb_wrapper\">\n\t<div  class=\"wpb_single_image wpb_content_element vc_align_left\">\n\t\t\n\t\t<figure class=\"wpb_wrapper vc_figure\">\n\t\t\t<div class=\"vc_single_image-wrapper vc_box_shadow_border  vc_box_border_grey\"><img width=\"666\" height=\"293\" src=\"https:\/\/tecnocal.com\/wp-content\/uploads\/2020\/12\/la-caja.png\" class=\"vc_single_image-img attachment-large\" alt=\"\" loading=\"lazy\" \/><\/div>\n\t\t<\/figure>\n\t<\/div>\n<\/div><\/div><\/div><\/div><div class=\"vc_row wpb_row vc_inner vc_row-fluid\"><div class=\"wpb_column vc_column_container vc_col-sm-12\"><div class=\"vc_column-inner\"><div class=\"wpb_wrapper\"><div class=\"tlg-spacer\" data-height=\"25\" data-height-tablet=\"10\" data-height-mobile=\"5\" style=\"clear:both;display:block;height:25px;\"><\/div><\/div><\/div><\/div><\/div><div class=\"vc_row wpb_row vc_inner vc_row-fluid\"><div class=\"wpb_column vc_column_container vc_col-sm-12\"><div class=\"vc_column-inner\"><div class=\"wpb_wrapper\"><div class=\"tlg-spacer\" data-height=\"25\" data-height-tablet=\"10\" data-height-mobile=\"5\" style=\"clear:both;display:block;height:25px;\"><\/div><\/div><\/div><\/div><\/div><div class=\"vc_row wpb_row vc_inner vc_row-fluid\"><div class=\"wpb_column vc_column_container vc_col-sm-12\"><div class=\"vc_column-inner\"><div class=\"wpb_wrapper\"><div class=\"tlg-spacer\" data-height=\"25\" data-height-tablet=\"10\" data-height-mobile=\"5\" style=\"clear:both;display:block;height:25px;\"><\/div><\/div><\/div><\/div><\/div><\/div><\/div><\/div><div class=\"wpb_column vc_column_container vc_col-sm-6\"><div class=\"vc_column-inner\"><div class=\"wpb_wrapper\">\n\t<div class=\"wpb_text_column wpb_content_element  vc_custom_1608439444165\" >\n\t\t<div class=\"wpb_wrapper\">\n\t\t\t<p><span style=\"font-weight: 400;\">A comprehensive <\/span><b>Electric Grid Monitoring Solution,<\/b><span style=\"font-weight: 400;\"> which monitors the electrical circuit (power factor, energy, voltage, and current) <\/span><b>designed to detect and react <\/b><span style=\"font-weight: 400;\">to issues proactively.<\/span><\/p>\n\n\t\t<\/div>\n\t<\/div>\n\n\t<div class=\"wpb_text_column wpb_content_element  vc_custom_1609891529544\" >\n\t\t<div class=\"wpb_wrapper\">\n\t\t\t<p><span style=\"font-weight: 400;\"><b><img loading=\"lazy\" class=\"alignleft wp-image-11482\" src=\"https:\/\/www.tecnocal.com\/wp-content\/uploads\/2021\/01\/Icono-Detactar-300x300.png\" alt=\"\" width=\"60\" height=\"60\" srcset=\"https:\/\/tecnocal.com\/wp-content\/uploads\/2021\/01\/Icono-Detactar-300x300.png 300w, https:\/\/tecnocal.com\/wp-content\/uploads\/2021\/01\/Icono-Detactar-150x150.png 150w, https:\/\/tecnocal.com\/wp-content\/uploads\/2021\/01\/Icono-Detactar-768x769.png 768w, https:\/\/tecnocal.com\/wp-content\/uploads\/2021\/01\/Icono-Detactar-12x12.png 12w, https:\/\/tecnocal.com\/wp-content\/uploads\/2021\/01\/Icono-Detactar-60x60.png 60w, https:\/\/tecnocal.com\/wp-content\/uploads\/2021\/01\/Icono-Detactar.png 939w\" sizes=\"(max-width: 60px) 100vw, 60px\" \/>Early detection alerts <\/b>indicate anomalies or failures in electrical networks that cause problems in devices, inefficiencies in consumption, etc.<b><\/b><\/span><\/p>\n\n\t\t<\/div>\n\t<\/div>\n\n\t<div class=\"wpb_text_column wpb_content_element  vc_custom_1609891657969\" >\n\t\t<div class=\"wpb_wrapper\">\n\t\t\t<p><img loading=\"lazy\" class=\"alignleft wp-image-11483\" src=\"https:\/\/www.tecnocal.com\/wp-content\/uploads\/2021\/01\/Icono-Visualizacion-Dashboard-300x225.png\" alt=\"\" width=\"65\" height=\"49\" srcset=\"https:\/\/tecnocal.com\/wp-content\/uploads\/2021\/01\/Icono-Visualizacion-Dashboard-300x225.png 300w, https:\/\/tecnocal.com\/wp-content\/uploads\/2021\/01\/Icono-Visualizacion-Dashboard-1024x769.png 1024w, https:\/\/tecnocal.com\/wp-content\/uploads\/2021\/01\/Icono-Visualizacion-Dashboard-768x576.png 768w, https:\/\/tecnocal.com\/wp-content\/uploads\/2021\/01\/Icono-Visualizacion-Dashboard-16x12.png 16w, https:\/\/tecnocal.com\/wp-content\/uploads\/2021\/01\/Icono-Visualizacion-Dashboard-600x450.png 600w, https:\/\/tecnocal.com\/wp-content\/uploads\/2021\/01\/Icono-Visualizacion-Dashboard-960x720.png 960w, https:\/\/tecnocal.com\/wp-content\/uploads\/2021\/01\/Icono-Visualizacion-Dashboard.png 1247w\" sizes=\"(max-width: 65px) 100vw, 65px\" \/><b>Visualize your network's behavior <\/b><span style=\"font-weight: 400;\">and facilitate decision-making around energy efficiency through a data dashboard platform.<\/span><\/p>\n\n\t\t<\/div>\n\t<\/div>\n\n\t<div class=\"wpb_text_column wpb_content_element  vc_custom_1609891616683\" >\n\t\t<div class=\"wpb_wrapper\">\n\t\t\t<p><img loading=\"lazy\" class=\"alignleft wp-image-11485\" src=\"https:\/\/www.tecnocal.com\/wp-content\/uploads\/2021\/01\/Icono-AI-290x300.png\" alt=\"\" width=\"60\" height=\"62\" srcset=\"https:\/\/tecnocal.com\/wp-content\/uploads\/2021\/01\/Icono-AI-290x300.png 290w, https:\/\/tecnocal.com\/wp-content\/uploads\/2021\/01\/Icono-AI-768x795.png 768w, https:\/\/tecnocal.com\/wp-content\/uploads\/2021\/01\/Icono-AI-12x12.png 12w, https:\/\/tecnocal.com\/wp-content\/uploads\/2021\/01\/Icono-AI.png 904w\" sizes=\"(max-width: 60px) 100vw, 60px\" \/><b>Add Artificial Intelligence<\/b><span style=\"font-weight: 400;\"> to predict or infer possible failures and make proactive decisions.<\/span><\/p>\n\n\t\t<\/div>\n\t<\/div>\n<\/div><\/div><\/div><\/div><\/div><\/section><section class=\"vc_row wpb_row vc_row-fluid bg-secondary pt0 pb0 not-equal not-color vc_custom_1608440003952\"><div class=\"container\"><div class=\"row\"><div class=\"wpb_column vc_column_container vc_col-sm-12\"><div class=\"vc_column-inner\"><div class=\"wpb_wrapper\"><div class=\"vc_row wpb_row vc_inner vc_row-fluid\"><\/div><div class=\"wpb_column vc_column_container vc_col-sm-1\/5\"><div class=\"vc_column-inner\"><div class=\"wpb_wrapper\">\n\t<div class=\"wpb_text_column wpb_content_element\" >\n\t\t<div class=\"wpb_wrapper\">\n\t\t\t<h5 style=\"text-align: center;\"><span style=\"font-weight: 400;\"><img loading=\"lazy\" class=\"wp-image-11320 aligncenter\" src=\"http:\/\/www.tecnocal.com\/wp-content\/uploads\/2020\/12\/Energ\u00eda.png\" alt=\"\" width=\"55\" height=\"54\" srcset=\"https:\/\/tecnocal.com\/wp-content\/uploads\/2020\/12\/Energ\u00eda.png 85w, https:\/\/tecnocal.com\/wp-content\/uploads\/2020\/12\/Energ\u00eda-12x12.png 12w, https:\/\/tecnocal.com\/wp-content\/uploads\/2020\/12\/Energ\u00eda-60x60.png 60w\" sizes=\"(max-width: 55px) 100vw, 55px\" \/>Energy<br \/>\n<span style=\"color: #ffffff;\">&#8211;<\/span><\/span><\/h5>\n\n\t\t<\/div>\n\t<\/div>\n<\/div><\/div><\/div><div class=\"wpb_column vc_column_container vc_col-sm-1\/5\"><div class=\"vc_column-inner\"><div class=\"wpb_wrapper\">\n\t<div class=\"wpb_text_column wpb_content_element\" >\n\t\t<div class=\"wpb_wrapper\">\n\t\t\t<h5 style=\"text-align: center;\"><span style=\"font-weight: 400;\"><img loading=\"lazy\" class=\"wp-image-11324 size-full aligncenter\" src=\"https:\/\/www.tecnocal.com\/wp-content\/uploads\/2020\/12\/Voltaje-e1608441039417.png\" alt=\"\" width=\"55\" height=\"55\" \/>Voltage<br \/>\n<span style=\"color: #ffffff;\">&#8211;<\/span><\/span><\/h5>\n\n\t\t<\/div>\n\t<\/div>\n<\/div><\/div><\/div><div class=\"wpb_column vc_column_container vc_col-sm-1\/5\"><div class=\"vc_column-inner\"><div class=\"wpb_wrapper\">\n\t<div class=\"wpb_text_column wpb_content_element\" >\n\t\t<div class=\"wpb_wrapper\">\n\t\t\t<h5 style=\"text-align: center;\"><span style=\"font-weight: 400;\"><img loading=\"lazy\" class=\"wp-image-11343 size-full aligncenter\" src=\"https:\/\/www.tecnocal.com\/wp-content\/uploads\/2020\/12\/Factor-de-potencia-e1608440940796.png\" alt=\"\" width=\"55\" height=\"54\" \/>Power<br \/>\nFactor<br \/>\n<\/span><\/h5>\n\n\t\t<\/div>\n\t<\/div>\n<\/div><\/div><\/div><div class=\"wpb_column vc_column_container vc_col-sm-1\/5\"><div class=\"vc_column-inner\"><div class=\"wpb_wrapper\">\n\t<div class=\"wpb_text_column wpb_content_element\" >\n\t\t<div class=\"wpb_wrapper\">\n\t\t\t<h5 style=\"text-align: center;\"><span style=\"font-weight: 400;\"><img loading=\"lazy\" class=\"wp-image-11338 size-full aligncenter\" src=\"https:\/\/www.tecnocal.com\/wp-content\/uploads\/2020\/12\/Corriente-e1608441360762.png\" alt=\"\" width=\"55\" height=\"56\" \/>Current<br \/>\n<span style=\"color: #ffffff;\">&#8211;<\/span><\/span><\/h5>\n\n\t\t<\/div>\n\t<\/div>\n<\/div><\/div><\/div><div class=\"wpb_column vc_column_container vc_col-sm-1\/5\"><div class=\"vc_column-inner\"><div class=\"wpb_wrapper\">\n\t<div class=\"wpb_text_column wpb_content_element\" >\n\t\t<div class=\"wpb_wrapper\">\n\t\t\t<h5 style=\"text-align: center;\"><span style=\"font-weight: 400;\"><img loading=\"lazy\" class=\"wp-image-11336 size-full aligncenter\" src=\"https:\/\/www.tecnocal.com\/wp-content\/uploads\/2020\/12\/Arm\u00f3nicas-e1608441414788.png\" alt=\"\" width=\"55\" height=\"53\" \/>Harmonics<br \/>\n<span style=\"color: #ffffff;\">&#8211;<\/span><\/span><\/h5>\n\n\t\t<\/div>\n\t<\/div>\n<\/div><\/div><\/div><\/div><\/div><\/div><div class=\"wpb_column vc_column_container vc_col-sm-12\"><div class=\"vc_column-inner vc_custom_1610987479218\"><div class=\"wpb_wrapper\">\n\t<div class=\"wpb_text_column wpb_content_element  vc_custom_1611964722953\" >\n\t\t<div class=\"wpb_wrapper\">\n\t\t\t<h3 style=\"text-align: center;\"><b><i>A comprehensive solution for energy management monitoring your network's behavior.<\/i><\/b><\/h3>\n\n\t\t<\/div>\n\t<\/div>\n<\/div><\/div><\/div><\/div><\/div><\/section><section class=\"vc_row wpb_row vc_row-fluid bg-light pb0 not-equal not-color\"><div class=\"container\"><div class=\"row\"><div class=\"wpb_column vc_column_container vc_col-sm-12 vc_col-has-fill\"><div class=\"vc_column-inner vc_custom_1488341145859\"><div class=\"wpb_wrapper\"><div class=\"display-table action-box\"><div class=\"display-cell display-none-sm display-icon\"><i  class=\"fade-color ms-text ti-arrow-circle-right icon\"><\/i><\/div>\n\t\t\t\t\t<div class=\"display-cell text-center-sm\">\n\t\t\t\t\t\t<h2  class=\"maintitle\">Are you interested in our solution?<\/h2>\n\t\t\t\t\t\t<p  class=\"mb0\">Send a message &amp; we will coordinate a meeting to help you find your solution<\/p>\n\t\t\t\t\t<\/div>\n\t\t\t\t\t<div class=\"display-cell text-center-sm text-right\"><a  id=\"btn-69d2a24294a68\" class=\"btn btn-filled btn-rounded  btn-sm-sm text-center mr-0 mb0 mt-xs-24\" href= \"mailto:contacto@tecnocal.com?subject=En\u0259rj\u0113%20Solution\" target=\"_self\" >I'm Interested<\/a><\/div>\n\t\t\t\t<\/div><\/div><\/div><\/div><\/div><\/div><\/section><section class=\"vc_row wpb_row vc_row-fluid bg-light not-equal not-color\"><div class=\"container\"><div class=\"row\"><div class=\"wpb_column vc_column_container vc_col-sm-12\"><div class=\"vc_column-inner\"><div class=\"wpb_wrapper\"><div class=\"text-left\"><a  id=\"btn-69d2a24294cda\" class=\"btn btn-rounded btn-sm ti-arrow-left hvr-grow btn-sm-sm\" href= \"https:\/\/tecnocal.com\/en\/soluciones\/\" target=\"_self\" >Back<\/a><\/div><\/div><\/div><\/div><\/div><\/div><\/section>","protected":false},"excerpt":{"rendered":"En\u0259rj\u0113 SolutionSistema integral para Eficiencia Energ\u00e9tica Soluci\u00f3n integral de Monitoreo de la Red El\u00e9ctrica que permite dar seguimiento al comportamiento del circuito el\u00e9ctrico (factor de potencia, energ\u00eda, voltaje y corriente), para detectar y reaccionar a tiempo. Detecta a tiempo anomal\u00edas o fallas en la red el\u00e9ctrica que provoquen problemas en artefactos, ineficiencias en el consumo...","protected":false},"author":1,"featured_media":11675,"parent":0,"menu_order":0,"comment_status":"closed","ping_status":"closed","template":"","meta":{"_monsterinsights_skip_tracking":false,"_monsterinsights_sitenote_active":false,"_monsterinsights_sitenote_note":"","_monsterinsights_sitenote_category":0},"_links":{"self":[{"href":"https:\/\/tecnocal.com\/en\/wp-json\/wp\/v2\/pages\/11223"}],"collection":[{"href":"https:\/\/tecnocal.com\/en\/wp-json\/wp\/v2\/pages"}],"about":[{"href":"https:\/\/tecnocal.com\/en\/wp-json\/wp\/v2\/types\/page"}],"author":[{"embeddable":true,"href":"https:\/\/tecnocal.com\/en\/wp-json\/wp\/v2\/users\/1"}],"replies":[{"embeddable":true,"href":"https:\/\/tecnocal.com\/en\/wp-json\/wp\/v2\/comments?post=11223"}],"version-history":[{"count":131,"href":"https:\/\/tecnocal.com\/en\/wp-json\/wp\/v2\/pages\/11223\/revisions"}],"predecessor-version":[{"id":12788,"href":"https:\/\/tecnocal.com\/en\/wp-json\/wp\/v2\/pages\/11223\/revisions\/12788"}],"wp:featuredmedia":[{"embeddable":true,"href":"https:\/\/tecnocal.com\/en\/wp-json\/wp\/v2\/media\/11675"}],"wp:attachment":[{"href":"https:\/\/tecnocal.com\/en\/wp-json\/wp\/v2\/media?parent=11223"}],"curies":[{"name":"wp","href":"https:\/\/api.w.org\/{rel}","templated":true}]}}