{"id":11142,"date":"2020-12-18T17:27:48","date_gmt":"2020-12-18T20:27:48","guid":{"rendered":"http:\/\/www.tecnocal.com\/?page_id=11142"},"modified":"2022-08-21T23:11:46","modified_gmt":"2022-08-22T02:11:46","slug":"empresa","status":"publish","type":"page","link":"https:\/\/tecnocal.com\/en\/empresa\/","title":{"rendered":"Who We Are"},"content":{"rendered":"<section class=\"vc_row wpb_row vc_row-fluid bg-secondary pt0 pb0 not-equal not-color vc_custom_1610718522872\"><div class=\"container\"><div class=\"row\"><div class=\"wpb_column vc_column_container vc_col-sm-12\"><div class=\"vc_column-inner vc_custom_1610720074416\"><div class=\"wpb_wrapper\"><div class=\"vc_row wpb_row vc_inner vc_row-fluid vc_custom_1610718544537\"><div class=\"wpb_column vc_column_container vc_col-sm-4\"><div class=\"vc_column-inner\"><div class=\"wpb_wrapper\"><div class=\"headings-title\"><div class=\"mb0 mb-xs-40 text-left\"><h5  class=\"widgettitle\">Our Purpose<\/h5><div class=\"divider-wrap\"><div class=\"tlg-divider\" style=\"background-color:#81d742!important;\"><\/div><\/div><\/div><\/div>\n\t<div class=\"wpb_text_column wpb_content_element\" >\n\t\t<div class=\"wpb_wrapper\">\n\t\t\t<p>After almost 30 years of diverse experience, TECNOCAL has become a benchmark for Innovation and Quality in LATAM. We have developed and delivered over 300 products in the Mining, Logistics, Utilities, Transportation, and Agriculture industries with cutting-edge technology and the best electronic solutions to some of the world's biggest corporations.<\/p>\n\n\t\t<\/div>\n\t<\/div>\n<\/div><\/div><\/div><div class=\"wpb_column vc_column_container vc_col-sm-4\"><div class=\"vc_column-inner\"><div class=\"wpb_wrapper\"><div id=\"iconbox-69d76bef391f7\" class=\"\"><div class=\"icon-link\"><div class=\"icon-animate-box animate-icon mt48\">\n\t\t\t\t\t\t\t\t<div class=\"animate-box-wrap\">\n\t\t\t\t\t\t\t\t\t<div class=\"box-bg\" style=\"background-image: url(https:\/\/tecnocal.com\/wp-content\/uploads\/2020\/12\/240_F_126212428_TtxCeG8262N1d32y7aTWiSAVzq0w4IgN.jpg); \"><\/div>\n\t\t\t\t\t\t\t\t\t<div class=\"animate-box-inner\">\n\t\t\t\t\t\t\t\t\t\t<div class=\"animate-box-inner-wrap\">\n\t\t\t\t\t\t\t\t\t\t\t<div class=\"icon-center-box\"><i class=\"ti-eye  icon-animate inline-block icon-text icon-lg\"><\/i><\/div>\n\t\t\t\t\t\t\t\t\t\t\t<h2  class=\"widgettitle\">Vision<\/h2>\n\t\t\t\t\t\t\t\t\t\t\t<div  class=\"icon-content\"><\/p>\n<p style=\"text-align: left;\"><span style=\"font-weight: 400;\">We believe in using technology to find ethical solutions that make the world a better place.<\/span><\/p>\n<p>&nbsp;<\/p>\n<p>\n<\/div>\n\t\t\t\t\t\t\t\t\t\t<\/div>\n\t\t\t\t\t\t\t\t\t<\/div>  \n\t\t\t\t\t\t\t\t<\/div> \n\t\t\t\t\t\t\t<\/div><\/div><\/div><script type=\"text\/javascript\">jQuery(document).ready(function(){jQuery('head').append('<style type=\"text\/css\" id=\"tlg-custom-css-iconbox-69d76bef391f7\">#iconbox-69d76bef391f7 .boxed-animate.boxed-scroll .title .widgettitle:after{background-color:#81d742!important;}<\/style>');});<\/script><\/div><\/div><\/div><div class=\"wpb_column vc_column_container vc_col-sm-4\"><div class=\"vc_column-inner\"><div class=\"wpb_wrapper\"><div id=\"iconbox-69d76bef3a112\" class=\"\"><div class=\"icon-link\"><div class=\"icon-animate-box animate-icon mt48\">\n\t\t\t\t\t\t\t\t<div class=\"animate-box-wrap\">\n\t\t\t\t\t\t\t\t\t<div class=\"box-bg\" style=\"background-image: url(https:\/\/tecnocal.com\/wp-content\/uploads\/2020\/12\/240_F_218954800_VMOtwabfPHJUQST8hi53MCRdKH8bzyRL.jpg); \"><\/div>\n\t\t\t\t\t\t\t\t\t<div class=\"animate-box-inner\">\n\t\t\t\t\t\t\t\t\t\t<div class=\"animate-box-inner-wrap\">\n\t\t\t\t\t\t\t\t\t\t\t<div class=\"icon-center-box\"><i class=\"ti-target  icon-animate inline-block icon-text icon-lg\"><\/i><\/div>\n\t\t\t\t\t\t\t\t\t\t\t<h2  class=\"widgettitle\">Mission<\/h2>\n\t\t\t\t\t\t\t\t\t\t\t<div  class=\"icon-content\"><\/p>\n<p style=\"text-align: left;\"><span style=\"font-weight: 400;\">To develop sustainable, robust technological solutions that solve the constant challenges of smart industrialization to create accessibility and value for our clients.<\/span><\/p>\n<p>\n<\/div>\n\t\t\t\t\t\t\t\t\t\t<\/div>\n\t\t\t\t\t\t\t\t\t<\/div>  \n\t\t\t\t\t\t\t\t<\/div> \n\t\t\t\t\t\t\t<\/div><\/div><\/div><script type=\"text\/javascript\">jQuery(document).ready(function(){jQuery('head').append('<style type=\"text\/css\" id=\"tlg-custom-css-iconbox-69d76bef3a112\">#iconbox-69d76bef3a112 .boxed-animate.boxed-scroll .title .widgettitle:after{background-color:#81d742!important;}<\/style>');});<\/script><\/div><\/div><\/div><\/div><\/div><\/div><\/div><\/div><\/div><\/section><section class=\"vc_row wpb_row vc_row-fluid bg-light pt0 pb0 not-equal not-color\"><div class=\"container\"><div class=\"row\"><div class=\"wpb_column vc_column_container vc_col-sm-12\"><div class=\"vc_column-inner vc_custom_1608270074360\"><div class=\"wpb_wrapper\"><div class=\"vc_row wpb_row vc_inner vc_row-fluid\"><div class=\"wpb_column vc_column_container vc_col-sm-12\"><div class=\"vc_column-inner\"><div class=\"wpb_wrapper\"><div class=\"headings-title\"><div class=\"mb0 mb-xs-40 text-center\"><h5  class=\"widgettitle\">Our values are in everything we do<\/h5><div class=\"divider-wrap\"><div class=\"tlg-divider\" style=\"background-color:#81d742!important;\"><\/div><\/div><\/div><\/div>\n\t<div class=\"wpb_raw_code wpb_content_element wpb_raw_html\" >\n\t\t<div class=\"wpb_wrapper\">\n\t\t\t\t\t\t\t\t\t\t<h3 style=\"margin-bottom:20px;display:block;width:100%;margin-top:10px\"> <\/h3>\r\n\t\t\t\t\t\t<style>\r\n\t\t\t\t<style>\r\n#wpsm_accordion_11163 .wpsm_panel-heading{\r\n\tpadding:0px !important;\r\n}\r\n#wpsm_accordion_11163 .wpsm_panel-title {\r\n\tmargin:0px !important; \r\n\ttext-transform:none !important;\r\n\tline-height: 1 !important;\r\n}\r\n#wpsm_accordion_11163 .wpsm_panel-title a{\r\n\ttext-decoration:none;\r\n\toverflow:hidden;\r\n\tdisplay:block;\r\n\tpadding:0px;\r\n\tfont-size: 18px !important;\r\n\tfont-family: Open Sans !important;\r\n\tcolor:#000000 !important;\r\n\tborder-bottom:0px !important;\r\n}\r\n\r\n#wpsm_accordion_11163 .wpsm_panel-title a:focus {\r\noutline: 0px !important;\r\n}\r\n\r\n#wpsm_accordion_11163 .wpsm_panel-title a:hover, #wpsm_accordion_11163 .wpsm_panel-title a:focus {\r\n\tcolor:#000000 !important;\r\n}\r\n#wpsm_accordion_11163 .acc-a{\r\n\tcolor: #000000 !important;\r\n\tbackground-color:#e8e8e8 !important;\r\n\tborder-color: #ddd;\r\n}\r\n#wpsm_accordion_11163 .wpsm_panel-default > .wpsm_panel-heading{\r\n\tcolor: #000000 !important;\r\n\tbackground-color: #e8e8e8 !important;\r\n\tborder-color: #e8e8e8 !important;\r\n\tborder-top-left-radius: 0px;\r\n\tborder-top-right-radius: 0px;\r\n}\r\n#wpsm_accordion_11163 .wpsm_panel-default {\r\n\t\tborder:1px solid transparent !important;\r\n\t}\r\n#wpsm_accordion_11163 {\r\n\tmargin-bottom: 20px;\r\n\toverflow: hidden;\r\n\tfloat: none;\r\n\twidth: 100%;\r\n\tdisplay: block;\r\n}\r\n#wpsm_accordion_11163 .ac_title_class{\r\n\tdisplay: block;\r\n\tpadding-top: 12px;\r\n\tpadding-bottom: 12px;\r\n\tpadding-left: 15px;\r\n\tpadding-right: 15px;\r\n}\r\n#wpsm_accordion_11163  .wpsm_panel {\r\n\toverflow:hidden;\r\n\t-webkit-box-shadow: 0 0px 0px rgba(0, 0, 0, .05);\r\n\tbox-shadow: 0 0px 0px rgba(0, 0, 0, .05);\r\n\t\tborder-radius: 4px;\r\n\t}\r\n#wpsm_accordion_11163  .wpsm_panel + .wpsm_panel {\r\n\t\tmargin-top: 5px;\r\n\t}\r\n#wpsm_accordion_11163  .wpsm_panel-body{\r\n\tbackground-color:#ffffff !important;\r\n\tcolor:#000000 !important;\r\n\tborder-top-color: #e8e8e8 !important;\r\n\tfont-size:16px !important;\r\n\tfont-family: Open Sans !important;\r\n\toverflow: hidden;\r\n\t\tborder: 2px solid #e8e8e8 !important;\r\n\t}\r\n\r\n#wpsm_accordion_11163 .ac_open_cl_icon{\r\n\tbackground-color:#e8e8e8 !important;\r\n\tcolor: #000000 !important;\r\n\tfloat:left !important;\r\n\tpadding-top: 12px !important;\r\n\tpadding-bottom: 12px !important;\r\n\tline-height: 1.0 !important;\r\n\tpadding-left: 15px !important;\r\n\tpadding-right: 15px !important;\r\n\tdisplay: inline-block !important;\r\n}\r\n\r\n\t\t\t\r\n\t\t\t<\/style>\t\r\n\t\t\t<\/style>\r\n\t\t\t<div class=\"wpsm_panel-group\" id=\"wpsm_accordion_11163\" >\r\n\t\t\t\t\t\t\t\t\r\n\t\t\t\t\t<!-- Inner panel Start -->\r\n\t\t\t\t\t<div class=\"wpsm_panel wpsm_panel-default\">\r\n\t\t\t\t\t\t<div class=\"wpsm_panel-heading\" role=\"tab\" >\r\n\t\t\t\t\t\t  <h4 class=\"wpsm_panel-title\">\r\n\t\t\t\t\t\t\t<a  class=\"\"  data-toggle=\"collapse\" data-parent=\"#wpsm_accordion_11163 \" href=\"javascript:void(0)\" data-target=\"#ac_11163_collapse1\" onclick=\"do_resize()\">\r\n\t\t\t\t\t\t\t\t\t\t\t\t\t\t\t\t\t<span class=\"ac_open_cl_icon fa fa-plus\"><\/span>\r\n\t\t\t\t\t\t\t\t\t\r\n\t\t\t\t\t\t\t\t \r\n\t\t\t\t\t\t\t\t<span class=\"ac_title_class\">\r\n\t\t\t\t\t\t\t\t\t\t\t\t\t\t\t\t\t\t\t\t<span style=\"margin-right:6px;\" class=\"fa fa-gittip\"><\/span>\r\n\t\t\t\t\t\t\t\t\tPassion for technological innovation.\t\t\t\t\t\t\t\t<\/span>\r\n\t\t\t\t\t\t\t<\/a>\r\n\t\t\t\t\t\t  <\/h4>\r\n\t\t\t\t\t\t<\/div>\r\n\t\t\t\t\t\t<div id=\"ac_11163_collapse1\" class=\"wpsm_panel-collapse collapse\"  >\r\n\t\t\t\t\t\t  <div class=\"wpsm_panel-body\">\r\n\t\t\t\t\t\t\t<span style=\"font-weight: 400;\">We constantly challenge ourselves to develop and incorporate cutting-edge technology.<\/span>\t\t\t\t\t\t  <\/div>\r\n\t\t\t\t\t\t<\/div>\r\n\t\t\t\t\t<\/div>\r\n\t\t\t\t\t<!-- Inner panel End -->\r\n\t\t\t\t\t\r\n\t\t\t\t\t\t\t\t\r\n\t\t\t\t\t<!-- Inner panel Start -->\r\n\t\t\t\t\t<div class=\"wpsm_panel wpsm_panel-default\">\r\n\t\t\t\t\t\t<div class=\"wpsm_panel-heading\" role=\"tab\" >\r\n\t\t\t\t\t\t  <h4 class=\"wpsm_panel-title\">\r\n\t\t\t\t\t\t\t<a  class=\"collapsed\"  data-toggle=\"collapse\" data-parent=\"#wpsm_accordion_11163 \" href=\"javascript:void(0)\" data-target=\"#ac_11163_collapse2\" onclick=\"do_resize()\">\r\n\t\t\t\t\t\t\t\t\t\t\t\t\t\t\t\t\t<span class=\"ac_open_cl_icon fa fa-plus\"><\/span>\r\n\t\t\t\t\t\t\t\t\t\r\n\t\t\t\t\t\t\t\t \r\n\t\t\t\t\t\t\t\t<span class=\"ac_title_class\">\r\n\t\t\t\t\t\t\t\t\t\t\t\t\t\t\t\t\t\t\t\t<span style=\"margin-right:6px;\" class=\"fa fa-star-o\"><\/span>\r\n\t\t\t\t\t\t\t\t\tCommitment to quality.\t\t\t\t\t\t\t\t<\/span>\r\n\t\t\t\t\t\t\t<\/a>\r\n\t\t\t\t\t\t  <\/h4>\r\n\t\t\t\t\t\t<\/div>\r\n\t\t\t\t\t\t<div id=\"ac_11163_collapse2\" class=\"wpsm_panel-collapse collapse\"  >\r\n\t\t\t\t\t\t  <div class=\"wpsm_panel-body\">\r\n\t\t\t\t\t\t\t<span style=\"font-weight: 400;\">Our technological innovations stand out for their high standards of functionality, availability and adaptability.<\/span>\t\t\t\t\t\t  <\/div>\r\n\t\t\t\t\t\t<\/div>\r\n\t\t\t\t\t<\/div>\r\n\t\t\t\t\t<!-- Inner panel End -->\r\n\t\t\t\t\t\r\n\t\t\t\t\t\t\t\t\r\n\t\t\t\t\t<!-- Inner panel Start -->\r\n\t\t\t\t\t<div class=\"wpsm_panel wpsm_panel-default\">\r\n\t\t\t\t\t\t<div class=\"wpsm_panel-heading\" role=\"tab\" >\r\n\t\t\t\t\t\t  <h4 class=\"wpsm_panel-title\">\r\n\t\t\t\t\t\t\t<a  class=\"collapsed\"  data-toggle=\"collapse\" data-parent=\"#wpsm_accordion_11163 \" href=\"javascript:void(0)\" data-target=\"#ac_11163_collapse3\" onclick=\"do_resize()\">\r\n\t\t\t\t\t\t\t\t\t\t\t\t\t\t\t\t\t<span class=\"ac_open_cl_icon fa fa-plus\"><\/span>\r\n\t\t\t\t\t\t\t\t\t\r\n\t\t\t\t\t\t\t\t \r\n\t\t\t\t\t\t\t\t<span class=\"ac_title_class\">\r\n\t\t\t\t\t\t\t\t\t\t\t\t\t\t\t\t\t\t\t\t<span style=\"margin-right:6px;\" class=\"fa fa-puzzle-piece\"><\/span>\r\n\t\t\t\t\t\t\t\t\tCollective development of value.\t\t\t\t\t\t\t\t<\/span>\r\n\t\t\t\t\t\t\t<\/a>\r\n\t\t\t\t\t\t  <\/h4>\r\n\t\t\t\t\t\t<\/div>\r\n\t\t\t\t\t\t<div id=\"ac_11163_collapse3\" class=\"wpsm_panel-collapse collapse\"  >\r\n\t\t\t\t\t\t  <div class=\"wpsm_panel-body\">\r\n\t\t\t\t\t\t\t<span style=\"font-weight: 400;\">We work as a team in an ecosystem of collaboration based on trust.<\/span>\t\t\t\t\t\t  <\/div>\r\n\t\t\t\t\t\t<\/div>\r\n\t\t\t\t\t<\/div>\r\n\t\t\t\t\t<!-- Inner panel End -->\r\n\t\t\t\t\t\r\n\t\t\t\t\t\t\t\t\r\n\t\t\t\t\t<!-- Inner panel Start -->\r\n\t\t\t\t\t<div class=\"wpsm_panel wpsm_panel-default\">\r\n\t\t\t\t\t\t<div class=\"wpsm_panel-heading\" role=\"tab\" >\r\n\t\t\t\t\t\t  <h4 class=\"wpsm_panel-title\">\r\n\t\t\t\t\t\t\t<a  class=\"collapsed\"  data-toggle=\"collapse\" data-parent=\"#wpsm_accordion_11163 \" href=\"javascript:void(0)\" data-target=\"#ac_11163_collapse4\" onclick=\"do_resize()\">\r\n\t\t\t\t\t\t\t\t\t\t\t\t\t\t\t\t\t<span class=\"ac_open_cl_icon fa fa-plus\"><\/span>\r\n\t\t\t\t\t\t\t\t\t\r\n\t\t\t\t\t\t\t\t \r\n\t\t\t\t\t\t\t\t<span class=\"ac_title_class\">\r\n\t\t\t\t\t\t\t\t\t\t\t\t\t\t\t\t\t\t\t\t<span style=\"margin-right:6px;\" class=\"fa fa-users\"><\/span>\r\n\t\t\t\t\t\t\t\t\tClient focused.\t\t\t\t\t\t\t\t<\/span>\r\n\t\t\t\t\t\t\t<\/a>\r\n\t\t\t\t\t\t  <\/h4>\r\n\t\t\t\t\t\t<\/div>\r\n\t\t\t\t\t\t<div id=\"ac_11163_collapse4\" class=\"wpsm_panel-collapse collapse\"  >\r\n\t\t\t\t\t\t  <div class=\"wpsm_panel-body\">\r\n\t\t\t\t\t\t\t<span style=\"font-weight: 400;\">We actively listen to our clients for a deeper understanding of their pain points and accompany them to develop effective solutions that add value.<\/span>\t\t\t\t\t\t  <\/div>\r\n\t\t\t\t\t\t<\/div>\r\n\t\t\t\t\t<\/div>\r\n\t\t\t\t\t<!-- Inner panel End -->\r\n\t\t\t\t\t\r\n\t\t\t\t\t\t\t\t\r\n\t\t\t\t\t<!-- Inner panel Start -->\r\n\t\t\t\t\t<div class=\"wpsm_panel wpsm_panel-default\">\r\n\t\t\t\t\t\t<div class=\"wpsm_panel-heading\" role=\"tab\" >\r\n\t\t\t\t\t\t  <h4 class=\"wpsm_panel-title\">\r\n\t\t\t\t\t\t\t<a  class=\"collapsed\"  data-toggle=\"collapse\" data-parent=\"#wpsm_accordion_11163 \" href=\"javascript:void(0)\" data-target=\"#ac_11163_collapse5\" onclick=\"do_resize()\">\r\n\t\t\t\t\t\t\t\t\t\t\t\t\t\t\t\t\t<span class=\"ac_open_cl_icon fa fa-plus\"><\/span>\r\n\t\t\t\t\t\t\t\t\t\r\n\t\t\t\t\t\t\t\t \r\n\t\t\t\t\t\t\t\t<span class=\"ac_title_class\">\r\n\t\t\t\t\t\t\t\t\t\t\t\t\t\t\t\t\t\t\t\t<span style=\"margin-right:6px;\" class=\"fa fa-globe\"><\/span>\r\n\t\t\t\t\t\t\t\t\tSustainable Development.\t\t\t\t\t\t\t\t<\/span>\r\n\t\t\t\t\t\t\t<\/a>\r\n\t\t\t\t\t\t  <\/h4>\r\n\t\t\t\t\t\t<\/div>\r\n\t\t\t\t\t\t<div id=\"ac_11163_collapse5\" class=\"wpsm_panel-collapse collapse\"  >\r\n\t\t\t\t\t\t  <div class=\"wpsm_panel-body\">\r\n\t\t\t\t\t\t\t<span style=\"font-weight: 400;\">We think in alignment with society, not in isolation.<\/span>\t\t\t\t\t\t  <\/div>\r\n\t\t\t\t\t\t<\/div>\r\n\t\t\t\t\t<\/div>\r\n\t\t\t\t\t<!-- Inner panel End -->\r\n\t\t\t\t\t\r\n\t\t\t\t\t\t\t<\/div>\r\n\t\t\t\r\n<script type=\"text\/javascript\">\r\n\t\r\n\t\tfunction do_resize(){\r\n\r\n\t\t\tvar width=jQuery( '.wpsm_panel .wpsm_panel-body iframe' ).width();\r\n\t\t\tvar height=jQuery( '.wpsm_panel .wpsm_panel-body iframe' ).height();\r\n\r\n\t\t\tvar toggleSize = true;\r\n\t\t\tjQuery('iframe').animate({\r\n\t\t\t    width: toggleSize ? width : 640,\r\n\t\t\t    height: toggleSize ? height : 360\r\n\t\t\t  }, 250);\r\n\r\n\t\t\t  toggleSize = !toggleSize;\r\n\t\t}\r\n\t\t\r\n<\/script>\t\n\t\t<\/div>\n\t<\/div>\n<\/div><\/div><\/div><\/div><\/div><\/div><\/div><\/div><\/div><\/section><section class=\"vc_row wpb_row vc_row-fluid bg-secondary pb0 not-equal not-color vc_custom_1610724094642\"><div class=\"container\"><div class=\"row\"><div class=\"wpb_column vc_column_container vc_col-sm-12\"><div class=\"vc_column-inner\"><div class=\"wpb_wrapper\"><div class=\"vc_row wpb_row vc_inner vc_row-fluid\"><div class=\"wpb_column vc_column_container vc_col-sm-12\"><div class=\"vc_column-inner vc_custom_1610736202995\"><div class=\"wpb_wrapper\"><div class=\"headings-title\"><div class=\"mb0 mb-xs-40 text-center\"><h5  class=\"widgettitle\">Pol\u00edtica de Calidad<\/h5><div class=\"divider-wrap\"><div class=\"tlg-divider\" style=\"\"><\/div><\/div><\/div><\/div>\n\t<div class=\"wpb_text_column wpb_content_element\" >\n\t\t<div class=\"wpb_wrapper\">\n\t\t\t<p>TECNOCAL, empresa especialista en interpretar las necesidades y desaf\u00edos de la industrializaci\u00f3n inteligente de sus clientes en distintas industrias y mercados, tanto a nivel local como internacional, se compromete a desarrollar soluciones tecnol\u00f3gicas de alto est\u00e1ndar de calidad, sostenibles, robustas y accesibles, cumpliendo con el marco legal, reglamentario y los requisitos aplicables a sus clientes y partes interesadas.<\/p>\n<p>Se compromete a crear valor a sus clientes, proveedores, colaboradores y accionistas, en forma colectiva, sobre la base de la confianza con el ecosistema de innovaci\u00f3n. Su equipo tiene pasi\u00f3n por la innovaci\u00f3n tecnol\u00f3gica, desafi\u00e1ndose constantemente en incorporar y desarrollar tecnolog\u00edas, en un ambiente de trabajo que facilita la participaci\u00f3n y desarrollo de sus colaboradores.<\/p>\n<p>Se esfuerza por lograr rentabilidad en el largo plazo, de manera sostenible y en sinton\u00eda con la sociedad, mediante el uso eficiente de sus recursos, tomando como base la innovaci\u00f3n permanente y la mejora continua de su Sistema de Gesti\u00f3n de la Calidad.<\/p>\n\n\t\t<\/div>\n\t<\/div>\n<\/div><\/div><\/div><\/div><\/div><\/div><\/div><\/div><\/div><\/section><section class=\"vc_row wpb_row vc_row-fluid bg-light pt0 pb0 not-equal not-color vc_custom_1611091991608\"><div class=\"container\"><div class=\"row\"><div class=\"wpb_column vc_column_container vc_col-sm-12\"><div class=\"vc_column-inner vc_custom_1610511161954\"><div class=\"wpb_wrapper\"><div class=\"headings-title\"><div class=\"mb0 mb-xs-40 text-center\"><h5  class=\"widgettitle\">Get to Know Us<\/h5><div class=\"divider-wrap\"><div class=\"tlg-divider\" style=\"background-color:#81d742!important;\"><\/div><\/div><\/div><\/div><div class=\"vc_row wpb_row vc_inner vc_row-fluid\"><div class=\"wpb_column vc_column_container vc_col-sm-3\"><div class=\"vc_column-inner\"><div class=\"wpb_wrapper\"><\/div><\/div><\/div><div class=\"wpb_column vc_column_container vc_col-sm-3\"><div class=\"vc_column-inner\"><div class=\"wpb_wrapper\"><div id=\"iconbox-69d76bef3c545\" class=\"\"><div class=\"icon-link\"><a class=\"inherit\" href= \"https:\/\/tecnocal.com\/en\/clientes\/\" target=\"_self\" ><div class=\"relative mb0\"><div class=\"icon-image\"><img src=\"https:\/\/tecnocal.com\/wp-content\/uploads\/2021\/01\/240_F_225253961_fGXXSaycfpY1j74Av8H7xqiskTJXZqf4-1-600x600.jpg\" alt=\"icon-image\" \/><div class=\"image-overlay\"><div class=\"image-overlay-inner\">\n    \t\t\t\t\t\t<i  class=\"ti-briefcase\"><\/i><h2  class=\"widgettitle\"><\/h2><\/div><\/div><\/div><div  class=\"icon-content\"><\/p>\n<h3 style=\"text-align: center;\"><strong>Clients<\/strong><\/h3>\n<p>\n<\/div><\/div><\/a><\/div><\/div><script type=\"text\/javascript\">jQuery(document).ready(function(){jQuery('head').append('<style type=\"text\/css\" id=\"tlg-custom-css-iconbox-69d76bef3c545\">#btn-69d76bef3c546:hover{color:#565656!important;background:transparent!important;border-color:transparent!important;}<\/style>');});<\/script><\/div><\/div><\/div><div class=\"wpb_column vc_column_container vc_col-sm-3\"><div class=\"vc_column-inner\"><div class=\"wpb_wrapper\"><div id=\"iconbox-69d76bef3d5fe\" class=\"\"><div class=\"icon-link\"><a class=\"inherit\" href= \"https:\/\/tecnocal.com\/en\/logros\/\" target=\"_self\" ><div class=\"relative mb0\"><div class=\"icon-image\"><img src=\"https:\/\/tecnocal.com\/wp-content\/uploads\/2021\/01\/pexels-photo-2469616-600x600.jpeg\" alt=\"icon-image\" \/><div class=\"image-overlay\"><div class=\"image-overlay-inner\">\n    \t\t\t\t\t\t<i  class=\"ti-medall\"><\/i><h2  class=\"widgettitle\"><\/h2><\/div><\/div><\/div><div  class=\"icon-content\"><\/p>\n<h3 style=\"text-align: center;\"><strong>Achievements<\/strong><\/h3>\n<p>\n<\/div><\/div><\/a><\/div><\/div><script type=\"text\/javascript\">jQuery(document).ready(function(){jQuery('head').append('<style type=\"text\/css\" id=\"tlg-custom-css-iconbox-69d76bef3d5fe\">#btn-69d76bef3d5ff:hover{color:#565656!important;background:transparent!important;border-color:transparent!important;}<\/style>');});<\/script><\/div><\/div><\/div><div class=\"wpb_column vc_column_container vc_col-sm-3\"><div class=\"vc_column-inner\"><div class=\"wpb_wrapper\"><\/div><\/div><\/div><\/div><\/div><\/div><\/div><\/div><\/div><\/section>","protected":false},"excerpt":{"rendered":"","protected":false},"author":1,"featured_media":12029,"parent":0,"menu_order":0,"comment_status":"closed","ping_status":"closed","template":"","meta":{"_monsterinsights_skip_tracking":false,"_monsterinsights_sitenote_active":false,"_monsterinsights_sitenote_note":"","_monsterinsights_sitenote_category":0},"_links":{"self":[{"href":"https:\/\/tecnocal.com\/en\/wp-json\/wp\/v2\/pages\/11142"}],"collection":[{"href":"https:\/\/tecnocal.com\/en\/wp-json\/wp\/v2\/pages"}],"about":[{"href":"https:\/\/tecnocal.com\/en\/wp-json\/wp\/v2\/types\/page"}],"author":[{"embeddable":true,"href":"https:\/\/tecnocal.com\/en\/wp-json\/wp\/v2\/users\/1"}],"replies":[{"embeddable":true,"href":"https:\/\/tecnocal.com\/en\/wp-json\/wp\/v2\/comments?post=11142"}],"version-history":[{"count":146,"href":"https:\/\/tecnocal.com\/en\/wp-json\/wp\/v2\/pages\/11142\/revisions"}],"predecessor-version":[{"id":12971,"href":"https:\/\/tecnocal.com\/en\/wp-json\/wp\/v2\/pages\/11142\/revisions\/12971"}],"wp:featuredmedia":[{"embeddable":true,"href":"https:\/\/tecnocal.com\/en\/wp-json\/wp\/v2\/media\/12029"}],"wp:attachment":[{"href":"https:\/\/tecnocal.com\/en\/wp-json\/wp\/v2\/media?parent=11142"}],"curies":[{"name":"wp","href":"https:\/\/api.w.org\/{rel}","templated":true}]}}