{"id":10831,"date":"2020-12-16T19:29:46","date_gmt":"2020-12-16T22:29:46","guid":{"rendered":"http:\/\/www.tecnocal.com\/?page_id=10831"},"modified":"2021-01-29T17:06:00","modified_gmt":"2021-01-29T20:06:00","slug":"misiones","status":"publish","type":"page","link":"https:\/\/tecnocal.com\/en\/misiones\/","title":{"rendered":"Technology Missions"},"content":{"rendered":"<section class=\"vc_row wpb_row vc_row-fluid bg-secondary pt0 pb0 not-equal not-color vc_custom_1608223069611\"><div class=\"container\"><div class=\"row\"><div class=\"wpb_column vc_column_container vc_col-sm-12\"><div class=\"vc_column-inner\"><div class=\"wpb_wrapper\"><div class=\"headings-title\"><div class=\"mb0 mb-xs-40 text-left\"><h5  class=\"widgettitle mb0\">Technological Innovation Missions<\/h5><div  class=\"widgetsubtitle\">Designed to bring new technologies to your business<\/div><div class=\"divider-wrap\"><div class=\"tlg-divider\" style=\"\"><\/div><\/div><\/div><\/div>\n\t<div class=\"wpb_text_column wpb_content_element\" >\n\t\t<div class=\"wpb_wrapper\">\n\t\t\t\n\t\t<\/div>\n\t<\/div>\n<div class=\"vc_row wpb_row vc_inner vc_row-fluid vc_custom_1608223252511\"><div class=\"wpb_column vc_column_container vc_col-sm-8\"><div class=\"vc_column-inner\"><div class=\"wpb_wrapper\"><div class=\"tlg-spacer\" data-height=\"20\" data-height-tablet=\"15\" data-height-mobile=\"10\" style=\"clear:both;display:block;height:20px;\"><\/div>\n\t<div class=\"wpb_text_column wpb_content_element  vc_custom_1608223827161\" >\n\t\t<div class=\"wpb_wrapper\">\n\t\t\t<p>Since 2015, our CEO has led four international missions, connecting Latin American organizations with the most innovative centers and global leaders in technology and help bring new technology to our region.<\/p>\n<p>Throughout these experiences, mission attendees have built relationships leading to the joint creation of new projects, research contracts, patent or license agreements, and much more.<\/p>\n\n\t\t<\/div>\n\t<\/div>\n<\/div><\/div><\/div><div class=\"wpb_column vc_column_container vc_col-sm-2\"><div class=\"vc_column-inner\"><div class=\"wpb_wrapper\">\n\t<div  class=\"wpb_single_image wpb_content_element vc_align_right\">\n\t\t\n\t\t<figure class=\"wpb_wrapper vc_figure\">\n\t\t\t<div class=\"vc_single_image-wrapper vc_box_rounded  vc_box_border_grey\"><img width=\"204\" height=\"131\" src=\"https:\/\/tecnocal.com\/wp-content\/uploads\/2020\/12\/Alemania.jpg\" class=\"vc_single_image-img attachment-medium\" alt=\"\" loading=\"lazy\" srcset=\"https:\/\/tecnocal.com\/wp-content\/uploads\/2020\/12\/Alemania.jpg 204w, https:\/\/tecnocal.com\/wp-content\/uploads\/2020\/12\/Alemania-16x10.jpg 16w\" sizes=\"(max-width: 204px) 100vw, 204px\" \/><\/div>\n\t\t<\/figure>\n\t<\/div>\n\n\t<div class=\"wpb_text_column wpb_content_element\" >\n\t\t<div class=\"wpb_wrapper\">\n\t\t\t<h6 style=\"text-align: center;\">Germany ~ 2015<\/h6>\n\n\t\t<\/div>\n\t<\/div>\n\n\t<div  class=\"wpb_single_image wpb_content_element vc_align_left\">\n\t\t\n\t\t<figure class=\"wpb_wrapper vc_figure\">\n\t\t\t<div class=\"vc_single_image-wrapper vc_box_rounded  vc_box_border_grey\"><img width=\"204\" height=\"131\" src=\"https:\/\/tecnocal.com\/wp-content\/uploads\/2020\/12\/Boston.jpg\" class=\"vc_single_image-img attachment-medium\" alt=\"\" loading=\"lazy\" srcset=\"https:\/\/tecnocal.com\/wp-content\/uploads\/2020\/12\/Boston.jpg 204w, https:\/\/tecnocal.com\/wp-content\/uploads\/2020\/12\/Boston-16x10.jpg 16w\" sizes=\"(max-width: 204px) 100vw, 204px\" \/><\/div>\n\t\t<\/figure>\n\t<\/div>\n\n\t<div class=\"wpb_text_column wpb_content_element\" >\n\t\t<div class=\"wpb_wrapper\">\n\t\t\t<h6 style=\"text-align: center;\">Boston, MA ~ 2016<\/h6>\n\n\t\t<\/div>\n\t<\/div>\n<\/div><\/div><\/div><div class=\"wpb_column vc_column_container vc_col-sm-2\"><div class=\"vc_column-inner\"><div class=\"wpb_wrapper\">\n\t<div  class=\"wpb_single_image wpb_content_element vc_align_center\">\n\t\t\n\t\t<figure class=\"wpb_wrapper vc_figure\">\n\t\t\t<div class=\"vc_single_image-wrapper vc_box_rounded  vc_box_border_grey\"><img width=\"204\" height=\"131\" src=\"https:\/\/tecnocal.com\/wp-content\/uploads\/2020\/12\/Japan.jpg\" class=\"vc_single_image-img attachment-medium\" alt=\"\" loading=\"lazy\" srcset=\"https:\/\/tecnocal.com\/wp-content\/uploads\/2020\/12\/Japan.jpg 204w, https:\/\/tecnocal.com\/wp-content\/uploads\/2020\/12\/Japan-16x10.jpg 16w\" sizes=\"(max-width: 204px) 100vw, 204px\" \/><\/div>\n\t\t<\/figure>\n\t<\/div>\n\n\t<div class=\"wpb_text_column wpb_content_element\" >\n\t\t<div class=\"wpb_wrapper\">\n\t\t\t<h6 style=\"text-align: center;\">Japan ~ 2016<\/h6>\n\n\t\t<\/div>\n\t<\/div>\n\n\t<div  class=\"wpb_single_image wpb_content_element vc_align_left\">\n\t\t\n\t\t<figure class=\"wpb_wrapper vc_figure\">\n\t\t\t<div class=\"vc_single_image-wrapper vc_box_rounded  vc_box_border_grey\"><img width=\"205\" height=\"131\" src=\"https:\/\/tecnocal.com\/wp-content\/uploads\/2020\/12\/paris.jpg\" class=\"vc_single_image-img attachment-medium\" alt=\"\" loading=\"lazy\" srcset=\"https:\/\/tecnocal.com\/wp-content\/uploads\/2020\/12\/paris.jpg 205w, https:\/\/tecnocal.com\/wp-content\/uploads\/2020\/12\/paris-16x10.jpg 16w\" sizes=\"(max-width: 205px) 100vw, 205px\" \/><\/div>\n\t\t<\/figure>\n\t<\/div>\n\n\t<div class=\"wpb_text_column wpb_content_element\" >\n\t\t<div class=\"wpb_wrapper\">\n\t\t\t<h6 style=\"text-align: center;\">Paris, France ~ 2017<\/h6>\n\n\t\t<\/div>\n\t<\/div>\n<\/div><\/div><\/div><\/div><\/div><\/div><\/div><\/div><\/div><\/section><section class=\"vc_row wpb_row vc_row-fluid bg-light pb0 not-equal not-color vc_custom_1611106712003\"><div class=\"container\"><div class=\"row\"><div class=\"wpb_column vc_column_container vc_col-sm-12 vc_col-has-fill\"><div class=\"vc_column-inner vc_custom_1488341145859\"><div class=\"wpb_wrapper\"><div class=\"display-table action-box\"><div class=\"display-cell display-none-sm display-icon\"><i  class=\"fade-color ms-text ti-arrow-circle-right icon\"><\/i><\/div>\n\t\t\t\t\t<div class=\"display-cell text-center-sm\">\n\t\t\t\t\t\t<h2  class=\"maintitle\">Want to see the latest technology in in Industry 4.0 in Japan?<\/h2>\n\t\t\t\t\t\t<p  class=\"mb0\">Join us in June on our Tech Mission Industry 4.0 to Tokyo and Osaka<\/p>\n\t\t\t\t\t<\/div>\n\t\t\t\t\t<div class=\"display-cell text-center-sm text-right\"><a  id=\"btn-69e11128ec96a\" class=\"btn btn-filled btn-rounded  btn-sm-sm text-center mr-0 mb0 mt-xs-24\" href= \"https:\/\/tecnocal.com\/en\/japon\/\" target=' _blank' >Learn More<\/a><\/div>\n\t\t\t\t<\/div><\/div><\/div><\/div><\/div><\/div><\/section>","protected":false},"excerpt":{"rendered":"Misiones de Innovaci\u00f3n Tecnol\u00f3gicaDise\u00f1adas para traer tecnolog\u00edas nuevas a tu empresa Desde 2015, nuestro CEO ha liderado cuatro misiones internacionales, conectando organizaciones latinoamericanas con los centros y las corporaciones m\u00e1s innovadores en el mundo con el fin de transferir su tecnolog\u00eda hasta nuestra regi\u00f3n. A lo largo de estas experiencias, los asistentes a la misi\u00f3n...","protected":false},"author":1,"featured_media":9334,"parent":0,"menu_order":0,"comment_status":"closed","ping_status":"closed","template":"","meta":{"_monsterinsights_skip_tracking":false,"_monsterinsights_sitenote_active":false,"_monsterinsights_sitenote_note":"","_monsterinsights_sitenote_category":0},"_links":{"self":[{"href":"https:\/\/tecnocal.com\/en\/wp-json\/wp\/v2\/pages\/10831"}],"collection":[{"href":"https:\/\/tecnocal.com\/en\/wp-json\/wp\/v2\/pages"}],"about":[{"href":"https:\/\/tecnocal.com\/en\/wp-json\/wp\/v2\/types\/page"}],"author":[{"embeddable":true,"href":"https:\/\/tecnocal.com\/en\/wp-json\/wp\/v2\/users\/1"}],"replies":[{"embeddable":true,"href":"https:\/\/tecnocal.com\/en\/wp-json\/wp\/v2\/comments?post=10831"}],"version-history":[{"count":181,"href":"https:\/\/tecnocal.com\/en\/wp-json\/wp\/v2\/pages\/10831\/revisions"}],"predecessor-version":[{"id":12781,"href":"https:\/\/tecnocal.com\/en\/wp-json\/wp\/v2\/pages\/10831\/revisions\/12781"}],"wp:featuredmedia":[{"embeddable":true,"href":"https:\/\/tecnocal.com\/en\/wp-json\/wp\/v2\/media\/9334"}],"wp:attachment":[{"href":"https:\/\/tecnocal.com\/en\/wp-json\/wp\/v2\/media?parent=10831"}],"curies":[{"name":"wp","href":"https:\/\/api.w.org\/{rel}","templated":true}]}}