{"id":10353,"date":"2020-12-11T01:47:07","date_gmt":"2020-12-11T04:47:07","guid":{"rendered":"http:\/\/www.tecnocal.com\/?page_id=10353"},"modified":"2021-02-05T22:20:30","modified_gmt":"2021-02-06T01:20:30","slug":"japon","status":"publish","type":"page","link":"https:\/\/tecnocal.com\/en\/japon\/","title":{"rendered":"Mission Industry 4.0"},"content":{"rendered":"<section class=\"vc_row wpb_row vc_row-fluid bg-secondary pt0 pb0 not-equal not-color extra-container vc_custom_1610750187171\"><div class=\"container\"><div class=\"row\"><div class=\"wpb_column vc_column_container vc_col-sm-12\"><div class=\"vc_column-inner\"><div class=\"wpb_wrapper\"><div id=\"mission\" class=\"vc_row wpb_row vc_inner vc_row-fluid\"><div class=\"wpb_column vc_column_container vc_col-sm-12\"><div class=\"vc_column-inner\"><div class=\"wpb_wrapper\"><div class=\"headings-title\"><div class=\"mb0 mb-xs-40 text-left\"><h5  class=\"widgettitle\">7 Days Exploring Innovation in Tokyo &amp; Osaka<\/h5><div  class=\"widgetsubtitle\">Prospecting mission for opportunities, technologies, and success cases in Industry 4.0<\/div><\/div><\/div><\/div><\/div><\/div><\/div><div class=\"vc_row wpb_row vc_inner vc_row-fluid vc_custom_1612499146852\"><div class=\"wpb_column vc_column_container vc_col-sm-6\"><div class=\"vc_column-inner\"><div class=\"wpb_wrapper\">\n\t<div class=\"wpb_video_widget wpb_content_element vc_clearfix   vc_custom_1612499450500 vc_video-aspect-ratio-169 vc_video-el-width-100 vc_video-align-left\" >\n\t\t<div class=\"wpb_wrapper\">\n\t\t\t\n\t\t\t<div class=\"wpb_video_wrapper\"><iframe title=\"Moving Forward: Technology for Resilience I\" width=\"1170\" height=\"658\" src=\"https:\/\/www.youtube.com\/embed\/aUrLmbq9e6k?feature=oembed\" frameborder=\"0\" allow=\"accelerometer; autoplay; clipboard-write; encrypted-media; gyroscope; picture-in-picture\" allowfullscreen><\/iframe><\/div>\n\t\t<\/div>\n\t<\/div>\n<\/div><\/div><\/div><div class=\"wpb_column vc_column_container vc_col-sm-6\"><div class=\"vc_column-inner vc_custom_1612499153131\"><div class=\"wpb_wrapper\"><div class=\"headings-title\"><div class=\"mb0 mb-xs-40 text-left\"><div  class=\"widgetsubtitle\">June 27 ~ July 3, 2021<\/div><div class=\"divider-wrap\"><div class=\"tlg-divider\" style=\"\"><\/div><\/div><\/div><\/div>\n\t<div class=\"wpb_text_column wpb_content_element  vc_custom_1612559257068\" >\n\t\t<div class=\"wpb_wrapper\">\n\t\t\t<p><b>A technology mission<\/b><span style=\"font-weight: 400;\"> designed to connect business in LATAM, with <\/span><b>research centers and the most innovative companies related to Industry 4.0 in Japan.<\/b><span style=\"font-weight: 400;\"> On this mission, you will see success stories, discover and connect how to implement cutting-edge technology, find tangible solutions to use these technologies in your organization. \nThis experience will build trusting relationships  that lead to the co-creation of new projects, contract research, patent or license agreements, and much more.<\/span><\/p>\n<p><span style=\"font-weight: 400;\">Experience why Japan is ranked <b>16th among the 20 most innovative countries on the planet\u00a0<\/b>(<a href=\"https:\/\/globalinnovationindex.org\/Home\" target=\"_blank\" rel=\"noopener noreferrer\">Global\u00a0<\/a><a href=\"https:\/\/globalinnovationindex.org\/Home\">Innovation<\/a>\u00a0<a href=\"https:\/\/globalinnovationindex.org\/Home\" target=\"_blank\" rel=\"noopener noreferrer\">Index<\/a><a href=\"https:\/\/globalinnovationindex.org\/Home\">\u00a02020<\/a>).\u00a0<\/span><\/p>\n\n\t\t<\/div>\n\t<\/div>\n<div class=\"tlg-spacer\" data-height=\"40\" data-height-tablet=\"30\" data-height-mobile=\"20\" style=\"clear:both;display:block;height:40px;\"><\/div><div class=\"headings-title\"><div class=\"mb0 mb-xs-40 text-left\"><div  class=\"widgetsubtitle\">In collaboration with<\/div><div class=\"divider-wrap\"><div class=\"tlg-divider\" style=\"\"><\/div><\/div><\/div><\/div>\n\t<div class=\"wpb_text_column wpb_content_element\" >\n\t\t<div class=\"wpb_wrapper\">\n\t\t\t<p style=\"text-align: left;\"><a href=\"https:\/\/www.jetro.go.jp\/en\/jetro\/\" target=\"_blank\" rel=\"noopener\"><img loading=\"lazy\" class=\"alignleft wp-image-10470\" src=\"http:\/\/www.tecnocal.com\/wp-content\/uploads\/2020\/12\/JETRO3.png\" alt=\"\" width=\"100\" height=\"56\" srcset=\"https:\/\/tecnocal.com\/wp-content\/uploads\/2020\/12\/JETRO3.png 300w, https:\/\/tecnocal.com\/wp-content\/uploads\/2020\/12\/JETRO3-16x9.png 16w\" sizes=\"(max-width: 100px) 100vw, 100px\" \/><\/a><\/p>\n\n\t\t<\/div>\n\t<\/div>\n\n\t<div class=\"wpb_text_column wpb_content_element\" >\n\t\t<div class=\"wpb_wrapper\">\n\t\t\t<p style=\"text-align: left;\"><a href=\"https:\/\/www.prochile.gob.cl\/int\/?lang=es\" target=\"_blank\" rel=\"noopener\"><img loading=\"lazy\" class=\"alignleft wp-image-10473\" src=\"http:\/\/www.tecnocal.com\/wp-content\/uploads\/2020\/12\/Prochile-edit.jpg\" alt=\"\" width=\"100\" height=\"56\" srcset=\"https:\/\/tecnocal.com\/wp-content\/uploads\/2020\/12\/Prochile-edit.jpg 300w, https:\/\/tecnocal.com\/wp-content\/uploads\/2020\/12\/Prochile-edit-16x9.jpg 16w\" sizes=\"(max-width: 100px) 100vw, 100px\" \/><\/a><\/p>\n\n\t\t<\/div>\n\t<\/div>\n\n\t<div class=\"wpb_text_column wpb_content_element\" >\n\t\t<div class=\"wpb_wrapper\">\n\t\t\t<p style=\"text-align: left;\"><a href=\"https:\/\/www.tecnocal.com\/wp-content\/uploads\/2021\/02\/collaborators.jpg\" target=\"_blank\" rel=\"noopener\">Qui\u00e9nes son &gt;&gt;<\/a><\/p>\n\n\t\t<\/div>\n\t<\/div>\n<\/div><\/div><\/div><\/div><div class=\"vc_row wpb_row vc_inner vc_row-fluid vc_custom_1612559156165\"><div class=\"wpb_column vc_column_container vc_col-sm-3\"><div class=\"vc_column-inner\"><div class=\"wpb_wrapper\">\n\t<div class=\"wpb_text_column wpb_content_element\" >\n\t\t<div class=\"wpb_wrapper\">\n\t\t\t<h5 style=\"text-align: center;\"><span style=\"font-weight: 400;\"><img loading=\"lazy\" class=\"wp-image-10443 aligncenter\" src=\"http:\/\/www.tecnocal.com\/wp-content\/uploads\/2020\/12\/Networking.png\" alt=\"\" width=\"55\" height=\"54\" srcset=\"https:\/\/tecnocal.com\/wp-content\/uploads\/2020\/12\/Networking.png 178w, https:\/\/tecnocal.com\/wp-content\/uploads\/2020\/12\/Networking-150x150.png 150w, https:\/\/tecnocal.com\/wp-content\/uploads\/2020\/12\/Networking-12x12.png 12w, https:\/\/tecnocal.com\/wp-content\/uploads\/2020\/12\/Networking-60x60.png 60w\" sizes=\"(max-width: 55px) 100vw, 55px\" \/><\/span><\/h5>\n<p style=\"text-align: center;\"><span style=\"font-weight: 400;\">Networking<br \/>\n<\/span>Opportunity<\/p>\n\n\t\t<\/div>\n\t<\/div>\n<\/div><\/div><\/div><div class=\"wpb_column vc_column_container vc_col-sm-3\"><div class=\"vc_column-inner\"><div class=\"wpb_wrapper\">\n\t<div class=\"wpb_text_column wpb_content_element\" >\n\t\t<div class=\"wpb_wrapper\">\n\t\t\t<h5 style=\"text-align: center;\"><span style=\"font-weight: 400;\"><img loading=\"lazy\" class=\"wp-image-10452 aligncenter\" src=\"http:\/\/www.tecnocal.com\/wp-content\/uploads\/2020\/12\/Visitas-a-empresas-innovadoras-300x300.png\" alt=\"\" width=\"55\" height=\"55\" srcset=\"https:\/\/tecnocal.com\/wp-content\/uploads\/2020\/12\/Visitas-a-empresas-innovadoras-300x300.png 300w, https:\/\/tecnocal.com\/wp-content\/uploads\/2020\/12\/Visitas-a-empresas-innovadoras-150x150.png 150w, https:\/\/tecnocal.com\/wp-content\/uploads\/2020\/12\/Visitas-a-empresas-innovadoras-12x12.png 12w, https:\/\/tecnocal.com\/wp-content\/uploads\/2020\/12\/Visitas-a-empresas-innovadoras-60x60.png 60w, https:\/\/tecnocal.com\/wp-content\/uploads\/2020\/12\/Visitas-a-empresas-innovadoras.png 350w\" sizes=\"(max-width: 55px) 100vw, 55px\" \/><\/span><\/h5>\n<p style=\"text-align: center;\"><span style=\"font-weight: 400;\">Visits with<\/span>Innovative<br \/>\nCompanies<\/p>\n\n\t\t<\/div>\n\t<\/div>\n<\/div><\/div><\/div><div class=\"wpb_column vc_column_container vc_col-sm-3\"><div class=\"vc_column-inner\"><div class=\"wpb_wrapper\">\n\t<div class=\"wpb_text_column wpb_content_element\" >\n\t\t<div class=\"wpb_wrapper\">\n\t\t\t<h5 style=\"text-align: center;\"><span style=\"font-weight: 400;\"><img loading=\"lazy\" class=\"wp-image-10445 aligncenter\" src=\"http:\/\/www.tecnocal.com\/wp-content\/uploads\/2020\/12\/Inmersion-Cultural.png\" alt=\"\" width=\"55\" height=\"55\" srcset=\"https:\/\/tecnocal.com\/wp-content\/uploads\/2020\/12\/Inmersion-Cultural.png 178w, https:\/\/tecnocal.com\/wp-content\/uploads\/2020\/12\/Inmersion-Cultural-150x150.png 150w, https:\/\/tecnocal.com\/wp-content\/uploads\/2020\/12\/Inmersion-Cultural-12x12.png 12w, https:\/\/tecnocal.com\/wp-content\/uploads\/2020\/12\/Inmersion-Cultural-60x60.png 60w\" sizes=\"(max-width: 55px) 100vw, 55px\" \/><\/span><\/h5>\n<p style=\"text-align: center;\"><span style=\"font-weight: 400;\">Cultural<\/span><span style=\"font-weight: 400;\"><br \/>\n<\/span><span style=\"font-weight: 400;\">Immersion<\/span><\/p>\n\n\t\t<\/div>\n\t<\/div>\n<\/div><\/div><\/div><div class=\"wpb_column vc_column_container vc_col-sm-3\"><div class=\"vc_column-inner\"><div class=\"wpb_wrapper\">\n\t<div class=\"wpb_text_column wpb_content_element\" >\n\t\t<div class=\"wpb_wrapper\">\n\t\t\t<h5 style=\"text-align: center;\"><span style=\"font-weight: 400;\"><img loading=\"lazy\" class=\"wp-image-10457 aligncenter\" src=\"http:\/\/www.tecnocal.com\/wp-content\/uploads\/2020\/12\/Movilizaci\u00f3n-Tren-Shinkansen-300x300.png\" alt=\"\" width=\"55\" height=\"55\" srcset=\"https:\/\/tecnocal.com\/wp-content\/uploads\/2020\/12\/Movilizaci\u00f3n-Tren-Shinkansen-300x300.png 300w, https:\/\/tecnocal.com\/wp-content\/uploads\/2020\/12\/Movilizaci\u00f3n-Tren-Shinkansen-150x150.png 150w, https:\/\/tecnocal.com\/wp-content\/uploads\/2020\/12\/Movilizaci\u00f3n-Tren-Shinkansen-12x12.png 12w, https:\/\/tecnocal.com\/wp-content\/uploads\/2020\/12\/Movilizaci\u00f3n-Tren-Shinkansen-60x60.png 60w, https:\/\/tecnocal.com\/wp-content\/uploads\/2020\/12\/Movilizaci\u00f3n-Tren-Shinkansen.png 350w\" sizes=\"(max-width: 55px) 100vw, 55px\" \/><\/span><\/h5>\n<p style=\"text-align: center;\">Ride the<br \/>\nShinkansen Train<\/p>\n\n\t\t<\/div>\n\t<\/div>\n<\/div><\/div><\/div><\/div><\/div><\/div><\/div><\/div><\/div><\/section><section class=\"vc_row wpb_row vc_row-fluid bg-light pt0 pb0 not-equal not-color small-container vc_custom_1612499487052\"><div class=\"container\"><div class=\"row\"><div class=\"wpb_column vc_column_container vc_col-sm-12\"><div class=\"vc_column-inner\"><div class=\"wpb_wrapper\"><div class=\"headings-title\"><div class=\"mb0 mb-xs-40 text-center\"><h5  class=\"widgettitle\">Scheduled Visits<\/h5><div class=\"divider-wrap\"><div class=\"tlg-divider\" style=\"\"><\/div><\/div><\/div><\/div>\n\t<div class=\"wpb_text_column wpb_content_element\" >\n\t\t<div class=\"wpb_wrapper\">\n\t\t\t<p style=\"text-align: center;\"><a href=\"https:\/\/drive.google.com\/file\/d\/1OT9-r7Hq9_nM5y_luiE_jd6l50RJXCzj\/view?usp=sharing\" target=\"_blank\" rel=\"noopener\">Learn more about each company<\/a><\/p>\n\n\t\t<\/div>\n\t<\/div>\n\n\t<div  class=\"wpb_single_image wpb_content_element vc_align_center\">\n\t\t\n\t\t<figure class=\"wpb_wrapper vc_figure\">\n\t\t\t<a href=\"https:\/\/drive.google.com\/file\/d\/1OT9-r7Hq9_nM5y_luiE_jd6l50RJXCzj\/view?usp=sharing\" target=\"_self\" class=\"vc_single_image-wrapper   vc_box_border_grey\"><img width=\"1176\" height=\"179\" src=\"https:\/\/tecnocal.com\/wp-content\/uploads\/2021\/02\/companies-.jpg\" class=\"vc_single_image-img attachment-full\" alt=\"\" loading=\"lazy\" srcset=\"https:\/\/tecnocal.com\/wp-content\/uploads\/2021\/02\/companies-.jpg 1176w, https:\/\/tecnocal.com\/wp-content\/uploads\/2021\/02\/companies--300x46.jpg 300w, https:\/\/tecnocal.com\/wp-content\/uploads\/2021\/02\/companies--1024x156.jpg 1024w, https:\/\/tecnocal.com\/wp-content\/uploads\/2021\/02\/companies--768x117.jpg 768w, https:\/\/tecnocal.com\/wp-content\/uploads\/2021\/02\/companies--16x2.jpg 16w\" sizes=\"(max-width: 1176px) 100vw, 1176px\" \/><\/a>\n\t\t<\/figure>\n\t<\/div>\n<\/div><\/div><\/div><\/div><\/div><\/section><section class=\"vc_row wpb_row vc_row-fluid bg-secondary pt0 pb0 not-equal not-color vc_custom_1612494427115 vc_row-has-fill image-bg z-index overlay parallax\"><div class=\"background-content\"><img alt=\"background\" class=\"background-image\" src=\"https:\/\/www.tecnocal.com\/wp-content\/uploads\/2021\/02\/Kyoto-Japan2.jpg?id=12867\" \/><div  class=\"background-overlay\"><\/div><\/div><div class=\"container\"><div class=\"row\"><div class=\"wpb_column vc_column_container vc_col-sm-12\"><div class=\"vc_column-inner\"><div class=\"wpb_wrapper\"><div class=\"vc_row wpb_row vc_inner vc_row-fluid vc_row-o-content-middle vc_row-flex\"><div class=\"wpb_column vc_column_container vc_col-sm-12\"><div class=\"vc_column-inner vc_custom_1610752034736\"><div class=\"wpb_wrapper\"><div class=\"headings-title\"><div class=\"mb16 mb-xs-40 text-center\"><div class=\"divider-wrap\"><i style=\"color:#ffffff!important;\" class=\"ti-world\"><\/i><div class=\"tlg-divider tlg-divider-large\" style=\"\"><\/div><\/div><div style=\"font-size:17px;line-height:22px;text-transform: none!important;\" class=\"widgetsubtitle\">Request more information<\/div><\/div><\/div><\/div><\/div><\/div><\/div><div class=\"vc_row wpb_row vc_inner vc_row-fluid vc_custom_1612499580102 vc_row-o-content-middle vc_row-flex\"><div class=\"wpb_column vc_column_container vc_col-sm-12\"><div class=\"vc_column-inner vc_custom_1612499508823\"><div class=\"wpb_wrapper\"><div role=\"form\" class=\"wpcf7\" id=\"wpcf7-f12423-o1\" lang=\"en-US\" dir=\"ltr\">\n<div class=\"screen-reader-response\"><p role=\"status\" aria-live=\"polite\" aria-atomic=\"true\"><\/p> <ul><\/ul><\/div>\n<form action=\"\/en\/wp-json\/wp\/v2\/pages\/10353#wpcf7-f12423-o1\" method=\"post\" class=\"wpcf7-form init\" novalidate=\"novalidate\" data-status=\"init\" data-trp-original-action=\"\/en\/wp-json\/wp\/v2\/pages\/10353#wpcf7-f12423-o1\">\n<div style=\"display: none;\">\n<input type=\"hidden\" name=\"_wpcf7\" value=\"12423\" \/>\n<input type=\"hidden\" name=\"_wpcf7_version\" value=\"5.3.2\" \/>\n<input type=\"hidden\" name=\"_wpcf7_locale\" value=\"en_US\" \/>\n<input type=\"hidden\" name=\"_wpcf7_unit_tag\" value=\"wpcf7-f12423-o1\" \/>\n<input type=\"hidden\" name=\"_wpcf7_container_post\" value=\"0\" \/>\n<input type=\"hidden\" name=\"_wpcf7_posted_data_hash\" value=\"\" \/>\n<input type=\"hidden\" name=\"_wpcf7_recaptcha_response\" value=\"\" \/>\n<\/div>\n<div class=\"form-container\">\n<p><span class=\"wpcf7-form-control-wrap your-name\"><input type=\"text\" name=\"your-name\" value=\"\" size=\"40\" class=\"wpcf7-form-control wpcf7-text wpcf7-validates-as-required\" aria-required=\"true\" aria-invalid=\"false\" placeholder=\"Full Name\" \/><\/span><span class=\"wpcf7-form-control-wrap your-email\"><input type=\"email\" name=\"your-email\" value=\"\" size=\"40\" class=\"wpcf7-form-control wpcf7-text wpcf7-email wpcf7-validates-as-required wpcf7-validates-as-email\" aria-required=\"true\" aria-invalid=\"false\" placeholder=\"Email Address\" \/><\/span><span class=\"wpcf7-form-control-wrap your-company\"><input type=\"text\" name=\"your-company\" value=\"\" size=\"40\" class=\"wpcf7-form-control wpcf7-text wpcf7-validates-as-required\" aria-required=\"true\" aria-invalid=\"false\" placeholder=\"Company\" \/><\/span><input type=\"submit\" value=\"Send Me Info\" class=\"wpcf7-form-control wpcf7-submit\" \/><\/p>\n<p style=\"display: none !important;\"><label>&#916;<textarea name=\"_wpcf7_ak_hp_textarea\" cols=\"45\" rows=\"8\" maxlength=\"100\"><\/textarea><\/label><input type=\"hidden\" id=\"ak_js\" name=\"_wpcf7_ak_js\" value=\"194\"\/><script>document.getElementById( \"ak_js\" ).setAttribute( \"value\", ( new Date() ).getTime() );<\/script><\/p><div class=\"wpcf7-response-output\" aria-hidden=\"true\"><\/div><input type=\"hidden\" name=\"trp-form-language\" value=\"en\"\/><\/form><\/div><\/div><\/div><\/div><\/div><\/div><\/div><\/div><\/div><\/div><\/section>","protected":false},"excerpt":{"rendered":"7 D\u00edas Explorando Innovaci\u00f3n en Tokyo &amp; OsakaMisi\u00f3n de prospecci\u00f3n de oportunidades, tecnolog\u00edas y casos de \u00e9xito en Industrias 4.0 27 de junio ~ 3 de julio 2021 Misi\u00f3n tecnol\u00f3gica para conectar empresas de LATAM, con los centros de investigaci\u00f3n, empresas m\u00e1s innovadoras de Jap\u00f3n en relaci\u00f3n a Industrias 4.0 para ver experiencias de \u00e9xito...","protected":false},"author":1,"featured_media":12838,"parent":0,"menu_order":0,"comment_status":"closed","ping_status":"closed","template":"","meta":{"_monsterinsights_skip_tracking":false,"_monsterinsights_sitenote_active":false,"_monsterinsights_sitenote_note":"","_monsterinsights_sitenote_category":0},"_links":{"self":[{"href":"https:\/\/tecnocal.com\/en\/wp-json\/wp\/v2\/pages\/10353"}],"collection":[{"href":"https:\/\/tecnocal.com\/en\/wp-json\/wp\/v2\/pages"}],"about":[{"href":"https:\/\/tecnocal.com\/en\/wp-json\/wp\/v2\/types\/page"}],"author":[{"embeddable":true,"href":"https:\/\/tecnocal.com\/en\/wp-json\/wp\/v2\/users\/1"}],"replies":[{"embeddable":true,"href":"https:\/\/tecnocal.com\/en\/wp-json\/wp\/v2\/comments?post=10353"}],"version-history":[{"count":142,"href":"https:\/\/tecnocal.com\/en\/wp-json\/wp\/v2\/pages\/10353\/revisions"}],"predecessor-version":[{"id":12874,"href":"https:\/\/tecnocal.com\/en\/wp-json\/wp\/v2\/pages\/10353\/revisions\/12874"}],"wp:featuredmedia":[{"embeddable":true,"href":"https:\/\/tecnocal.com\/en\/wp-json\/wp\/v2\/media\/12838"}],"wp:attachment":[{"href":"https:\/\/tecnocal.com\/en\/wp-json\/wp\/v2\/media?parent=10353"}],"curies":[{"name":"wp","href":"https:\/\/api.w.org\/{rel}","templated":true}]}}