{"id":10148,"date":"2020-12-08T23:51:01","date_gmt":"2020-12-09T02:51:01","guid":{"rendered":"http:\/\/www.tecnocal.com\/?page_id=10148"},"modified":"2021-01-18T15:18:35","modified_gmt":"2021-01-18T18:18:35","slug":"wearable","status":"publish","type":"page","link":"https:\/\/tecnocal.com\/en\/wearable\/","title":{"rendered":"Wearable"},"content":{"rendered":"<section class=\"vc_row wpb_row vc_row-fluid bg-secondary pb0 not-equal not-color vc_custom_1608585996659\"><div class=\"container\"><div class=\"row\"><div class=\"wpb_column vc_column_container vc_col-sm-12\"><div class=\"vc_column-inner\"><div class=\"wpb_wrapper\"><div class=\"headings-title\"><div class=\"mb0 mb-xs-40 text-left\"><h5  class=\"widgettitle mb0\">Keisoku<\/h5><div  class=\"widgetsubtitle\">IoT solution for remote monitoring of occupational health &amp; safety<\/div><div class=\"divider-wrap\"><div class=\"tlg-divider\" style=\"\"><\/div><\/div><\/div><\/div><\/div><\/div><\/div><\/div><\/div><\/section><section class=\"vc_row wpb_row vc_row-fluid bg-secondary pt0 pb0 not-equal not-color vc_custom_1608066935524\"><div class=\"container\"><div class=\"row\"><div class=\"wpb_column vc_column_container vc_col-sm-6\"><div class=\"vc_column-inner vc_custom_1607471283522\"><div class=\"wpb_wrapper\">\n\t<div  class=\"wpb_single_image wpb_content_element vc_align_left\">\n\t\t\n\t\t<figure class=\"wpb_wrapper vc_figure\">\n\t\t\t<div class=\"vc_single_image-wrapper vc_box_shadow_border  vc_box_border_grey\"><img width=\"843\" height=\"1024\" src=\"https:\/\/tecnocal.com\/wp-content\/uploads\/2020\/12\/Yosoku-crop2-843x1024.jpg\" class=\"vc_single_image-img attachment-large\" alt=\"\" loading=\"lazy\" srcset=\"https:\/\/tecnocal.com\/wp-content\/uploads\/2020\/12\/Yosoku-crop2-843x1024.jpg 843w, https:\/\/tecnocal.com\/wp-content\/uploads\/2020\/12\/Yosoku-crop2-247x300.jpg 247w, https:\/\/tecnocal.com\/wp-content\/uploads\/2020\/12\/Yosoku-crop2-768x933.jpg 768w, https:\/\/tecnocal.com\/wp-content\/uploads\/2020\/12\/Yosoku-crop2-1265x1536.jpg 1265w, https:\/\/tecnocal.com\/wp-content\/uploads\/2020\/12\/Yosoku-crop2-1686x2048.jpg 1686w, https:\/\/tecnocal.com\/wp-content\/uploads\/2020\/12\/Yosoku-crop2-10x12.jpg 10w\" sizes=\"(max-width: 843px) 100vw, 843px\" \/><\/div>\n\t\t<\/figure>\n\t<\/div>\n<\/div><\/div><\/div><div class=\"wpb_column vc_column_container vc_col-sm-6\"><div class=\"vc_column-inner\"><div class=\"wpb_wrapper\">\n\t<div class=\"wpb_text_column wpb_content_element  vc_custom_1607626816589\" >\n\t\t<div class=\"wpb_wrapper\">\n\t\t\t<p><span style=\"font-weight: 400;\">A wearable IoT solution <\/span><b>designed to monitor and predict<\/b><span style=\"font-weight: 400;\"> health and well-being by <\/span><b>tracking physiological and behavioral parameters,<\/b><span style=\"font-weight: 400;\"> such as the level of fatigue, drowsiness, and other factors that could potentially compromise <\/span><b>occupational safety.<\/b><\/p>\n\n\t\t<\/div>\n\t<\/div>\n\n\t<div class=\"wpb_text_column wpb_content_element  vc_custom_1609892198486\" >\n\t\t<div class=\"wpb_wrapper\">\n\t\t\t<p><span style=\"font-weight: 400;\"><b><img loading=\"lazy\" class=\"alignleft wp-image-11494\" src=\"https:\/\/www.tecnocal.com\/wp-content\/uploads\/2021\/01\/Icono-Monitoreo-Dashboard-300x300.png\" alt=\"\" width=\"60\" height=\"60\" srcset=\"https:\/\/tecnocal.com\/wp-content\/uploads\/2021\/01\/Icono-Monitoreo-Dashboard-300x300.png 300w, https:\/\/tecnocal.com\/wp-content\/uploads\/2021\/01\/Icono-Monitoreo-Dashboard-150x150.png 150w, https:\/\/tecnocal.com\/wp-content\/uploads\/2021\/01\/Icono-Monitoreo-Dashboard-768x766.png 768w, https:\/\/tecnocal.com\/wp-content\/uploads\/2021\/01\/Icono-Monitoreo-Dashboard-12x12.png 12w, https:\/\/tecnocal.com\/wp-content\/uploads\/2021\/01\/Icono-Monitoreo-Dashboard-60x60.png 60w, https:\/\/tecnocal.com\/wp-content\/uploads\/2021\/01\/Icono-Monitoreo-Dashboard.png 979w\" sizes=\"(max-width: 60px) 100vw, 60px\" \/>A wearable IoT solution designed to monitor health and well-being<\/b> by tracking physiological and behavioral parameters, such as the level of fatigue, drowsiness, and other factors that could potentially compromise occupational safety.<\/span><\/p>\n<p>&nbsp;<\/p>\n<p><span style=\"font-weight: 400;\"><b><img loading=\"lazy\" class=\"alignleft wp-image-11489\" src=\"https:\/\/www.tecnocal.com\/wp-content\/uploads\/2021\/01\/Icono-TRazabilidad-o-Conexion-300x257.png\" alt=\"\" width=\"61\" height=\"52\" srcset=\"https:\/\/tecnocal.com\/wp-content\/uploads\/2021\/01\/Icono-TRazabilidad-o-Conexion-300x257.png 300w, https:\/\/tecnocal.com\/wp-content\/uploads\/2021\/01\/Icono-TRazabilidad-o-Conexion-1024x878.png 1024w, https:\/\/tecnocal.com\/wp-content\/uploads\/2021\/01\/Icono-TRazabilidad-o-Conexion-768x659.png 768w, https:\/\/tecnocal.com\/wp-content\/uploads\/2021\/01\/Icono-TRazabilidad-o-Conexion-14x12.png 14w, https:\/\/tecnocal.com\/wp-content\/uploads\/2021\/01\/Icono-TRazabilidad-o-Conexion.png 1131w\" sizes=\"(max-width: 61px) 100vw, 61px\" \/>Tracking capabilities <\/b>for operations and tracking worker location at your site or plant in real-time.<\/span><b>\u00a0<\/b><\/p>\n<p>&nbsp;<\/p>\n<p><b><img loading=\"lazy\" class=\"alignleft wp-image-11485\" src=\"https:\/\/www.tecnocal.com\/wp-content\/uploads\/2021\/01\/Icono-AI-290x300.png\" alt=\"\" width=\"60\" height=\"62\" srcset=\"https:\/\/tecnocal.com\/wp-content\/uploads\/2021\/01\/Icono-AI-290x300.png 290w, https:\/\/tecnocal.com\/wp-content\/uploads\/2021\/01\/Icono-AI-768x795.png 768w, https:\/\/tecnocal.com\/wp-content\/uploads\/2021\/01\/Icono-AI-12x12.png 12w, https:\/\/tecnocal.com\/wp-content\/uploads\/2021\/01\/Icono-AI.png 904w\" sizes=\"(max-width: 60px) 100vw, 60px\" \/>Artificial Intelligence infers <\/b><span style=\"font-weight: 400;\">and increases data analysis capabilities to warn of abnormal behavior or possible accidents.\u00a0\u00a0\u00a0\u00a0<\/span><\/p>\n\n\t\t<\/div>\n\t<\/div>\n<\/div><\/div><\/div><\/div><\/div><\/section><section class=\"vc_row wpb_row vc_row-fluid bg-secondary pb0 not-equal not-color vc_custom_1607625139851\"><div class=\"container\"><div class=\"row\"><div class=\"wpb_column vc_column_container vc_col-sm-6\"><div class=\"vc_column-inner\"><div class=\"wpb_wrapper\">\n\t<div class=\"wpb_text_column wpb_content_element  vc_custom_1607626360152\" >\n\t\t<div class=\"wpb_wrapper\">\n\t\t\t<h5 style=\"text-align: left;\"><b>Physiological variables<\/b><\/h5>\n\n\t\t<\/div>\n\t<\/div>\n<div class=\"vc_row wpb_row vc_inner vc_row-fluid\"><div class=\"wpb_column vc_column_container vc_col-sm-2\"><div class=\"vc_column-inner\"><div class=\"wpb_wrapper\">\n\t<div class=\"wpb_text_column wpb_content_element\" >\n\t\t<div class=\"wpb_wrapper\">\n\t\t\t<h5 style=\"text-align: center;\"><span style=\"font-weight: 400;\"><img loading=\"lazy\" class=\"wp-image-10278 size-full aligncenter\" src=\"https:\/\/www.tecnocal.com\/wp-content\/uploads\/2020\/12\/Saturaci\u00f3n-ox\u00edgeno-e1607614223546.png\" alt=\"\" width=\"55\" height=\"54\" \/>Oxygen<br \/>\nSaturation<br \/>\n<\/span><\/h5>\n\n\t\t<\/div>\n\t<\/div>\n<\/div><\/div><\/div><div class=\"wpb_column vc_column_container vc_col-sm-2\"><div class=\"vc_column-inner\"><div class=\"wpb_wrapper\">\n\t<div class=\"wpb_text_column wpb_content_element\" >\n\t\t<div class=\"wpb_wrapper\">\n\t\t\t<h5 style=\"text-align: center;\"><span style=\"font-weight: 400;\"><img loading=\"lazy\" class=\"wp-image-10281 size-full aligncenter\" src=\"https:\/\/www.tecnocal.com\/wp-content\/uploads\/2020\/12\/Movimiento-e1607614598520.png\" alt=\"\" width=\"55\" height=\"55\" \/>Movement<br \/>\nAcceleration<br \/>\n<\/span><\/h5>\n\n\t\t<\/div>\n\t<\/div>\n<\/div><\/div><\/div><div class=\"wpb_column vc_column_container vc_col-sm-2\"><div class=\"vc_column-inner\"><div class=\"wpb_wrapper\">\n\t<div class=\"wpb_text_column wpb_content_element\" >\n\t\t<div class=\"wpb_wrapper\">\n\t\t\t<h5 style=\"text-align: center;\"><span style=\"font-weight: 400;\"><img loading=\"lazy\" class=\"aligncenter wp-image-10284 size-full\" src=\"https:\/\/www.tecnocal.com\/wp-content\/uploads\/2020\/12\/Temperatura-Corporal-e1607615038131.png\" alt=\"\" width=\"55\" height=\"55\" \/>Temperature<br \/>\n(Body)<\/span><\/h5>\n\n\t\t<\/div>\n\t<\/div>\n<\/div><\/div><\/div><div class=\"wpb_column vc_column_container vc_col-sm-2\"><div class=\"vc_column-inner\"><div class=\"wpb_wrapper\">\n\t<div class=\"wpb_text_column wpb_content_element\" >\n\t\t<div class=\"wpb_wrapper\">\n\t\t\t<h5 style=\"text-align: center;\"><span style=\"font-weight: 400;\"><img loading=\"lazy\" class=\"wp-image-10288 size-full aligncenter\" src=\"https:\/\/www.tecnocal.com\/wp-content\/uploads\/2020\/12\/ECG-e1607615406632.png\" alt=\"\" width=\"55\" height=\"55\" \/>EKG<br \/>\n<span style=\"color: #ffffff;\">&#8211;<\/span><\/span><\/h5>\n\n\t\t<\/div>\n\t<\/div>\n<\/div><\/div><\/div><div class=\"wpb_column vc_column_container vc_col-sm-2\"><div class=\"vc_column-inner\"><div class=\"wpb_wrapper\">\n\t<div class=\"wpb_text_column wpb_content_element\" >\n\t\t<div class=\"wpb_wrapper\">\n\t\t\t<h5 style=\"text-align: center;\"><span style=\"font-weight: 400;\"><img loading=\"lazy\" class=\"wp-image-10285 aligncenter\" src=\"https:\/\/www.tecnocal.com\/wp-content\/uploads\/2020\/12\/Frecuencia-card\u00edaca-300x298.png\" alt=\"\" width=\"55\" height=\"55\" srcset=\"https:\/\/tecnocal.com\/wp-content\/uploads\/2020\/12\/Frecuencia-card\u00edaca-300x298.png 300w, https:\/\/tecnocal.com\/wp-content\/uploads\/2020\/12\/Frecuencia-card\u00edaca-150x150.png 150w, https:\/\/tecnocal.com\/wp-content\/uploads\/2020\/12\/Frecuencia-card\u00edaca-12x12.png 12w, https:\/\/tecnocal.com\/wp-content\/uploads\/2020\/12\/Frecuencia-card\u00edaca-60x60.png 60w, https:\/\/tecnocal.com\/wp-content\/uploads\/2020\/12\/Frecuencia-card\u00edaca.png 468w\" sizes=\"(max-width: 55px) 100vw, 55px\" \/>Heart<br \/>\nRate<\/span><\/h5>\n\n\t\t<\/div>\n\t<\/div>\n<\/div><\/div><\/div><div class=\"wpb_column vc_column_container vc_col-sm-2\"><div class=\"vc_column-inner\"><div class=\"wpb_wrapper\">\n\t<div class=\"wpb_text_column wpb_content_element\" >\n\t\t<div class=\"wpb_wrapper\">\n\t\t\t<h5 style=\"text-align: center;\"><span style=\"font-weight: 400;\"><img loading=\"lazy\" class=\"aligncenter wp-image-10311 size-full\" src=\"https:\/\/www.tecnocal.com\/wp-content\/uploads\/2020\/12\/GPS-Trazabilidad-1-e1607616692360.png\" alt=\"\" width=\"55\" height=\"55\" \/>GPS &amp;<br \/>\nTracking capabilities<br \/>\n<\/span><\/h5>\n\n\t\t<\/div>\n\t<\/div>\n<\/div><\/div><\/div><\/div><\/div><\/div><\/div><div class=\"wpb_column vc_column_container vc_col-sm-6\"><div class=\"vc_column-inner\"><div class=\"wpb_wrapper\"><div class=\"vc_row wpb_row vc_inner vc_row-fluid\"><div class=\"wpb_column vc_column_container vc_col-sm-12\"><div class=\"vc_column-inner\"><div class=\"wpb_wrapper\">\n\t<div class=\"wpb_text_column wpb_content_element  vc_custom_1607626260665\" >\n\t\t<div class=\"wpb_wrapper\">\n\t\t\t<h5 style=\"text-align: left;\"><b>Environmental\u00a0<\/b><b>Variables<\/b><\/h5>\n\n\t\t<\/div>\n\t<\/div>\n<\/div><\/div><\/div><\/div><div class=\"wpb_column vc_column_container vc_col-sm-3\"><div class=\"vc_column-inner\"><div class=\"wpb_wrapper\">\n\t<div class=\"wpb_text_column wpb_content_element\" >\n\t\t<div class=\"wpb_wrapper\">\n\t\t\t<h5 style=\"text-align: center;\"><span style=\"font-weight: 400;\"><img loading=\"lazy\" class=\"wp-image-10299 size-full aligncenter\" src=\"https:\/\/www.tecnocal.com\/wp-content\/uploads\/2020\/12\/Temperatura-ambiental-e1608445984987.png\" alt=\"\" width=\"55\" height=\"55\" \/>Temperature<br \/>\n<span style=\"color: #ffffff;\">&#8211;<\/span><\/span><\/h5>\n\n\t\t<\/div>\n\t<\/div>\n<\/div><\/div><\/div><div class=\"wpb_column vc_column_container vc_col-sm-3\"><div class=\"vc_column-inner\"><div class=\"wpb_wrapper\">\n\t<div class=\"wpb_text_column wpb_content_element\" >\n\t\t<div class=\"wpb_wrapper\">\n\t\t\t<h5 style=\"text-align: center;\"><span style=\"font-weight: 400;\"><img loading=\"lazy\" class=\"aligncenter wp-image-10300 size-full\" src=\"https:\/\/www.tecnocal.com\/wp-content\/uploads\/2020\/12\/Humedad-e1607616000122.png\" alt=\"\" width=\"55\" height=\"55\" \/>Humidity<br \/>\n<span style=\"color: #ffffff;\">&#8211;<\/span><\/span><\/h5>\n\n\t\t<\/div>\n\t<\/div>\n<\/div><\/div><\/div><div class=\"wpb_column vc_column_container vc_col-sm-3\"><div class=\"vc_column-inner\"><div class=\"wpb_wrapper\">\n\t<div class=\"wpb_text_column wpb_content_element\" >\n\t\t<div class=\"wpb_wrapper\">\n\t\t\t<h5 style=\"text-align: center;\"><span style=\"font-weight: 400;\"><img loading=\"lazy\" class=\"aligncenter wp-image-10302 size-full\" src=\"https:\/\/www.tecnocal.com\/wp-content\/uploads\/2020\/12\/Presi\u00f3n-e1607616100778.png\" alt=\"\" width=\"55\" height=\"55\" \/>Pressure<br \/>\n<span style=\"color: #ffffff;\">&#8211;<\/span><\/span><\/h5>\n\n\t\t<\/div>\n\t<\/div>\n<\/div><\/div><\/div><div class=\"wpb_column vc_column_container vc_col-sm-3\"><div class=\"vc_column-inner\"><div class=\"wpb_wrapper\">\n\t<div class=\"wpb_text_column wpb_content_element\" >\n\t\t<div class=\"wpb_wrapper\">\n\t\t\t<h5 style=\"text-align: center;\"><span style=\"font-weight: 400;\"><img loading=\"lazy\" class=\"aligncenter wp-image-10301\" src=\"https:\/\/www.tecnocal.com\/wp-content\/uploads\/2020\/12\/Conectraci\u00f3n-O2-300x300.png\" alt=\"\" width=\"55\" height=\"55\" srcset=\"https:\/\/tecnocal.com\/wp-content\/uploads\/2020\/12\/Conectraci\u00f3n-O2-300x300.png 300w, https:\/\/tecnocal.com\/wp-content\/uploads\/2020\/12\/Conectraci\u00f3n-O2-150x150.png 150w, https:\/\/tecnocal.com\/wp-content\/uploads\/2020\/12\/Conectraci\u00f3n-O2-12x12.png 12w, https:\/\/tecnocal.com\/wp-content\/uploads\/2020\/12\/Conectraci\u00f3n-O2-60x60.png 60w, https:\/\/tecnocal.com\/wp-content\/uploads\/2020\/12\/Conectraci\u00f3n-O2.png 476w\" sizes=\"(max-width: 55px) 100vw, 55px\" \/>CO\u00b2<br \/>\n<span style=\"color: #ffffff;\">&#8211;<\/span><\/span><\/h5>\n\n\t\t<\/div>\n\t<\/div>\n<\/div><\/div><\/div><\/div><\/div><\/div><div class=\"wpb_column vc_column_container vc_col-sm-12\"><div class=\"vc_column-inner vc_custom_1610987479218\"><div class=\"wpb_wrapper\">\n\t<div class=\"wpb_text_column wpb_content_element  vc_custom_1610986867469\" >\n\t\t<div class=\"wpb_wrapper\">\n\t\t\t<h3 style=\"text-align: center;\"><b><i>Monitor the health and safety of your workers. Offers greater security, greater productivity.<\/i><\/b><\/h3>\n\n\t\t<\/div>\n\t<\/div>\n<\/div><\/div><\/div><\/div><\/div><\/section><section class=\"vc_row wpb_row vc_row-fluid bg-light pb0 not-equal not-color\"><div class=\"container\"><div class=\"row\"><div class=\"wpb_column vc_column_container vc_col-sm-12 vc_col-has-fill\"><div class=\"vc_column-inner vc_custom_1488341145859\"><div class=\"wpb_wrapper\"><div class=\"display-table action-box\"><div class=\"display-cell display-none-sm display-icon\"><i  class=\"fade-color ms-text ti-arrow-circle-right icon\"><\/i><\/div>\n\t\t\t\t\t<div class=\"display-cell text-center-sm\">\n\t\t\t\t\t\t<h2  class=\"maintitle\">Are you interested in our solution?<\/h2>\n\t\t\t\t\t\t<p  class=\"mb0\">Send a message &amp; we will coordinate a meeting to help you find your solution<\/p>\n\t\t\t\t\t<\/div>\n\t\t\t\t\t<div class=\"display-cell text-center-sm text-right\"><a  id=\"btn-69d55f7e9f47a\" class=\"btn btn-filled btn-rounded  btn-sm-sm text-center mr-0 mb0 mt-xs-24\" href= \"mailto:contacto@tecnocal.com?subject=Keisoku\" target=' _blank' >I'm Interested<\/a><\/div>\n\t\t\t\t<\/div><\/div><\/div><\/div><\/div><\/div><\/section><section class=\"vc_row wpb_row vc_row-fluid bg-light not-equal not-color\"><div class=\"container\"><div class=\"row\"><div class=\"wpb_column vc_column_container vc_col-sm-12\"><div class=\"vc_column-inner\"><div class=\"wpb_wrapper\"><div class=\"text-left\"><a  id=\"btn-69d55f7e9f6e8\" class=\"btn btn-rounded btn-sm ti-arrow-left hvr-grow btn-sm-sm\" href= \"https:\/\/tecnocal.com\/en\/soluciones\/\" target=\"_self\" >Back<\/a><\/div><\/div><\/div><\/div><\/div><\/div><\/section>","protected":false},"excerpt":{"rendered":"KeisokuSoluci\u00f3n IoT para el monitoreo remoto de la salud y seguridad ocupacional Soluci\u00f3n IoT para monitoreo y predicci\u00f3n del estado de salud, bienestar y seguridad ocupacional mide a trav\u00e9s de un wearable par\u00e1metros fisiol\u00f3gicos y conductuales de cada trabajador para determinar el nivel de fatiga, somnolencia y otras condiciones que comprometan el ejercicio seguro de...","protected":false},"author":1,"featured_media":10702,"parent":0,"menu_order":0,"comment_status":"closed","ping_status":"closed","template":"","meta":{"_monsterinsights_skip_tracking":false,"_monsterinsights_sitenote_active":false,"_monsterinsights_sitenote_note":"","_monsterinsights_sitenote_category":0},"_links":{"self":[{"href":"https:\/\/tecnocal.com\/en\/wp-json\/wp\/v2\/pages\/10148"}],"collection":[{"href":"https:\/\/tecnocal.com\/en\/wp-json\/wp\/v2\/pages"}],"about":[{"href":"https:\/\/tecnocal.com\/en\/wp-json\/wp\/v2\/types\/page"}],"author":[{"embeddable":true,"href":"https:\/\/tecnocal.com\/en\/wp-json\/wp\/v2\/users\/1"}],"replies":[{"embeddable":true,"href":"https:\/\/tecnocal.com\/en\/wp-json\/wp\/v2\/comments?post=10148"}],"version-history":[{"count":149,"href":"https:\/\/tecnocal.com\/en\/wp-json\/wp\/v2\/pages\/10148\/revisions"}],"predecessor-version":[{"id":12490,"href":"https:\/\/tecnocal.com\/en\/wp-json\/wp\/v2\/pages\/10148\/revisions\/12490"}],"wp:featuredmedia":[{"embeddable":true,"href":"https:\/\/tecnocal.com\/en\/wp-json\/wp\/v2\/media\/10702"}],"wp:attachment":[{"href":"https:\/\/tecnocal.com\/en\/wp-json\/wp\/v2\/media?parent=10148"}],"curies":[{"name":"wp","href":"https:\/\/api.w.org\/{rel}","templated":true}]}}