{"id":10131,"date":"2020-12-07T16:29:55","date_gmt":"2020-12-07T19:29:55","guid":{"rendered":"http:\/\/www.tecnocal.com\/?page_id=10131"},"modified":"2021-01-18T15:18:13","modified_gmt":"2021-01-18T18:18:13","slug":"dovera","status":"publish","type":"page","link":"https:\/\/tecnocal.com\/en\/dovera\/","title":{"rendered":"Logistics"},"content":{"rendered":"<section class=\"vc_row wpb_row vc_row-fluid bg-secondary pt0 pb0 not-equal not-color vc_custom_1610974720500\"><div class=\"container\"><div class=\"row\"><div class=\"wpb_column vc_column_container vc_col-sm-12\"><div class=\"vc_column-inner\"><div class=\"wpb_wrapper\"><div class=\"headings-title\"><div class=\"mb0 mb-xs-40 text-left\"><h5  class=\"widgettitle mb0\">Dovera<\/h5><div  class=\"widgetsubtitle\">Comprehensive IoT solution for logistics<\/div><div class=\"divider-wrap\"><div class=\"tlg-divider\" style=\"\"><\/div><\/div><\/div><\/div><\/div><\/div><\/div><\/div><\/div><\/section><section class=\"vc_row wpb_row vc_row-fluid bg-secondary pt0 pb0 not-equal not-color vc_custom_1608071058239\"><div class=\"container\"><div class=\"row\"><div class=\"wpb_column vc_column_container vc_col-sm-6\"><div class=\"vc_column-inner\"><div class=\"wpb_wrapper\">\n\t<div  class=\"wpb_single_image wpb_content_element vc_align_left\">\n\t\t\n\t\t<figure class=\"wpb_wrapper vc_figure\">\n\t\t\t<div class=\"vc_single_image-wrapper vc_box_shadow_border  vc_box_border_grey\"><img width=\"585\" height=\"764\" src=\"https:\/\/tecnocal.com\/wp-content\/uploads\/2020\/12\/portal_infrarrojo.jpg\" class=\"vc_single_image-img attachment-large\" alt=\"\" loading=\"lazy\" srcset=\"https:\/\/tecnocal.com\/wp-content\/uploads\/2020\/12\/portal_infrarrojo.jpg 585w, https:\/\/tecnocal.com\/wp-content\/uploads\/2020\/12\/portal_infrarrojo-230x300.jpg 230w, https:\/\/tecnocal.com\/wp-content\/uploads\/2020\/12\/portal_infrarrojo-9x12.jpg 9w\" sizes=\"(max-width: 585px) 100vw, 585px\" \/><\/div>\n\t\t<\/figure>\n\t<\/div>\n<\/div><\/div><\/div><div class=\"wpb_column vc_column_container vc_col-sm-6\"><div class=\"vc_column-inner vc_custom_1607460493653\"><div class=\"wpb_wrapper\">\n\t<div class=\"wpb_text_column wpb_content_element  vc_custom_1607460502856\" >\n\t\t<div class=\"wpb_wrapper\">\n\t\t\t<p><span style=\"font-weight: 400;\">A <\/span><b>comprehensive solution for business intelligence<\/b><span style=\"font-weight: 400;\">allows the evaluation of demand in real-time for package entry\/exit, volume\/weight, and identification. Each measured package is then traceable with origin and destination information, providing for early identification of bottlenecks and differences between packaging and data in the system.<\/span><\/p>\n\n\t\t<\/div>\n\t<\/div>\n\n\t<div class=\"wpb_text_column wpb_content_element  vc_custom_1609891924755\" >\n\t\t<div class=\"wpb_wrapper\">\n\t\t\t<p><b><img loading=\"lazy\" class=\"alignleft wp-image-11488\" src=\"https:\/\/www.tecnocal.com\/wp-content\/uploads\/2021\/01\/Icono-Dimension-284x300.png\" alt=\"\" width=\"60\" height=\"63\" srcset=\"https:\/\/tecnocal.com\/wp-content\/uploads\/2021\/01\/Icono-Dimension-284x300.png 284w, https:\/\/tecnocal.com\/wp-content\/uploads\/2021\/01\/Icono-Dimension-768x812.png 768w, https:\/\/tecnocal.com\/wp-content\/uploads\/2021\/01\/Icono-Dimension-11x12.png 11w, https:\/\/tecnocal.com\/wp-content\/uploads\/2021\/01\/Icono-Dimension.png 900w\" sizes=\"(max-width: 60px) 100vw, 60px\" \/>Measure and weigh<\/b><span style=\"font-weight: 400;\"> packages accurately and efficiently, supporting billing with proof of measurement and images for your customers.<\/span><span style=\"font-weight: 400;\"><br \/>\n<\/span><\/p>\n<p>&nbsp;<\/p>\n<p><b><img loading=\"lazy\" class=\"alignleft wp-image-11489\" src=\"https:\/\/www.tecnocal.com\/wp-content\/uploads\/2021\/01\/Icono-TRazabilidad-o-Conexion-300x257.png\" alt=\"\" width=\"60\" height=\"51\" srcset=\"https:\/\/tecnocal.com\/wp-content\/uploads\/2021\/01\/Icono-TRazabilidad-o-Conexion-300x257.png 300w, https:\/\/tecnocal.com\/wp-content\/uploads\/2021\/01\/Icono-TRazabilidad-o-Conexion-1024x878.png 1024w, https:\/\/tecnocal.com\/wp-content\/uploads\/2021\/01\/Icono-TRazabilidad-o-Conexion-768x659.png 768w, https:\/\/tecnocal.com\/wp-content\/uploads\/2021\/01\/Icono-TRazabilidad-o-Conexion-14x12.png 14w, https:\/\/tecnocal.com\/wp-content\/uploads\/2021\/01\/Icono-TRazabilidad-o-Conexion.png 1131w\" sizes=\"(max-width: 60px) 100vw, 60px\" \/>Implement cost-effective traceability <\/b><span style=\"font-weight: 400;\">quickly through barcode \/ QR or RFID sensors in the portal, as well as other accesses like warehouse or distribution centers.<\/span><span style=\"font-weight: 400;\"><br \/>\n<\/span><\/p>\n<p>&nbsp;<\/p>\n<p><b><img loading=\"lazy\" class=\"alignleft wp-image-11490\" src=\"https:\/\/www.tecnocal.com\/wp-content\/uploads\/2021\/01\/Icono-BI-300x245.png\" alt=\"\" width=\"60\" height=\"49\" srcset=\"https:\/\/tecnocal.com\/wp-content\/uploads\/2021\/01\/Icono-BI-300x245.png 300w, https:\/\/tecnocal.com\/wp-content\/uploads\/2021\/01\/Icono-BI-1024x835.png 1024w, https:\/\/tecnocal.com\/wp-content\/uploads\/2021\/01\/Icono-BI-768x626.png 768w, https:\/\/tecnocal.com\/wp-content\/uploads\/2021\/01\/Icono-BI-16x12.png 16w, https:\/\/tecnocal.com\/wp-content\/uploads\/2021\/01\/Icono-BI.png 1142w\" sizes=\"(max-width: 60px) 100vw, 60px\" \/>Amplify Business Intelligence (BI)<\/b><span style=\"font-weight: 400;\"> to infer and improve decision making through a dashboard and the possibility of Artificial Intelligence integrations.<\/span><\/p>\n\n\t\t<\/div>\n\t<\/div>\n<\/div><\/div><\/div><\/div><\/div><\/section><section class=\"vc_row wpb_row vc_row-fluid bg-secondary not-equal not-color\"><div class=\"container\"><div class=\"row\"><div class=\"wpb_column vc_column_container vc_col-sm-1\/5\"><div class=\"vc_column-inner\"><div class=\"wpb_wrapper\">\n\t<div class=\"wpb_text_column wpb_content_element\" >\n\t\t<div class=\"wpb_wrapper\">\n\t\t\t<h5 style=\"text-align: center;\"><span style=\"font-weight: 400;\"><img loading=\"lazy\" class=\"aligncenter wp-image-10477\" src=\"http:\/\/www.tecnocal.com\/wp-content\/uploads\/2020\/12\/Pesa-1.png\" alt=\"\" width=\"55\" height=\"56\" srcset=\"https:\/\/tecnocal.com\/wp-content\/uploads\/2020\/12\/Pesa-1.png 91w, https:\/\/tecnocal.com\/wp-content\/uploads\/2020\/12\/Pesa-1-12x12.png 12w, https:\/\/tecnocal.com\/wp-content\/uploads\/2020\/12\/Pesa-1-60x60.png 60w\" sizes=\"(max-width: 55px) 100vw, 55px\" \/>Weight<br \/>\n<span style=\"color: #ededed;\">&#8211;<\/span><\/span><\/h5>\n\n\t\t<\/div>\n\t<\/div>\n<\/div><\/div><\/div><div class=\"wpb_column vc_column_container vc_col-sm-1\/5\"><div class=\"vc_column-inner\"><div class=\"wpb_wrapper\">\n\t<div class=\"wpb_text_column wpb_content_element\" >\n\t\t<div class=\"wpb_wrapper\">\n\t\t\t<h5 style=\"text-align: center;\"><span style=\"font-weight: 400;\"><img loading=\"lazy\" class=\"aligncenter wp-image-10479\" src=\"http:\/\/www.tecnocal.com\/wp-content\/uploads\/2020\/12\/Medicion.png\" alt=\"\" width=\"55\" height=\"56\" srcset=\"https:\/\/tecnocal.com\/wp-content\/uploads\/2020\/12\/Medicion.png 89w, https:\/\/tecnocal.com\/wp-content\/uploads\/2020\/12\/Medicion-12x12.png 12w, https:\/\/tecnocal.com\/wp-content\/uploads\/2020\/12\/Medicion-60x60.png 60w\" sizes=\"(max-width: 55px) 100vw, 55px\" \/>Infrared<br \/>\nMeasurement<\/span><\/h5>\n\n\t\t<\/div>\n\t<\/div>\n<\/div><\/div><\/div><div class=\"wpb_column vc_column_container vc_col-sm-1\/5\"><div class=\"vc_column-inner\"><div class=\"wpb_wrapper\">\n\t<div class=\"wpb_text_column wpb_content_element\" >\n\t\t<div class=\"wpb_wrapper\">\n\t\t\t<h5 style=\"text-align: center;\"><span style=\"font-weight: 400;\"><img loading=\"lazy\" class=\"aligncenter wp-image-10480\" src=\"http:\/\/www.tecnocal.com\/wp-content\/uploads\/2020\/12\/Lector-RFID-1.png\" alt=\"\" width=\"55\" height=\"56\" srcset=\"https:\/\/tecnocal.com\/wp-content\/uploads\/2020\/12\/Lector-RFID-1.png 90w, https:\/\/tecnocal.com\/wp-content\/uploads\/2020\/12\/Lector-RFID-1-12x12.png 12w, https:\/\/tecnocal.com\/wp-content\/uploads\/2020\/12\/Lector-RFID-1-60x60.png 60w\" sizes=\"(max-width: 55px) 100vw, 55px\" \/>RFID<br \/>\n<\/span><span style=\"font-weight: 400;\">Reader<\/span><\/h5>\n<p>&nbsp;<\/p>\n<h6><span style=\"font-weight: 400;\">\u00a0<\/span><\/h6>\n\n\t\t<\/div>\n\t<\/div>\n<\/div><\/div><\/div><div class=\"wpb_column vc_column_container vc_col-sm-1\/5\"><div class=\"vc_column-inner\"><div class=\"wpb_wrapper\">\n\t<div class=\"wpb_text_column wpb_content_element\" >\n\t\t<div class=\"wpb_wrapper\">\n\t\t\t<h5 style=\"text-align: center;\"><span style=\"font-weight: 400;\"><img loading=\"lazy\" class=\"aligncenter wp-image-10485\" src=\"http:\/\/www.tecnocal.com\/wp-content\/uploads\/2020\/12\/Lector-Barcode.png\" alt=\"\" width=\"55\" height=\"55\" srcset=\"https:\/\/tecnocal.com\/wp-content\/uploads\/2020\/12\/Lector-Barcode.png 91w, https:\/\/tecnocal.com\/wp-content\/uploads\/2020\/12\/Lector-Barcode-12x12.png 12w, https:\/\/tecnocal.com\/wp-content\/uploads\/2020\/12\/Lector-Barcode-60x60.png 60w\" sizes=\"(max-width: 55px) 100vw, 55px\" \/>RFID<br \/>\n<\/span><span style=\"font-weight: 400;\">&amp; Barcode\/QR<\/span><\/h5>\n<p>&nbsp;<\/p>\n<h6><span style=\"font-weight: 400;\">\u00a0<\/span><\/h6>\n\n\t\t<\/div>\n\t<\/div>\n<\/div><\/div><\/div><div class=\"wpb_column vc_column_container vc_col-sm-1\/5\"><div class=\"vc_column-inner\"><div class=\"wpb_wrapper\">\n\t<div class=\"wpb_text_column wpb_content_element\" >\n\t\t<div class=\"wpb_wrapper\">\n\t\t\t<h5 style=\"text-align: center;\"><span style=\"font-weight: 400;\"><img loading=\"lazy\" class=\"aligncenter wp-image-10483\" src=\"http:\/\/www.tecnocal.com\/wp-content\/uploads\/2020\/12\/captura-foto.png\" alt=\"\" width=\"55\" height=\"56\" srcset=\"https:\/\/tecnocal.com\/wp-content\/uploads\/2020\/12\/captura-foto.png 90w, https:\/\/tecnocal.com\/wp-content\/uploads\/2020\/12\/captura-foto-12x12.png 12w, https:\/\/tecnocal.com\/wp-content\/uploads\/2020\/12\/captura-foto-60x60.png 60w\" sizes=\"(max-width: 55px) 100vw, 55px\" \/>Captures<br \/>\nPhotos<br \/>\n<\/span><\/h5>\n<p>&nbsp;<\/p>\n<h6><span style=\"font-weight: 400;\">\u00a0<\/span><\/h6>\n\n\t\t<\/div>\n\t<\/div>\n<\/div><\/div><\/div><div class=\"wpb_column vc_column_container vc_col-sm-12\"><div class=\"vc_column-inner\"><div class=\"wpb_wrapper\">\n\t<div class=\"wpb_text_column wpb_content_element  vc_custom_1610986582201\" >\n\t\t<div class=\"wpb_wrapper\">\n\t\t\t<h3 style=\"text-align: center;\"><b><i>A complete measurement and traceability solution, with fast and economical implementation.<\/i><\/b><\/h3>\n\n\t\t<\/div>\n\t<\/div>\n<\/div><\/div><\/div><\/div><\/div><\/section><section class=\"vc_row wpb_row vc_row-fluid bg-light pb0 not-equal not-color\"><div class=\"container\"><div class=\"row\"><div class=\"wpb_column vc_column_container vc_col-sm-12 vc_col-has-fill\"><div class=\"vc_column-inner vc_custom_1488341145859\"><div class=\"wpb_wrapper\"><div class=\"display-table action-box\"><div class=\"display-cell display-none-sm display-icon\"><i  class=\"fade-color ms-text ti-arrow-circle-right icon\"><\/i><\/div>\n\t\t\t\t\t<div class=\"display-cell text-center-sm\">\n\t\t\t\t\t\t<h2  class=\"maintitle\">Are you interested in our solution?<\/h2>\n\t\t\t\t\t\t<p  class=\"mb0\">Send a message &amp; we will coordinate a meeting to help you find your solution<\/p>\n\t\t\t\t\t<\/div>\n\t\t\t\t\t<div class=\"display-cell text-center-sm text-right\"><a  id=\"btn-69d769a97c181\" class=\"btn btn-filled btn-rounded  btn-sm-sm text-center mr-0 mb0 mt-xs-24\" href= \"mailto:contacto@tecnocal.com?subject=Dovera%20\" target=\"_self\" >I'm Interested<\/a><\/div>\n\t\t\t\t<\/div><\/div><\/div><\/div><\/div><\/div><\/section><section class=\"vc_row wpb_row vc_row-fluid bg-light not-equal not-color\"><div class=\"container\"><div class=\"row\"><div class=\"wpb_column vc_column_container vc_col-sm-12\"><div class=\"vc_column-inner\"><div class=\"wpb_wrapper\"><div class=\"text-left\"><a  id=\"btn-69d769a97c2e2\" class=\"btn btn-rounded btn-sm ti-arrow-left hvr-grow btn-sm-sm\" href= \"https:\/\/tecnocal.com\/en\/soluciones\/\" target=\"_self\" >Back<\/a><\/div><\/div><\/div><\/div><\/div><\/div><\/section>","protected":false},"excerpt":{"rendered":"DoveraSoluci\u00f3n IoT integral para el sector log\u00edstica Soluci\u00f3n integral para la inteligencia de negocios en la log\u00edstica, que permite la evaluaci\u00f3n de la demanda en tiempo real as\u00ed como tambi\u00e9n de los movimientos de entrada\/salida, volumen\/peso e identificaci\u00f3n de los paquetes, haciendo rastreable cada empaque medido con informaci\u00f3n de or\u00edgenes-destino, identificaci\u00f3n anticipada de cuellos de...","protected":false},"author":1,"featured_media":11803,"parent":0,"menu_order":0,"comment_status":"closed","ping_status":"closed","template":"","meta":{"_monsterinsights_skip_tracking":false,"_monsterinsights_sitenote_active":false,"_monsterinsights_sitenote_note":"","_monsterinsights_sitenote_category":0},"_links":{"self":[{"href":"https:\/\/tecnocal.com\/en\/wp-json\/wp\/v2\/pages\/10131"}],"collection":[{"href":"https:\/\/tecnocal.com\/en\/wp-json\/wp\/v2\/pages"}],"about":[{"href":"https:\/\/tecnocal.com\/en\/wp-json\/wp\/v2\/types\/page"}],"author":[{"embeddable":true,"href":"https:\/\/tecnocal.com\/en\/wp-json\/wp\/v2\/users\/1"}],"replies":[{"embeddable":true,"href":"https:\/\/tecnocal.com\/en\/wp-json\/wp\/v2\/comments?post=10131"}],"version-history":[{"count":38,"href":"https:\/\/tecnocal.com\/en\/wp-json\/wp\/v2\/pages\/10131\/revisions"}],"predecessor-version":[{"id":12499,"href":"https:\/\/tecnocal.com\/en\/wp-json\/wp\/v2\/pages\/10131\/revisions\/12499"}],"wp:featuredmedia":[{"embeddable":true,"href":"https:\/\/tecnocal.com\/en\/wp-json\/wp\/v2\/media\/11803"}],"wp:attachment":[{"href":"https:\/\/tecnocal.com\/en\/wp-json\/wp\/v2\/media?parent=10131"}],"curies":[{"name":"wp","href":"https:\/\/api.w.org\/{rel}","templated":true}]}}